{"id":12681,"date":"2025-08-13T08:25:50","date_gmt":"2025-08-13T06:25:50","guid":{"rendered":"https:\/\/hamma-uwt.de\/produkt\/panou-de-ventilatie-cu-acoperire-speciala\/"},"modified":"2025-08-13T08:25:50","modified_gmt":"2025-08-13T06:25:50","slug":"panou-de-ventilatie-cu-acoperire-speciala","status":"publish","type":"product","link":"https:\/\/hamma-uwt.de\/ro\/produkt\/panou-de-ventilatie-cu-acoperire-speciala\/","title":{"rendered":"Panou de ventila\u021bie cu acoperire special\u0103"},"content":{"rendered":"<p>Acoperire special\u0103 pentru o rezisten\u021b\u0103 chimic\u0103 sporit\u0103.<\/p>\n","protected":false},"excerpt":{"rendered":"<p>rotund, \u00d8 132 mm<\/p>\n","protected":false},"featured_media":3442,"comment_status":"closed","ping_status":"closed","template":"","meta":{"_acf_changed":false},"product_brand":[],"product_cat":[1317],"product_tag":[],"class_list":{"0":"post-12681","1":"product","2":"type-product","3":"status-publish","4":"has-post-thumbnail","6":"product_cat-accesorii-micro","8":"first","9":"instock","10":"shipping-taxable","11":"purchasable","12":"product-type-simple"},"acf":[],"_links":{"self":[{"href":"https:\/\/hamma-uwt.de\/ro\/wp-json\/wp\/v2\/product\/12681","targetHints":{"allow":["GET"]}}],"collection":[{"href":"https:\/\/hamma-uwt.de\/ro\/wp-json\/wp\/v2\/product"}],"about":[{"href":"https:\/\/hamma-uwt.de\/ro\/wp-json\/wp\/v2\/types\/product"}],"replies":[{"embeddable":true,"href":"https:\/\/hamma-uwt.de\/ro\/wp-json\/wp\/v2\/comments?post=12681"}],"wp:featuredmedia":[{"embeddable":true,"href":"https:\/\/hamma-uwt.de\/ro\/wp-json\/wp\/v2\/media\/3442"}],"wp:attachment":[{"href":"https:\/\/hamma-uwt.de\/ro\/wp-json\/wp\/v2\/media?parent=12681"}],"wp:term":[{"taxonomy":"product_brand","embeddable":true,"href":"https:\/\/hamma-uwt.de\/ro\/wp-json\/wp\/v2\/product_brand?post=12681"},{"taxonomy":"product_cat","embeddable":true,"href":"https:\/\/hamma-uwt.de\/ro\/wp-json\/wp\/v2\/product_cat?post=12681"},{"taxonomy":"product_tag","embeddable":true,"href":"https:\/\/hamma-uwt.de\/ro\/wp-json\/wp\/v2\/product_tag?post=12681"}],"curies":[{"name":"wp","href":"https:\/\/api.w.org\/{rel}","templated":true}]}}