{"id":13111,"date":"2025-08-12T14:27:09","date_gmt":"2025-08-12T12:27:09","guid":{"rendered":"https:\/\/hamma-uwt.de\/produkt\/consola-de-ingrijire-compacta-plus\/"},"modified":"2026-03-16T15:57:08","modified_gmt":"2026-03-16T14:57:08","slug":"consola-de-ingrijire-compacta-plus","status":"publish","type":"product","link":"https:\/\/hamma-uwt.de\/ro\/produkt\/consola-de-ingrijire-compacta-plus\/","title":{"rendered":"Consol\u0103 de \u00eengrijire compact\u0103 plus"},"content":{"rendered":"<p>Consola de \u00eengrijire Biobalance combin\u0103 dispozitivele \u0219i avantajele MIKRO, RAPID \u0219i RUBI. Datorit\u0103 designului s\u0103u func\u021bional, consola de \u00eengrijire poate fi ata\u0219at\u0103 la aparat rapid \u0219i u\u0219or. Pl\u0103cile adaptoare fac instalarea \u0219i mai u\u0219oar\u0103.  <\/p>\n","protected":false},"excerpt":{"rendered":"<p>incl. RAPID 2.1, RUBI \u0219i MIKRO 300<\/p>\n","protected":false},"featured_media":7204,"comment_status":"closed","ping_status":"closed","template":"","meta":{"_acf_changed":false},"product_brand":[],"product_cat":[1460],"product_tag":[],"class_list":{"0":"post-13111","1":"product","2":"type-product","3":"status-publish","4":"has-post-thumbnail","6":"product_cat-bioechilibru","8":"first","9":"instock","10":"shipping-taxable","11":"purchasable","12":"product-type-simple"},"acf":[],"_links":{"self":[{"href":"https:\/\/hamma-uwt.de\/ro\/wp-json\/wp\/v2\/product\/13111","targetHints":{"allow":["GET"]}}],"collection":[{"href":"https:\/\/hamma-uwt.de\/ro\/wp-json\/wp\/v2\/product"}],"about":[{"href":"https:\/\/hamma-uwt.de\/ro\/wp-json\/wp\/v2\/types\/product"}],"replies":[{"embeddable":true,"href":"https:\/\/hamma-uwt.de\/ro\/wp-json\/wp\/v2\/comments?post=13111"}],"wp:featuredmedia":[{"embeddable":true,"href":"https:\/\/hamma-uwt.de\/ro\/wp-json\/wp\/v2\/media\/7204"}],"wp:attachment":[{"href":"https:\/\/hamma-uwt.de\/ro\/wp-json\/wp\/v2\/media?parent=13111"}],"wp:term":[{"taxonomy":"product_brand","embeddable":true,"href":"https:\/\/hamma-uwt.de\/ro\/wp-json\/wp\/v2\/product_brand?post=13111"},{"taxonomy":"product_cat","embeddable":true,"href":"https:\/\/hamma-uwt.de\/ro\/wp-json\/wp\/v2\/product_cat?post=13111"},{"taxonomy":"product_tag","embeddable":true,"href":"https:\/\/hamma-uwt.de\/ro\/wp-json\/wp\/v2\/product_tag?post=13111"}],"curies":[{"name":"wp","href":"https:\/\/api.w.org\/{rel}","templated":true}]}}