{"id":13151,"date":"2025-07-14T12:06:44","date_gmt":"2025-07-14T10:06:44","guid":{"rendered":"https:\/\/hamma-uwt.de\/produkt\/refractometru-manual-analogic\/"},"modified":"2025-07-14T12:06:44","modified_gmt":"2025-07-14T10:06:44","slug":"refractometru-manual-analogic","status":"publish","type":"product","link":"https:\/\/hamma-uwt.de\/ro\/produkt\/refractometru-manual-analogic\/","title":{"rendered":"Refractometru manual analogic"},"content":{"rendered":"<div class=\"n module-type-text diyfeLiveArea \">\n<p>Cu refractometrul analogic, pute\u021bi verifica u\u0219or \u0219i convenabil concentra\u021bia lubrifiantului de r\u0103cire. Refractometrul are egalizare automat\u0103 a temperaturii, ceea ce asigur\u0103 o m\u0103surare rapid\u0103 \u0219i fiabil\u0103. Pute\u021bi utiliza refractometrul pentru a m\u0103sura un interval procentual de 0,0 - 18,0 %.  <\/p>\n<p>Avantajele dumneavoastr\u0103:<\/p>\n<ul>\n<li>Cu iluminare integrat\u0103 (LED)<\/li>\n<li>U\u0219or de utilizat<\/li>\n<li>Egalizarea automat\u0103 a temperaturii<\/li>\n<li>Scalare optimizat\u0103 pentru m\u0103surarea lubrifiantului de r\u0103cire (0 - 18)<\/li>\n<\/ul>\n<\/div>\n<p>&nbsp;<\/p>\n<p>Design u\u0219or datorit\u0103 noii tehnologii a prismelor<\/p>\n","protected":false},"excerpt":{"rendered":"<p>0 - 18 % (increment = 0,1 %)<\/p>\n","protected":false},"featured_media":2479,"comment_status":"closed","ping_status":"closed","template":"","meta":{"_acf_changed":false},"product_brand":[],"product_cat":[675],"product_tag":[],"class_list":{"0":"post-13151","1":"product","2":"type-product","3":"status-publish","4":"has-post-thumbnail","6":"product_cat-accesorii-pentru-cazurile-de-testare","8":"first","9":"instock","10":"purchasable","11":"product-type-simple"},"acf":[],"_links":{"self":[{"href":"https:\/\/hamma-uwt.de\/ro\/wp-json\/wp\/v2\/product\/13151","targetHints":{"allow":["GET"]}}],"collection":[{"href":"https:\/\/hamma-uwt.de\/ro\/wp-json\/wp\/v2\/product"}],"about":[{"href":"https:\/\/hamma-uwt.de\/ro\/wp-json\/wp\/v2\/types\/product"}],"replies":[{"embeddable":true,"href":"https:\/\/hamma-uwt.de\/ro\/wp-json\/wp\/v2\/comments?post=13151"}],"wp:featuredmedia":[{"embeddable":true,"href":"https:\/\/hamma-uwt.de\/ro\/wp-json\/wp\/v2\/media\/2479"}],"wp:attachment":[{"href":"https:\/\/hamma-uwt.de\/ro\/wp-json\/wp\/v2\/media?parent=13151"}],"wp:term":[{"taxonomy":"product_brand","embeddable":true,"href":"https:\/\/hamma-uwt.de\/ro\/wp-json\/wp\/v2\/product_brand?post=13151"},{"taxonomy":"product_cat","embeddable":true,"href":"https:\/\/hamma-uwt.de\/ro\/wp-json\/wp\/v2\/product_cat?post=13151"},{"taxonomy":"product_tag","embeddable":true,"href":"https:\/\/hamma-uwt.de\/ro\/wp-json\/wp\/v2\/product_tag?post=13151"}],"curies":[{"name":"wp","href":"https:\/\/api.w.org\/{rel}","templated":true}]}}