{"id":13161,"date":"2025-07-14T12:06:44","date_gmt":"2025-07-14T10:06:44","guid":{"rendered":"https:\/\/hamma-uwt.de\/produkt\/baterie\/"},"modified":"2025-07-14T12:06:44","modified_gmt":"2025-07-14T10:06:44","slug":"baterie","status":"publish","type":"product","link":"https:\/\/hamma-uwt.de\/ro\/produkt\/baterie\/","title":{"rendered":"Baterie"},"content":{"rendered":"<p>Bateria re\u00eenc\u0103rcabil\u0103 v\u0103 face Misceo 3 \u0219i mai flexibil.<\/p>\n<p>Performan\u021ba ridicat\u0103 v\u0103 permite s\u0103 utiliza\u021bi Misceo timp de aproximativ 8 ore f\u0103r\u0103 a fi nevoie s\u0103 \u00eel conecta\u021bi la re\u021beaua de alimentare, iar afi\u0219ajul clar v\u0103 informeaz\u0103 \u00een permanen\u021b\u0103 cu privire la nivelul de \u00eenc\u0103rcare al bateriei. Bateria poate fi pornit\u0103 \u0219i oprit\u0103 \u00een orice moment cu ajutorul butonului on\/off \u0219i poate fi montat\u0103 direct pe Misceo sau plasat\u0103 pe tamburul din spatele Misceo. Cu aspectul lor uniform, Misceo \u0219i bateria formeaz\u0103 o unitate puternic\u0103.  <\/p>\n<p>Bateria poate servi, de asemenea, ca un rezervor puternic de energie pentru alte dispozitive de 24 V DC.<\/p>\n","protected":false},"excerpt":{"rendered":"<p>Baterie re\u00eenc\u0103rcabil\u0103 pentru mixerul Misceo<\/p>\n","protected":false},"featured_media":1031,"comment_status":"closed","ping_status":"closed","template":"","meta":{"_acf_changed":false},"product_brand":[],"product_cat":[884],"product_tag":[],"class_list":{"0":"post-13161","1":"product","2":"type-product","3":"status-publish","4":"has-post-thumbnail","6":"product_cat-misceo-mischgeraet","8":"first","9":"instock","10":"purchasable","11":"product-type-simple"},"acf":[],"_links":{"self":[{"href":"https:\/\/hamma-uwt.de\/ro\/wp-json\/wp\/v2\/product\/13161","targetHints":{"allow":["GET"]}}],"collection":[{"href":"https:\/\/hamma-uwt.de\/ro\/wp-json\/wp\/v2\/product"}],"about":[{"href":"https:\/\/hamma-uwt.de\/ro\/wp-json\/wp\/v2\/types\/product"}],"replies":[{"embeddable":true,"href":"https:\/\/hamma-uwt.de\/ro\/wp-json\/wp\/v2\/comments?post=13161"}],"wp:featuredmedia":[{"embeddable":true,"href":"https:\/\/hamma-uwt.de\/ro\/wp-json\/wp\/v2\/media\/1031"}],"wp:attachment":[{"href":"https:\/\/hamma-uwt.de\/ro\/wp-json\/wp\/v2\/media?parent=13161"}],"wp:term":[{"taxonomy":"product_brand","embeddable":true,"href":"https:\/\/hamma-uwt.de\/ro\/wp-json\/wp\/v2\/product_brand?post=13161"},{"taxonomy":"product_cat","embeddable":true,"href":"https:\/\/hamma-uwt.de\/ro\/wp-json\/wp\/v2\/product_cat?post=13161"},{"taxonomy":"product_tag","embeddable":true,"href":"https:\/\/hamma-uwt.de\/ro\/wp-json\/wp\/v2\/product_tag?post=13161"}],"curies":[{"name":"wp","href":"https:\/\/api.w.org\/{rel}","templated":true}]}}