{"id":13487,"date":"2025-07-14T12:06:44","date_gmt":"2025-07-14T10:06:44","guid":{"rendered":"https:\/\/hamma-uwt.de\/produkt\/set-de-monitorizare-a-nivelului\/"},"modified":"2025-07-14T12:06:44","modified_gmt":"2025-07-14T10:06:44","slug":"set-de-monitorizare-a-nivelului","status":"publish","type":"product","link":"https:\/\/hamma-uwt.de\/ro\/produkt\/set-de-monitorizare-a-nivelului\/","title":{"rendered":"Set de monitorizare a nivelului"},"content":{"rendered":"<p>Monitorul de nivel de umplere F\u00dc-1 este un sistem de monitorizare controlat complet electronic pentru controlul umplerii automate a unui recipient. Sistemul de monitorizare utilizeaz\u0103 senzori pentru a recunoa\u0219te nivelul de umplere al unui recipient \u0219i deschide \u0219i \u00eenchide o supap\u0103 dup\u0103 cum este necesar. Componentele de \u00eenalt\u0103 calitate (de exemplu, oprirea de urgen\u021b\u0103 \u00een conformitate cu WHG) permit o umplere sigur\u0103, fiabil\u0103 \u0219i automat\u0103.  <\/p>\n<p>Datorit\u0103 setului gata de conectare, v\u0103 pute\u021bi umple automat ma\u0219ina rapid, u\u0219or \u0219i fiabil \u00een combina\u021bie cu MISCEO 3.<\/p>\n<p>Avantajele dumneavoastr\u0103:<\/p>\n<ul>\n<li>Ma\u0219in\u0103 automat\u0103 de umplere<\/li>\n<li>Produc\u021bie fiabil\u0103<\/li>\n<li>Solu\u021bie complet\u0103 gata de conectare (instalare simpl\u0103)<\/li>\n<li>Oprire de urgen\u021b\u0103 \u00een conformitate cu WHG<\/li>\n<li>Temperatur\u0103 uniform\u0103 a lubrifiantului de r\u0103cire \/ Concentra\u021bie stabil\u0103 a lubrifiantului de r\u0103cire<\/li>\n<\/ul>\n","protected":false},"excerpt":{"rendered":"<p>Monitor de nivel F\u00dc-1-24D set complet<\/p>\n","protected":false},"featured_media":3786,"comment_status":"closed","ping_status":"closed","template":"","meta":{"_acf_changed":false},"product_brand":[],"product_cat":[1660],"product_tag":[],"class_list":{"0":"post-13487","1":"product","2":"type-product","3":"status-publish","4":"has-post-thumbnail","6":"product_cat-monitorizarea-nivelului-de-umplere","8":"first","9":"instock","10":"purchasable","11":"product-type-simple"},"acf":[],"_links":{"self":[{"href":"https:\/\/hamma-uwt.de\/ro\/wp-json\/wp\/v2\/product\/13487","targetHints":{"allow":["GET"]}}],"collection":[{"href":"https:\/\/hamma-uwt.de\/ro\/wp-json\/wp\/v2\/product"}],"about":[{"href":"https:\/\/hamma-uwt.de\/ro\/wp-json\/wp\/v2\/types\/product"}],"replies":[{"embeddable":true,"href":"https:\/\/hamma-uwt.de\/ro\/wp-json\/wp\/v2\/comments?post=13487"}],"wp:featuredmedia":[{"embeddable":true,"href":"https:\/\/hamma-uwt.de\/ro\/wp-json\/wp\/v2\/media\/3786"}],"wp:attachment":[{"href":"https:\/\/hamma-uwt.de\/ro\/wp-json\/wp\/v2\/media?parent=13487"}],"wp:term":[{"taxonomy":"product_brand","embeddable":true,"href":"https:\/\/hamma-uwt.de\/ro\/wp-json\/wp\/v2\/product_brand?post=13487"},{"taxonomy":"product_cat","embeddable":true,"href":"https:\/\/hamma-uwt.de\/ro\/wp-json\/wp\/v2\/product_cat?post=13487"},{"taxonomy":"product_tag","embeddable":true,"href":"https:\/\/hamma-uwt.de\/ro\/wp-json\/wp\/v2\/product_tag?post=13487"}],"curies":[{"name":"wp","href":"https:\/\/api.w.org\/{rel}","templated":true}]}}