{"id":13537,"date":"2025-08-13T10:10:03","date_gmt":"2025-08-13T08:10:03","guid":{"rendered":"https:\/\/hamma-uwt.de\/produkt\/rapid-1-1-special\/"},"modified":"2025-08-13T10:10:03","modified_gmt":"2025-08-13T08:10:03","slug":"rapid-1-1-special","status":"publish","type":"product","link":"https:\/\/hamma-uwt.de\/ro\/produkt\/rapid-1-1-special\/","title":{"rendered":"RAPID 1.1 Special"},"content":{"rendered":"<p>Skimmerul special pentru curele Rapid 1.1 permite \u00eendep\u0103rtarea rapid\u0103 \u0219i u\u0219oar\u0103 a uleiului rezidual din lubrifiantul de r\u0103cire de pe ma\u0219ini cu o suprafa\u021b\u0103 de p\u00e2n\u0103 la 6 m\u00b2.<\/p>\n<p>Multe alte variante disponibile la cerere.<\/p>\n","protected":false},"excerpt":{"rendered":"<p>pentru medii fierbin\u021bi de p\u00e2n\u0103 la 70 \u00b0C, inclusiv rol\u0103 din o\u021bel inoxidabil, suprafe\u021be de p\u00e2n\u0103 la 6 m\u00b2 (f\u0103r\u0103 curea de skimmer) <\/p>\n","protected":false},"featured_media":4338,"comment_status":"closed","ping_status":"closed","template":"","meta":{"_acf_changed":false},"product_brand":[],"product_cat":[933],"product_tag":[],"class_list":{"0":"post-13537","1":"product","2":"type-product","3":"status-publish","4":"has-post-thumbnail","6":"product_cat-rapid-1-1","8":"first","9":"instock","10":"purchasable","11":"product-type-variable"},"acf":[],"_links":{"self":[{"href":"https:\/\/hamma-uwt.de\/ro\/wp-json\/wp\/v2\/product\/13537","targetHints":{"allow":["GET"]}}],"collection":[{"href":"https:\/\/hamma-uwt.de\/ro\/wp-json\/wp\/v2\/product"}],"about":[{"href":"https:\/\/hamma-uwt.de\/ro\/wp-json\/wp\/v2\/types\/product"}],"replies":[{"embeddable":true,"href":"https:\/\/hamma-uwt.de\/ro\/wp-json\/wp\/v2\/comments?post=13537"}],"wp:featuredmedia":[{"embeddable":true,"href":"https:\/\/hamma-uwt.de\/ro\/wp-json\/wp\/v2\/media\/4338"}],"wp:attachment":[{"href":"https:\/\/hamma-uwt.de\/ro\/wp-json\/wp\/v2\/media?parent=13537"}],"wp:term":[{"taxonomy":"product_brand","embeddable":true,"href":"https:\/\/hamma-uwt.de\/ro\/wp-json\/wp\/v2\/product_brand?post=13537"},{"taxonomy":"product_cat","embeddable":true,"href":"https:\/\/hamma-uwt.de\/ro\/wp-json\/wp\/v2\/product_cat?post=13537"},{"taxonomy":"product_tag","embeddable":true,"href":"https:\/\/hamma-uwt.de\/ro\/wp-json\/wp\/v2\/product_tag?post=13537"}],"curies":[{"name":"wp","href":"https:\/\/api.w.org\/{rel}","templated":true}]}}