{"id":14056,"date":"2025-07-14T12:06:49","date_gmt":"2025-07-14T10:06:49","guid":{"rendered":"https:\/\/hamma-uwt.de\/produkt\/cheie-pentru-butoi\/"},"modified":"2025-07-14T12:06:49","modified_gmt":"2025-07-14T10:06:49","slug":"cheie-pentru-butoi","status":"publish","type":"product","link":"https:\/\/hamma-uwt.de\/ro\/produkt\/cheie-pentru-butoi\/","title":{"rendered":"Cheie pentru butoi"},"content":{"rendered":"<p>Cu cheia pentru tambur, pute\u021bi deschide \u0219i \u00eenchide tamburii \u00een cel mai scurt timp. Dispozitivul integrat de \u00eendep\u0103rtare a sigiliilor \u00eendep\u0103rteaz\u0103 sigiliile tamburului cu u\u0219urin\u021b\u0103 \u0219i \u00een siguran\u021b\u0103. Cheia manual\u0103 pentru butoaie ofer\u0103 o p\u00e2rghie optim\u0103 pentru deschiderea \u00een siguran\u021b\u0103<br \/>\na butoaielor de o\u021bel de 200 de litri. Datorit\u0103 designului s\u0103u optimizat, fabricat din o\u021bel inoxidabil c\u0103lit robust \u0219i<br \/>\n, este foarte durabil \u0219i u\u0219or de utilizat.   <\/p>\n<p>Datorit\u0103 orificiului s\u0103u de fixare bine pozi\u021bionat, cheia pentru butoi este u\u0219or de depozitat.<\/p>\n<p>Avantajele dumneavoastr\u0103<\/p>\n<ul>\n<li>Deschidere u\u0219oar\u0103 datorit\u0103 optimiz\u0103rii<\/li>\n<li>Efectul de levier<\/li>\n<li>Dispozitiv integrat de \u00eendep\u0103rtare a garniturilor<\/li>\n<li>Design din o\u021bel inoxidabil de \u00eenalt\u0103 calitate<\/li>\n<li>Robust \u0219i practic<\/li>\n<li>Design compact<\/li>\n<li>M\u00e2ner ergonomic<\/li>\n<\/ul>\n","protected":false},"excerpt":{"rendered":"<p>Pentru deschiderea butoaielor de 60 litri \u0219i 200 litri<\/p>\n","protected":false},"featured_media":3850,"comment_status":"closed","ping_status":"closed","template":"","meta":{"_acf_changed":false},"product_brand":[],"product_cat":[705,1817,1816],"product_tag":[],"class_list":{"0":"post-14056","1":"product","2":"type-product","3":"status-publish","4":"has-post-thumbnail","6":"product_cat-accesorii-misceo","7":"product_cat-ajutoare-puternice","8":"product_cat-cheia-containerului","10":"first","11":"instock","12":"purchasable","13":"product-type-simple"},"acf":[],"_links":{"self":[{"href":"https:\/\/hamma-uwt.de\/ro\/wp-json\/wp\/v2\/product\/14056","targetHints":{"allow":["GET"]}}],"collection":[{"href":"https:\/\/hamma-uwt.de\/ro\/wp-json\/wp\/v2\/product"}],"about":[{"href":"https:\/\/hamma-uwt.de\/ro\/wp-json\/wp\/v2\/types\/product"}],"replies":[{"embeddable":true,"href":"https:\/\/hamma-uwt.de\/ro\/wp-json\/wp\/v2\/comments?post=14056"}],"wp:featuredmedia":[{"embeddable":true,"href":"https:\/\/hamma-uwt.de\/ro\/wp-json\/wp\/v2\/media\/3850"}],"wp:attachment":[{"href":"https:\/\/hamma-uwt.de\/ro\/wp-json\/wp\/v2\/media?parent=14056"}],"wp:term":[{"taxonomy":"product_brand","embeddable":true,"href":"https:\/\/hamma-uwt.de\/ro\/wp-json\/wp\/v2\/product_brand?post=14056"},{"taxonomy":"product_cat","embeddable":true,"href":"https:\/\/hamma-uwt.de\/ro\/wp-json\/wp\/v2\/product_cat?post=14056"},{"taxonomy":"product_tag","embeddable":true,"href":"https:\/\/hamma-uwt.de\/ro\/wp-json\/wp\/v2\/product_tag?post=14056"}],"curies":[{"name":"wp","href":"https:\/\/api.w.org\/{rel}","templated":true}]}}