{"id":14556,"date":"2025-07-14T12:06:49","date_gmt":"2025-07-14T10:06:49","guid":{"rendered":"https:\/\/hamma-uwt.de\/produkt\/set-retrofit-e-drive-pentru-carucioare-cu-tambur\/"},"modified":"2025-07-14T12:06:49","modified_gmt":"2025-07-14T10:06:49","slug":"set-retrofit-e-drive-pentru-carucioare-cu-tambur","status":"publish","type":"product","link":"https:\/\/hamma-uwt.de\/ro\/produkt\/set-retrofit-e-drive-pentru-carucioare-cu-tambur\/","title":{"rendered":"Set retrofit E-Drive pentru c\u0103rucioare cu tambur"},"content":{"rendered":"<p>Kitul de modernizare con\u021bine toate piesele necesare pentru modernizarea c\u0103ruciorului cu tambur HAMMA cu E-Drive.<br \/>\nV\u0103 rug\u0103m s\u0103 specifica\u021bi datele de produs ale c\u0103ruciorului cu tambur atunci c\u00e2nd face\u021bi o cerere, a se vedea autocolantul produsului.<\/p>\n","protected":false},"excerpt":{"rendered":"<p>pentru c\u0103rucioare cu tambur<\/p>\n","protected":false},"featured_media":873,"comment_status":"closed","ping_status":"closed","template":"","meta":{"_acf_changed":false},"product_brand":[],"product_cat":[937],"product_tag":[],"class_list":{"0":"post-14556","1":"product","2":"type-product","3":"status-publish","4":"has-post-thumbnail","6":"product_cat-accesorii-pentru-carucioare-cu-butoi","8":"first","9":"instock","10":"purchasable","11":"product-type-simple"},"acf":[],"_links":{"self":[{"href":"https:\/\/hamma-uwt.de\/ro\/wp-json\/wp\/v2\/product\/14556","targetHints":{"allow":["GET"]}}],"collection":[{"href":"https:\/\/hamma-uwt.de\/ro\/wp-json\/wp\/v2\/product"}],"about":[{"href":"https:\/\/hamma-uwt.de\/ro\/wp-json\/wp\/v2\/types\/product"}],"replies":[{"embeddable":true,"href":"https:\/\/hamma-uwt.de\/ro\/wp-json\/wp\/v2\/comments?post=14556"}],"wp:featuredmedia":[{"embeddable":true,"href":"https:\/\/hamma-uwt.de\/ro\/wp-json\/wp\/v2\/media\/873"}],"wp:attachment":[{"href":"https:\/\/hamma-uwt.de\/ro\/wp-json\/wp\/v2\/media?parent=14556"}],"wp:term":[{"taxonomy":"product_brand","embeddable":true,"href":"https:\/\/hamma-uwt.de\/ro\/wp-json\/wp\/v2\/product_brand?post=14556"},{"taxonomy":"product_cat","embeddable":true,"href":"https:\/\/hamma-uwt.de\/ro\/wp-json\/wp\/v2\/product_cat?post=14556"},{"taxonomy":"product_tag","embeddable":true,"href":"https:\/\/hamma-uwt.de\/ro\/wp-json\/wp\/v2\/product_tag?post=14556"}],"curies":[{"name":"wp","href":"https:\/\/api.w.org\/{rel}","templated":true}]}}