{"id":14791,"date":"2025-08-11T16:42:15","date_gmt":"2025-08-11T14:42:15","guid":{"rendered":"https:\/\/hamma-uwt.de\/produkt\/carucior-cu-tambur-cu-e-drive\/"},"modified":"2025-08-11T16:42:15","modified_gmt":"2025-08-11T14:42:15","slug":"carucior-cu-tambur-cu-e-drive","status":"publish","type":"product","link":"https:\/\/hamma-uwt.de\/ro\/produkt\/carucior-cu-tambur-cu-e-drive\/","title":{"rendered":"C\u0103rucior cu tambur cu E-Drive"},"content":{"rendered":"<p>C\u0103ruciorul cu tambur face ca umplerea utilajelor dvs. s\u0103 fie foarte rapid\u0103, u\u0219oar\u0103 \u0219i flexibil\u0103. Pute\u021bi muta tamburul lubrifiantului de r\u0103cire \u0219i tehnologia de amestecare direct la ma\u0219in\u0103 \u00een cel mai scurt timp<br \/>\npentru a-l umple convenabil la fa\u021ba locului. Fiecare c\u0103rucior pentru tambur are ro\u021bi cu rulare lin\u0103, un suport sigur pentru tambur \u0219i o capacitate de 220 de litri pentru a face c\u0103l\u0103toria dvs. c\u0103tre ma\u0219in\u0103 simpl\u0103 \u0219i sigur\u0103. Dac\u0103 dori\u021bi s\u0103 cre\u0219te\u021bi confortul, alege\u021bi c\u0103ruciorul cu tambur cu E-Drive, care face chiar \u0219i c\u0103l\u0103toriile mai lungi o joac\u0103 de copii.   <\/p>\n<p>C\u0103ruciorul cu tambur poate g\u0103zdui Misceo 3 (inclusiv bateria), dou\u0103 role de furtun \u0219i o rol\u0103 de cablu.<\/p>\n<p>Avantajele dumneavoastr\u0103:<\/p>\n<ul>\n<li>Schimbare ergonomic\u0103 a vitezelor cu E-Drive<\/li>\n<li>U\u0219or de mutat datorit\u0103 ro\u021bilor cu rulare lin\u0103<\/li>\n<li>Design robust \u0219i de \u00eenalt\u0103 calitate<\/li>\n<li>Tav\u0103 de picurare integrat\u0103<\/li>\n<li>U\u0219or de cur\u0103\u021bat<\/li>\n<li>Se potrive\u0219te perfect cu Misceo<\/li>\n<li>Multe op\u021biuni practice<\/li>\n<\/ul>\n","protected":false},"excerpt":{"rendered":"<p>negru cu tav\u0103 de picurare, curea de siguran\u021b\u0103 pentru tambur \u0219i suport pentru MISCEO 3<\/p>\n","protected":false},"featured_media":2027,"comment_status":"closed","ping_status":"closed","template":"","meta":{"_acf_changed":false},"product_brand":[],"product_cat":[1871],"product_tag":[],"class_list":{"0":"post-14791","1":"product","2":"type-product","3":"status-publish","4":"has-post-thumbnail","6":"product_cat-carucior-cu-butoi","8":"first","9":"instock","10":"purchasable","11":"product-type-simple"},"acf":[],"_links":{"self":[{"href":"https:\/\/hamma-uwt.de\/ro\/wp-json\/wp\/v2\/product\/14791","targetHints":{"allow":["GET"]}}],"collection":[{"href":"https:\/\/hamma-uwt.de\/ro\/wp-json\/wp\/v2\/product"}],"about":[{"href":"https:\/\/hamma-uwt.de\/ro\/wp-json\/wp\/v2\/types\/product"}],"replies":[{"embeddable":true,"href":"https:\/\/hamma-uwt.de\/ro\/wp-json\/wp\/v2\/comments?post=14791"}],"wp:featuredmedia":[{"embeddable":true,"href":"https:\/\/hamma-uwt.de\/ro\/wp-json\/wp\/v2\/media\/2027"}],"wp:attachment":[{"href":"https:\/\/hamma-uwt.de\/ro\/wp-json\/wp\/v2\/media?parent=14791"}],"wp:term":[{"taxonomy":"product_brand","embeddable":true,"href":"https:\/\/hamma-uwt.de\/ro\/wp-json\/wp\/v2\/product_brand?post=14791"},{"taxonomy":"product_cat","embeddable":true,"href":"https:\/\/hamma-uwt.de\/ro\/wp-json\/wp\/v2\/product_cat?post=14791"},{"taxonomy":"product_tag","embeddable":true,"href":"https:\/\/hamma-uwt.de\/ro\/wp-json\/wp\/v2\/product_tag?post=14791"}],"curies":[{"name":"wp","href":"https:\/\/api.w.org\/{rel}","templated":true}]}}