{"id":14850,"date":"2025-08-12T15:46:27","date_gmt":"2025-08-12T13:46:27","guid":{"rendered":"https:\/\/hamma-uwt.de\/produkt\/mikro-200\/"},"modified":"2026-03-12T11:52:17","modified_gmt":"2026-03-12T10:52:17","slug":"mikro-200","status":"publish","type":"product","link":"https:\/\/hamma-uwt.de\/ro\/produkt\/mikro-200\/","title":{"rendered":"MIKRO 200"},"content":{"rendered":"<p>Mikro 200 aerise\u0219te containere de p\u00e2n\u0103 la 300 de litri.<\/p>\n<p>Microaeratorul v\u0103 ofer\u0103 lubrifiant de r\u0103cire de cea mai \u00eenalt\u0103 calitate prin introducerea oxigenului atmosferic. Datorit\u0103 instal\u0103rii \u0219i func\u021bion\u0103rii sale simple, Mikro poate fi ajustat rapid la cerin\u021bele lubrifiantului dumneavoastr\u0103 de r\u0103cire. Mikro poate fi controlat dup\u0103 cum este necesar prin intermediul cronometrului s\u0103u. Cu ajutorul pl\u0103cilor sale de aerare, cele mai fine bule de aer, definite, plutesc prin lubrifiantul de r\u0103cire la o vitez\u0103 de flotabilitate predeterminat\u0103. Acest lucru permite lubrifiantului de r\u0103cire s\u0103 reabsorb\u0103 oxigenul utilizat, restabilind bioechilibrul.    <\/p>\n<p>Avantajele dumneavoastr\u0103 :<\/p>\n<ul>\n<li>Bioechilibru stabil<\/li>\n<li>Lubrifiant de r\u0103cire de foarte \u00eenalt\u0103 performan\u021b\u0103<\/li>\n<li>Cele mai \u00eenalte date de t\u0103iere<\/li>\n<li>Durat\u0103 lung\u0103 de via\u021b\u0103 a sculelor \u0219i utilajelor dvs.<\/li>\n<li>Igien\u0103 ridicat\u0103 a pielii<\/li>\n<\/ul>\n<p>&nbsp;<\/p>\n<p>Pentru a v\u0103 completa \u00eentre\u021binerea, combina\u021bi microaeratorul cu skimmerul de ulei Rapid pentru un lubrifiant de r\u0103cire constant curat \u0219i biostabil, cu propriet\u0103\u021bi optime de produc\u021bie.<\/p>\n","protected":false},"excerpt":{"rendered":"<p>incl. Unitate de ventila\u021bie cu 1 panou de ventila\u021bie<\/p>\n","protected":false},"featured_media":14851,"comment_status":"closed","ping_status":"closed","template":"","meta":{"_acf_changed":false},"product_brand":[],"product_cat":[1205],"product_tag":[],"class_list":{"0":"post-14850","1":"product","2":"type-product","3":"status-publish","4":"has-post-thumbnail","6":"product_cat-micro-aerator","8":"first","9":"instock","10":"shipping-taxable","11":"purchasable","12":"product-type-simple"},"acf":[],"_links":{"self":[{"href":"https:\/\/hamma-uwt.de\/ro\/wp-json\/wp\/v2\/product\/14850","targetHints":{"allow":["GET"]}}],"collection":[{"href":"https:\/\/hamma-uwt.de\/ro\/wp-json\/wp\/v2\/product"}],"about":[{"href":"https:\/\/hamma-uwt.de\/ro\/wp-json\/wp\/v2\/types\/product"}],"replies":[{"embeddable":true,"href":"https:\/\/hamma-uwt.de\/ro\/wp-json\/wp\/v2\/comments?post=14850"}],"wp:featuredmedia":[{"embeddable":true,"href":"https:\/\/hamma-uwt.de\/ro\/wp-json\/wp\/v2\/media\/14851"}],"wp:attachment":[{"href":"https:\/\/hamma-uwt.de\/ro\/wp-json\/wp\/v2\/media?parent=14850"}],"wp:term":[{"taxonomy":"product_brand","embeddable":true,"href":"https:\/\/hamma-uwt.de\/ro\/wp-json\/wp\/v2\/product_brand?post=14850"},{"taxonomy":"product_cat","embeddable":true,"href":"https:\/\/hamma-uwt.de\/ro\/wp-json\/wp\/v2\/product_cat?post=14850"},{"taxonomy":"product_tag","embeddable":true,"href":"https:\/\/hamma-uwt.de\/ro\/wp-json\/wp\/v2\/product_tag?post=14850"}],"curies":[{"name":"wp","href":"https:\/\/api.w.org\/{rel}","templated":true}]}}