{"id":15212,"date":"2025-08-13T12:08:54","date_gmt":"2025-08-13T10:08:54","guid":{"rendered":"https:\/\/hamma-uwt.de\/produkt\/rapid-2-1\/"},"modified":"2025-08-13T12:08:54","modified_gmt":"2025-08-13T10:08:54","slug":"rapid-2-1","status":"publish","type":"product","link":"https:\/\/hamma-uwt.de\/ro\/produkt\/rapid-2-1\/","title":{"rendered":"RAPID 2.1"},"content":{"rendered":"<p>Cu skimmerul cu band\u0103 Rapid 2.1, cel mai bine v\u00e2ndut, \u00eendep\u0103rtarea uleiului vagabond din lubrifiantul de r\u0103cire de pe ma\u0219ini cu o suprafa\u021b\u0103 de p\u00e2n\u0103 la 2 m\u00b2 este rapid\u0103 \u0219i u\u0219oar\u0103.<\/p>\n<p>&nbsp;<\/p>\n","protected":false},"excerpt":{"rendered":"<p>pentru lichid de r\u0103cire de p\u00e2n\u0103 la 40 \u00b0C, suprafe\u021be de p\u00e2n\u0103 la 2 m\u00b2 (f\u0103r\u0103 band\u0103 skimmer)<\/p>\n","protected":false},"featured_media":4294,"comment_status":"closed","ping_status":"closed","template":"","meta":{"_acf_changed":false},"product_brand":[],"product_cat":[665],"product_tag":[],"class_list":{"0":"post-15212","1":"product","2":"type-product","3":"status-publish","4":"has-post-thumbnail","6":"product_cat-rapid-2-1","8":"first","9":"instock","10":"purchasable","11":"product-type-variable"},"acf":[],"_links":{"self":[{"href":"https:\/\/hamma-uwt.de\/ro\/wp-json\/wp\/v2\/product\/15212","targetHints":{"allow":["GET"]}}],"collection":[{"href":"https:\/\/hamma-uwt.de\/ro\/wp-json\/wp\/v2\/product"}],"about":[{"href":"https:\/\/hamma-uwt.de\/ro\/wp-json\/wp\/v2\/types\/product"}],"replies":[{"embeddable":true,"href":"https:\/\/hamma-uwt.de\/ro\/wp-json\/wp\/v2\/comments?post=15212"}],"wp:featuredmedia":[{"embeddable":true,"href":"https:\/\/hamma-uwt.de\/ro\/wp-json\/wp\/v2\/media\/4294"}],"wp:attachment":[{"href":"https:\/\/hamma-uwt.de\/ro\/wp-json\/wp\/v2\/media?parent=15212"}],"wp:term":[{"taxonomy":"product_brand","embeddable":true,"href":"https:\/\/hamma-uwt.de\/ro\/wp-json\/wp\/v2\/product_brand?post=15212"},{"taxonomy":"product_cat","embeddable":true,"href":"https:\/\/hamma-uwt.de\/ro\/wp-json\/wp\/v2\/product_cat?post=15212"},{"taxonomy":"product_tag","embeddable":true,"href":"https:\/\/hamma-uwt.de\/ro\/wp-json\/wp\/v2\/product_tag?post=15212"}],"curies":[{"name":"wp","href":"https:\/\/api.w.org\/{rel}","templated":true}]}}