{"id":15606,"date":"2025-08-20T08:29:04","date_gmt":"2025-08-20T06:29:04","guid":{"rendered":"https:\/\/hamma-uwt.de\/produkt\/misceo-standard\/"},"modified":"2025-08-20T08:29:04","modified_gmt":"2025-08-20T06:29:04","slug":"misceo-standard","status":"publish","type":"product","link":"https:\/\/hamma-uwt.de\/ro\/produkt\/misceo-standard\/","title":{"rendered":"Misceo Standard"},"content":{"rendered":"<p>Die professionelle L\u00f6sung zum Mischen von wassermischbaren K\u00fchlschmierstoffen. Seine einzigartige Mischeinheit und Elektronik mit einfacher Men\u00fcf\u00fchrung sorgen f\u00fcr optimale Ergebnisse. Sie sparen Zeit und Geld.  <\/p>\n<p>Ihre Vorteile:<\/p>\n<ul>\n<li>perfekt angemischter<\/li>\n<li>Lubrifiant de r\u0103cire<\/li>\n<li>Rezultat precis al amestecului<\/li>\n<li>Recunoa\u0219te recipientele goale<\/li>\n<li>Lungimi flexibile de furtun<\/li>\n<li>Deconectare automat\u0103<\/li>\n<li>Blocabil<\/li>\n<li>Ma\u0219in\u0103 automat\u0103 de umplere<\/li>\n<li>Func\u021bionare simpl\u0103<\/li>\n<li>Face\u021bi plinul ca la benzin\u0103rie<\/li>\n<\/ul>\n<p>Betriebsvoraussetzung: Systemtrenner nach DIN EN 1717<\/p>\n","protected":false},"excerpt":{"rendered":"<p>Vollelektronisch gesteuertes Mischger\u00e4t<\/p>\n","protected":false},"featured_media":3964,"comment_status":"closed","ping_status":"closed","template":"","meta":{"_acf_changed":false},"product_brand":[],"product_cat":[884],"product_tag":[],"class_list":{"0":"post-15606","1":"product","2":"type-product","3":"status-publish","4":"has-post-thumbnail","6":"product_cat-misceo-mischgeraet","8":"first","9":"instock","10":"purchasable","11":"product-type-simple"},"acf":[],"_links":{"self":[{"href":"https:\/\/hamma-uwt.de\/ro\/wp-json\/wp\/v2\/product\/15606","targetHints":{"allow":["GET"]}}],"collection":[{"href":"https:\/\/hamma-uwt.de\/ro\/wp-json\/wp\/v2\/product"}],"about":[{"href":"https:\/\/hamma-uwt.de\/ro\/wp-json\/wp\/v2\/types\/product"}],"replies":[{"embeddable":true,"href":"https:\/\/hamma-uwt.de\/ro\/wp-json\/wp\/v2\/comments?post=15606"}],"wp:featuredmedia":[{"embeddable":true,"href":"https:\/\/hamma-uwt.de\/ro\/wp-json\/wp\/v2\/media\/3964"}],"wp:attachment":[{"href":"https:\/\/hamma-uwt.de\/ro\/wp-json\/wp\/v2\/media?parent=15606"}],"wp:term":[{"taxonomy":"product_brand","embeddable":true,"href":"https:\/\/hamma-uwt.de\/ro\/wp-json\/wp\/v2\/product_brand?post=15606"},{"taxonomy":"product_cat","embeddable":true,"href":"https:\/\/hamma-uwt.de\/ro\/wp-json\/wp\/v2\/product_cat?post=15606"},{"taxonomy":"product_tag","embeddable":true,"href":"https:\/\/hamma-uwt.de\/ro\/wp-json\/wp\/v2\/product_tag?post=15606"}],"curies":[{"name":"wp","href":"https:\/\/api.w.org\/{rel}","templated":true}]}}