{"id":15620,"date":"2025-08-27T09:00:08","date_gmt":"2025-08-27T07:00:08","guid":{"rendered":"https:\/\/hamma-uwt.de\/produkt\/sistem-mare-de-ingrijire\/"},"modified":"2025-08-27T09:00:08","modified_gmt":"2025-08-27T07:00:08","slug":"sistem-mare-de-ingrijire","status":"publish","type":"product","link":"https:\/\/hamma-uwt.de\/ro\/produkt\/sistem-mare-de-ingrijire\/","title":{"rendered":"Sistem mare de \u00eengrijire"},"content":{"rendered":"<p>Pachetul f\u0103r\u0103 griji pentru un lubrifiant de r\u0103cire curat \u0219i eficient pentru ma\u0219ini medii \u0219i mari este u\u0219or de instalat \u0219i manevrat \u0219i, \u00een acela\u0219i timp, foarte eficient \u00een ceea ce prive\u0219te performan\u021ba.<\/p>\n<p>Deznisipatoarele rapide de ulei \u0219i micromicroaeratoarele men\u021bin calitatea lubrifiantului de r\u0103cire pe o perioad\u0103 considerabil mai lung\u0103 de timp. Rezultatul sunt viteze de t\u0103iere mai mari \u0219i o durat\u0103 de via\u021b\u0103 mai lung\u0103 pentru uneltele \u0219i utilajele dumneavoastr\u0103: tr\u0103i\u021bi mai s\u0103n\u0103tos, face\u021bi economii mari rapid \u0219i sunte\u021bi scuti\u021bi de mirosuri nepl\u0103cute. <\/p>\n<p>Microaeratorul Mikro asigur\u0103 un aport suficient de oxigen prin intermediul unor mici bule de aer. Propriet\u0103\u021bile igienice ale mediului sunt \u00eembun\u0103t\u0103\u021bite drastic. Particulele \u00een suspensie sunt transportate la suprafa\u021b\u0103 \u0219i pot fi \u00eendep\u0103rtate de skimmerul de ulei Rapid. \u00cen timpul fazei de \u00eentre\u021binere a lubrifiantului dumneavoastr\u0103 de r\u0103cire, skimmerul de ulei Rapid \u00eendep\u0103rteaz\u0103 uleiurile plutitoare nedorite, s\u0103punurile de calcar \u0219i materiile \u00een suspensie. Performan\u021ba lubrifiantului dumneavoastr\u0103 de r\u0103cire cre\u0219te \u0219i produce\u021bi mai sigur, mai rapid \u0219i mai bine.    <\/p>\n","protected":false},"excerpt":{"rendered":"<p>F\u0103r\u0103 suport, pentru containere cu o suprafa\u021b\u0103 de p\u00e2n\u0103 la 6 m\u00b2 \/ volum de p\u00e2n\u0103 la 1000 litri<\/p>\n","protected":false},"featured_media":1067,"comment_status":"closed","ping_status":"closed","template":"","meta":{"_acf_changed":false},"product_brand":[],"product_cat":[1460],"product_tag":[],"class_list":{"0":"post-15620","1":"product","2":"type-product","3":"status-publish","4":"has-post-thumbnail","6":"product_cat-bioechilibru","8":"first","9":"instock","10":"purchasable","11":"product-type-simple"},"acf":[],"_links":{"self":[{"href":"https:\/\/hamma-uwt.de\/ro\/wp-json\/wp\/v2\/product\/15620","targetHints":{"allow":["GET"]}}],"collection":[{"href":"https:\/\/hamma-uwt.de\/ro\/wp-json\/wp\/v2\/product"}],"about":[{"href":"https:\/\/hamma-uwt.de\/ro\/wp-json\/wp\/v2\/types\/product"}],"replies":[{"embeddable":true,"href":"https:\/\/hamma-uwt.de\/ro\/wp-json\/wp\/v2\/comments?post=15620"}],"wp:featuredmedia":[{"embeddable":true,"href":"https:\/\/hamma-uwt.de\/ro\/wp-json\/wp\/v2\/media\/1067"}],"wp:attachment":[{"href":"https:\/\/hamma-uwt.de\/ro\/wp-json\/wp\/v2\/media?parent=15620"}],"wp:term":[{"taxonomy":"product_brand","embeddable":true,"href":"https:\/\/hamma-uwt.de\/ro\/wp-json\/wp\/v2\/product_brand?post=15620"},{"taxonomy":"product_cat","embeddable":true,"href":"https:\/\/hamma-uwt.de\/ro\/wp-json\/wp\/v2\/product_cat?post=15620"},{"taxonomy":"product_tag","embeddable":true,"href":"https:\/\/hamma-uwt.de\/ro\/wp-json\/wp\/v2\/product_tag?post=15620"}],"curies":[{"name":"wp","href":"https:\/\/api.w.org\/{rel}","templated":true}]}}