{"id":15631,"date":"2025-07-14T12:06:39","date_gmt":"2025-07-14T10:06:39","guid":{"rendered":"https:\/\/hamma-uwt.de\/produkt\/rubi\/"},"modified":"2025-07-14T12:06:39","modified_gmt":"2025-07-14T10:06:39","slug":"rubi","status":"publish","type":"product","link":"https:\/\/hamma-uwt.de\/ro\/produkt\/rubi\/","title":{"rendered":"RUBI"},"content":{"rendered":"<p>Tava de picurare Rubi pentru uleiul rezidual este o tav\u0103 de picurare robust\u0103 cu o capacitate de 1,8 litri.<\/p>\n<p>Protec\u021bia integrat\u0103 \u00eempotriva rev\u0103rs\u0103rii previne rev\u0103rsarea recipientului. Dac\u0103 Rubi nu este golit, surplusul este reintrodus \u00een aparat prin intermediul func\u021biei sale de decantare. Golirea Rubi este foarte rapid\u0103 \u0219i u\u0219oar\u0103 datorit\u0103 designului s\u0103u ingenios. Acesta poate fi ata\u0219at la ma\u0219in\u0103 rapid \u0219i u\u0219or - f\u0103r\u0103 g\u0103urire sau \u0219uruburi.   <\/p>\n","protected":false},"excerpt":{"rendered":"<p>Recipient de colectare a uleiului uzat, inclusiv protec\u021bie \u00eempotriva rev\u0103rs\u0103rii, accesoriu pentru toate skimmerele de ulei RAPID <\/p>\n","protected":false},"featured_media":3430,"comment_status":"closed","ping_status":"closed","template":"","meta":{"_acf_changed":false},"product_brand":[],"product_cat":[2164],"product_tag":[],"class_list":{"0":"post-15631","1":"product","2":"type-product","3":"status-publish","4":"has-post-thumbnail","6":"product_cat-skimmer-de-ulei-rapid","8":"first","9":"instock","10":"purchasable","11":"product-type-simple"},"acf":[],"_links":{"self":[{"href":"https:\/\/hamma-uwt.de\/ro\/wp-json\/wp\/v2\/product\/15631","targetHints":{"allow":["GET"]}}],"collection":[{"href":"https:\/\/hamma-uwt.de\/ro\/wp-json\/wp\/v2\/product"}],"about":[{"href":"https:\/\/hamma-uwt.de\/ro\/wp-json\/wp\/v2\/types\/product"}],"replies":[{"embeddable":true,"href":"https:\/\/hamma-uwt.de\/ro\/wp-json\/wp\/v2\/comments?post=15631"}],"wp:featuredmedia":[{"embeddable":true,"href":"https:\/\/hamma-uwt.de\/ro\/wp-json\/wp\/v2\/media\/3430"}],"wp:attachment":[{"href":"https:\/\/hamma-uwt.de\/ro\/wp-json\/wp\/v2\/media?parent=15631"}],"wp:term":[{"taxonomy":"product_brand","embeddable":true,"href":"https:\/\/hamma-uwt.de\/ro\/wp-json\/wp\/v2\/product_brand?post=15631"},{"taxonomy":"product_cat","embeddable":true,"href":"https:\/\/hamma-uwt.de\/ro\/wp-json\/wp\/v2\/product_cat?post=15631"},{"taxonomy":"product_tag","embeddable":true,"href":"https:\/\/hamma-uwt.de\/ro\/wp-json\/wp\/v2\/product_tag?post=15631"}],"curies":[{"name":"wp","href":"https:\/\/api.w.org\/{rel}","templated":true}]}}