{"id":15662,"date":"2025-07-14T12:06:39","date_gmt":"2025-07-14T10:06:39","guid":{"rendered":"https:\/\/hamma-uwt.de\/produkt\/matura-magnetica\/"},"modified":"2025-07-14T12:06:39","modified_gmt":"2025-07-14T10:06:39","slug":"matura-magnetica","status":"publish","type":"product","link":"https:\/\/hamma-uwt.de\/ro\/produkt\/matura-magnetica\/","title":{"rendered":"M\u0103tur\u0103 magnetic\u0103"},"content":{"rendered":"<p>Datorit\u0103 m\u0103turii puternice cu o capacitate mare de preluare \u0219i o l\u0103\u021bime total\u0103 de 400 mm, pute\u021bi cur\u0103\u021ba suprafe\u021bele podelei \u0219i mediul de lucru rapid, u\u0219or \u0219i fiabil cu m\u0103tura magnetic\u0103. Cu m\u00e2nerul practic, ave\u021bi m\u0103tura magnetic\u0103 ferm \u00een m\u00e2n\u0103 \u0219i o pute\u021bi ghida \u00een siguran\u021b\u0103 c\u0103tre a\u0219chii \u0219i le pute\u021bi atrage. Prin tragerea cursorului, magnetismul dispare, iar a\u0219chiile atrase cad pur \u0219i simplu.<br \/>\nO suprafa\u021b\u0103 curat\u0103 a podelei cre\u0219te calitatea \u0219i siguran\u021ba companiei dvs. \u0219i v\u0103 men\u021bine mediul de lucru curat \u0219i igienic.<br \/>\nM\u0103tur\u0103 magnetic\u0103 v\u0103 ajut\u0103, de asemenea, s\u0103 ridica\u021bi obiecte magnetice mici \u0219i s\u0103 separa\u021bi piesele industriale magnetice \u0219i nemagnetice.  <\/p>\n<p>M\u0103tur\u0103 magnetic\u0103 poate fi extins\u0103 de la 800 mm la o \u00een\u0103l\u021bime total\u0103 de 1120 mm. Acest lucru v\u0103 permite s\u0103 personaliza\u021bi m\u0103tura magnetic\u0103 la cerin\u021bele dvs. individuale. <\/p>\n","protected":false},"excerpt":{"rendered":"<p>cu m\u00e2ner telescopic, l\u0103\u021bimea m\u0103turii 400 mm, \u00een\u0103l\u021bimea total\u0103 max. 1120 mm <\/p>\n","protected":false},"featured_media":3795,"comment_status":"closed","ping_status":"closed","template":"","meta":{"_acf_changed":false},"product_brand":[],"product_cat":[1817,709],"product_tag":[],"class_list":{"0":"post-15662","1":"product","2":"type-product","3":"status-publish","4":"has-post-thumbnail","6":"product_cat-ajutoare-puternice","7":"product_cat-chip-maxx-si-matura-magnetica","9":"first","10":"instock","11":"purchasable","12":"product-type-simple"},"acf":[],"_links":{"self":[{"href":"https:\/\/hamma-uwt.de\/ro\/wp-json\/wp\/v2\/product\/15662","targetHints":{"allow":["GET"]}}],"collection":[{"href":"https:\/\/hamma-uwt.de\/ro\/wp-json\/wp\/v2\/product"}],"about":[{"href":"https:\/\/hamma-uwt.de\/ro\/wp-json\/wp\/v2\/types\/product"}],"replies":[{"embeddable":true,"href":"https:\/\/hamma-uwt.de\/ro\/wp-json\/wp\/v2\/comments?post=15662"}],"wp:featuredmedia":[{"embeddable":true,"href":"https:\/\/hamma-uwt.de\/ro\/wp-json\/wp\/v2\/media\/3795"}],"wp:attachment":[{"href":"https:\/\/hamma-uwt.de\/ro\/wp-json\/wp\/v2\/media?parent=15662"}],"wp:term":[{"taxonomy":"product_brand","embeddable":true,"href":"https:\/\/hamma-uwt.de\/ro\/wp-json\/wp\/v2\/product_brand?post=15662"},{"taxonomy":"product_cat","embeddable":true,"href":"https:\/\/hamma-uwt.de\/ro\/wp-json\/wp\/v2\/product_cat?post=15662"},{"taxonomy":"product_tag","embeddable":true,"href":"https:\/\/hamma-uwt.de\/ro\/wp-json\/wp\/v2\/product_tag?post=15662"}],"curies":[{"name":"wp","href":"https:\/\/api.w.org\/{rel}","templated":true}]}}