{"id":17393,"date":"2025-07-14T12:06:39","date_gmt":"2025-07-14T10:06:39","guid":{"rendered":"https:\/\/hamma-uwt.de\/produkt\/turn-curat-150\/"},"modified":"2025-07-14T12:06:39","modified_gmt":"2025-07-14T10:06:39","slug":"turn-curat-150","status":"publish","type":"product","link":"https:\/\/hamma-uwt.de\/ro\/produkt\/turn-curat-150\/","title":{"rendered":"TURN CURAT 150"},"content":{"rendered":"<p>Clean-Tower 150 v\u0103 ofer\u0103 \u00eengrijire complet\u0103 pentru lubrifiantul dvs. de r\u0103cire. Utilizarea flot\u0103rii cu aer dizolvat face ca uleiurile reziduale, particulele \u00een suspensie \u0219i deficitul de oxigen s\u0103 fie un lucru al trecutului. <\/p>\n<p>Sistemul mobil de cur\u0103\u021bare aspir\u0103 lubrifiantul de r\u0103cire contaminat de la suprafa\u021b\u0103 \u0219i \u00eel transfer\u0103 \u00een camera reactorului. CLEAN-TOWER plute\u0219te uleiurile str\u0103ine<br \/>\n\u0219i particulele \u00een suspensie la suprafa\u021b\u0103 cu ajutorul aerului introdus, le transfer\u0103 \u00een rezervorul de impurit\u0103\u021bi integrat, \u00eembog\u0103\u021be\u0219te lubrifiantul dvs. de r\u0103cire cu oxigen \u0219i \u00eel returneaz\u0103 la ma\u0219ina de produc\u021bie. \u00cen viitor, ve\u021bi lucra permanent cu lubrifiant de r\u0103cire performant \u0219i s\u0103n\u0103tos, f\u0103r\u0103 compromisuri!  <\/p>\n<p>&nbsp;<\/p>\n<p>Ihre Vorteile:<\/p>\n<ul>\n<li>Reducerea costurilor de operare<\/li>\n<li>Prelungirea duratei de via\u021b\u0103 a uneltelor, ma\u0219inilor \u0219i a lubrifiantului de r\u0103cire<\/li>\n<li>\u00eembun\u0103t\u0103\u021be\u0219te calitatea produc\u021biei<\/li>\n<li>cre\u0219te viteza de produc\u021bie<\/li>\n<li>Previne mirosurile nepl\u0103cute<\/li>\n<li>Vedere clar\u0103 \u00een ma\u0219in\u0103<\/li>\n<li>Cre\u0219te igiena \u0219i satisfac\u021bia angaja\u021bilor<\/li>\n<\/ul>\n<p>&nbsp;<\/p>\n","protected":false},"excerpt":{"rendered":"<p>incl. Conducte \/ tuburi \u0219i flotor de aspira\u021bie AS 100<\/p>\n","protected":false},"featured_media":2049,"comment_status":"closed","ping_status":"closed","template":"","meta":{"_acf_changed":false},"product_brand":[],"product_cat":[2221],"product_tag":[],"class_list":{"0":"post-17393","1":"product","2":"type-product","3":"status-publish","4":"has-post-thumbnail","6":"product_cat-turn-curat","8":"first","9":"instock","10":"purchasable","11":"product-type-simple"},"acf":[],"_links":{"self":[{"href":"https:\/\/hamma-uwt.de\/ro\/wp-json\/wp\/v2\/product\/17393","targetHints":{"allow":["GET"]}}],"collection":[{"href":"https:\/\/hamma-uwt.de\/ro\/wp-json\/wp\/v2\/product"}],"about":[{"href":"https:\/\/hamma-uwt.de\/ro\/wp-json\/wp\/v2\/types\/product"}],"replies":[{"embeddable":true,"href":"https:\/\/hamma-uwt.de\/ro\/wp-json\/wp\/v2\/comments?post=17393"}],"wp:featuredmedia":[{"embeddable":true,"href":"https:\/\/hamma-uwt.de\/ro\/wp-json\/wp\/v2\/media\/2049"}],"wp:attachment":[{"href":"https:\/\/hamma-uwt.de\/ro\/wp-json\/wp\/v2\/media?parent=17393"}],"wp:term":[{"taxonomy":"product_brand","embeddable":true,"href":"https:\/\/hamma-uwt.de\/ro\/wp-json\/wp\/v2\/product_brand?post=17393"},{"taxonomy":"product_cat","embeddable":true,"href":"https:\/\/hamma-uwt.de\/ro\/wp-json\/wp\/v2\/product_cat?post=17393"},{"taxonomy":"product_tag","embeddable":true,"href":"https:\/\/hamma-uwt.de\/ro\/wp-json\/wp\/v2\/product_tag?post=17393"}],"curies":[{"name":"wp","href":"https:\/\/api.w.org\/{rel}","templated":true}]}}