{"id":17836,"date":"2025-07-14T11:22:37","date_gmt":"2025-07-14T09:22:37","guid":{"rendered":"https:\/\/hamma-uwt.de\/produkt\/separator-de-sistem\/"},"modified":"2025-07-14T11:22:37","modified_gmt":"2025-07-14T09:22:37","slug":"separator-de-sistem","status":"publish","type":"product","link":"https:\/\/hamma-uwt.de\/ro\/produkt\/separator-de-sistem\/","title":{"rendered":"Separator de sistem"},"content":{"rendered":"<p>Proteja\u021bi-v\u0103 apa potabil\u0103 de contaminarea cu lubrifiant de r\u0103cire<br \/>\n. Dispozitivele de amestecare \u0219i furtunurile<br \/>\n\u00een special reprezint\u0103 un risc imediat \u00een companii. \u00cen conformitate cu<br \/>\nOrdonan\u021ba privind apa potabil\u0103 <strong>DIN EN 1717<\/strong>, fiecare companie este obligat\u0103 s\u0103<br \/>\n\u00ee\u0219i protejeze suficient sistemul de ap\u0103 potabil\u0103 de contaminare<br \/>\n.  <\/p>\n<p>Cu acest separator de sistem,<br \/>\ngaranta\u021bi aceast\u0103 protec\u021bie pentru lubrifian\u021bii de r\u0103cire \u0219i alte substan\u021be chimice<br \/>\np\u00e2n\u0103 la clasa de pericol 4.<\/p>\n","protected":false},"excerpt":{"rendered":"<p>Pentru modernizarea \u0219i fixarea robinetului.<\/p>\n","protected":false},"featured_media":3885,"comment_status":"closed","ping_status":"closed","template":"","meta":{"_acf_changed":false},"product_brand":[],"product_cat":[705],"product_tag":[],"class_list":{"0":"post-17836","1":"product","2":"type-product","3":"status-publish","4":"has-post-thumbnail","6":"product_cat-accesorii-misceo","8":"first","9":"instock","10":"purchasable","11":"product-type-variable"},"acf":[],"_links":{"self":[{"href":"https:\/\/hamma-uwt.de\/ro\/wp-json\/wp\/v2\/product\/17836","targetHints":{"allow":["GET"]}}],"collection":[{"href":"https:\/\/hamma-uwt.de\/ro\/wp-json\/wp\/v2\/product"}],"about":[{"href":"https:\/\/hamma-uwt.de\/ro\/wp-json\/wp\/v2\/types\/product"}],"replies":[{"embeddable":true,"href":"https:\/\/hamma-uwt.de\/ro\/wp-json\/wp\/v2\/comments?post=17836"}],"wp:featuredmedia":[{"embeddable":true,"href":"https:\/\/hamma-uwt.de\/ro\/wp-json\/wp\/v2\/media\/3885"}],"wp:attachment":[{"href":"https:\/\/hamma-uwt.de\/ro\/wp-json\/wp\/v2\/media?parent=17836"}],"wp:term":[{"taxonomy":"product_brand","embeddable":true,"href":"https:\/\/hamma-uwt.de\/ro\/wp-json\/wp\/v2\/product_brand?post=17836"},{"taxonomy":"product_cat","embeddable":true,"href":"https:\/\/hamma-uwt.de\/ro\/wp-json\/wp\/v2\/product_cat?post=17836"},{"taxonomy":"product_tag","embeddable":true,"href":"https:\/\/hamma-uwt.de\/ro\/wp-json\/wp\/v2\/product_tag?post=17836"}],"curies":[{"name":"wp","href":"https:\/\/api.w.org\/{rel}","templated":true}]}}