{"id":19979,"date":"2025-07-14T11:22:15","date_gmt":"2025-07-14T09:22:15","guid":{"rendered":"https:\/\/hamma-uwt.de\/produkt\/chip-maxx\/"},"modified":"2025-07-14T11:22:15","modified_gmt":"2025-07-14T09:22:15","slug":"chip-maxx","status":"publish","type":"product","link":"https:\/\/hamma-uwt.de\/ro\/produkt\/chip-maxx\/","title":{"rendered":"Chip Maxx"},"content":{"rendered":"<p>Datorit\u0103 magnetului puternic \u0219i, prin urmare, a capacit\u0103\u021bii mari de preluare, pute\u021bi cur\u0103\u021ba rezervorul de lubrifiant de r\u0103cire, utilajul \u0219i mediul de lucru rapid, u\u0219or \u0219i fiabil cu Chip Maxx. M\u00e2nerul practic v\u0103 ofer\u0103 o prindere ferm\u0103 a Sp\u00e4nemaxx \u0219i v\u0103 permite s\u0103 \u00eel ghida\u021bi \u00een siguran\u021b\u0103 c\u0103tre a\u0219chii \u0219i s\u0103 le atrage\u021bi. Prin tragerea cursorului, magnetismul dispare \u0219i jetoanele atrase cad pur \u0219i simplu. Un rezervor de lubrifiant de r\u0103cire cur\u0103\u021bat, \u00een special, p\u0103streaz\u0103 calitatea lubrifiantului de r\u0103cire, v\u0103 economise\u0219te costurile ma\u0219inii \u0219i uneltei \u0219i v\u0103 men\u021bine mediul de lucru igienic.    Sp\u00e4nemaxx v\u0103 ajut\u0103, de asemenea, s\u0103 ridica\u021bi obiecte magnetice mici \u0219i s\u0103 separa\u021bi piesele industriale magnetice \u0219i nemagnetice.<\/p>\n<p>Chip Maxx este disponibil \u00een cinci lungimi diferite, astfel \u00eenc\u00e2t ve\u021bi avea \u00eentotdeauna Chip Maxx potrivit pentru aplica\u021bia dvs.<\/p>\n","protected":false},"excerpt":{"rendered":"<p>Tij\u0103 magnetic\u0103 pentru \u00eendep\u0103rtarea\/separarea pieselor magnetice<\/p>\n","protected":false},"featured_media":3833,"comment_status":"closed","ping_status":"closed","template":"","meta":{"_acf_changed":false},"product_brand":[],"product_cat":[1817,709],"product_tag":[],"class_list":{"0":"post-19979","1":"product","2":"type-product","3":"status-publish","4":"has-post-thumbnail","6":"product_cat-ajutoare-puternice","7":"product_cat-chip-maxx-si-matura-magnetica","9":"first","10":"instock","11":"purchasable","12":"product-type-variable"},"acf":[],"_links":{"self":[{"href":"https:\/\/hamma-uwt.de\/ro\/wp-json\/wp\/v2\/product\/19979","targetHints":{"allow":["GET"]}}],"collection":[{"href":"https:\/\/hamma-uwt.de\/ro\/wp-json\/wp\/v2\/product"}],"about":[{"href":"https:\/\/hamma-uwt.de\/ro\/wp-json\/wp\/v2\/types\/product"}],"replies":[{"embeddable":true,"href":"https:\/\/hamma-uwt.de\/ro\/wp-json\/wp\/v2\/comments?post=19979"}],"wp:featuredmedia":[{"embeddable":true,"href":"https:\/\/hamma-uwt.de\/ro\/wp-json\/wp\/v2\/media\/3833"}],"wp:attachment":[{"href":"https:\/\/hamma-uwt.de\/ro\/wp-json\/wp\/v2\/media?parent=19979"}],"wp:term":[{"taxonomy":"product_brand","embeddable":true,"href":"https:\/\/hamma-uwt.de\/ro\/wp-json\/wp\/v2\/product_brand?post=19979"},{"taxonomy":"product_cat","embeddable":true,"href":"https:\/\/hamma-uwt.de\/ro\/wp-json\/wp\/v2\/product_cat?post=19979"},{"taxonomy":"product_tag","embeddable":true,"href":"https:\/\/hamma-uwt.de\/ro\/wp-json\/wp\/v2\/product_tag?post=19979"}],"curies":[{"name":"wp","href":"https:\/\/api.w.org\/{rel}","templated":true}]}}