{"id":7321,"date":"2026-02-27T09:15:56","date_gmt":"2026-02-27T08:15:56","guid":{"rendered":"https:\/\/hamma-uwt.de\/socialny-zavaezok-sponzoring\/"},"modified":"2026-03-04T10:17:51","modified_gmt":"2026-03-04T09:17:51","slug":"socialny-zavaezok-sponzoring","status":"publish","type":"page","link":"https:\/\/hamma-uwt.de\/sk\/o-nas\/socialny-zavaezok-sponzoring\/","title":{"rendered":"Soci\u00e1lny z\u00e1v\u00e4zok \/ sponzoring"},"content":{"rendered":"\t\t<div data-elementor-type=\"wp-page\" data-elementor-id=\"7321\" class=\"elementor elementor-7321 elementor-5774\" data-elementor-post-type=\"page\">\n\t\t\t\t<div class=\"elementor-element elementor-element-8d523d7 e-flex e-con-boxed e-con e-parent\" data-id=\"8d523d7\" data-element_type=\"container\" data-e-type=\"container\" data-settings=\"{&quot;background_background&quot;:&quot;classic&quot;,&quot;jet_parallax_layout_list&quot;:[]}\">\n\t\t\t\t\t<div class=\"e-con-inner\">\n\t\t<div class=\"elementor-element elementor-element-83f1082 e-con-full e-flex e-con e-child\" data-id=\"83f1082\" data-element_type=\"container\" data-e-type=\"container\" data-settings=\"{&quot;jet_parallax_layout_list&quot;:[]}\">\n\t\t\t\t<div class=\"elementor-element elementor-element-7a83ccc elementor-widget elementor-widget-heading\" data-id=\"7a83ccc\" data-element_type=\"widget\" data-e-type=\"widget\" data-widget_type=\"heading.default\">\n\t\t\t\t\t<h1 class=\"elementor-heading-title elementor-size-default\">Soci\u00e1lny z\u00e1v\u00e4zok \/ sponzoring<\/h1>\t\t\t\t<\/div>\n\t\t\t\t<\/div>\n\t\t\t\t\t<\/div>\n\t\t\t\t<\/div>\n\t\t<div class=\"elementor-element elementor-element-2fab56d e-flex e-con-boxed e-con e-parent\" data-id=\"2fab56d\" data-element_type=\"container\" data-e-type=\"container\" data-settings=\"{&quot;jet_parallax_layout_list&quot;:[]}\">\n\t\t\t\t\t<div class=\"e-con-inner\">\n\t\t\t\t<div class=\"elementor-element elementor-element-1042f41 elementor-widget elementor-widget-heading\" data-id=\"1042f41\" data-element_type=\"widget\" data-e-type=\"widget\" data-widget_type=\"heading.default\">\n\t\t\t\t\t<h2 class=\"elementor-heading-title elementor-size-default\">SPONZOROVANIE 2024\/2025\/2026<\/h2>\t\t\t\t<\/div>\n\t\t\t\t<div class=\"elementor-element elementor-element-e0aef2c elementor-widget elementor-widget-heading\" data-id=\"e0aef2c\" data-element_type=\"widget\" data-e-type=\"widget\" data-widget_type=\"heading.default\">\n\t\t\t\t\t<h3 class=\"elementor-heading-title elementor-size-default\">Z\u00e1v\u00e4zok a sponzorstvo<\/h3>\t\t\t\t<\/div>\n\t\t\t\t<div class=\"elementor-element elementor-element-37b8702 elementor-widget elementor-widget-text-editor\" data-id=\"37b8702\" data-element_type=\"widget\" data-e-type=\"widget\" data-widget_type=\"text-editor.default\">\n\t\t\t\t\t\t\t\t\t<p>Ako rodinn\u00e1 spolo\u010dnos\u0165 s region\u00e1lnymi kore\u0148mi je pre n\u00e1s soci\u00e1lna anga\u017eovanos\u0165 mimoriadne d\u00f4le\u017eit\u00e1. Preber\u00e1me zodpovednos\u0165 - nad r\u00e1mec na\u0161ich v\u00fdrobkov - a podporujeme projekty, ktor\u00e9 podporuj\u00fa komunitu, vzdel\u00e1vanie a zdravie. <\/p><p><strong>Na\u0161e sponzorsk\u00e9 aktivity sa zameriavaj\u00fa na tri hlavn\u00e9 oblasti:<\/strong><\/p><ul><li><strong>Vzdel\u00e1vanie -<\/strong> podpora \u0161k\u00f4l a matersk\u00fdch \u0161k\u00f4l pri vytv\u00e1ran\u00ed priestorov na vzdel\u00e1vanie a rozvoj det\u00ed.<\/li><li><strong>\u0160port -<\/strong> podpora \u0161portov\u00fdch klubov, ktor\u00e9 posil\u0148uj\u00fa t\u00edmov\u00e9ho ducha, spravodlivos\u0165 a pohyb.<\/li><li><strong>Soci\u00e1lne -<\/strong> z\u00e1v\u00e4zok vo\u010di <strong>Nad\u00e1cii Bj\u00f6rna Steigera pom\u00e1ha\u0165<\/strong> zachra\u0148ova\u0165 \u017eivoty.<\/li><\/ul><p> <\/p><p>S na\u0161\u00edm z\u00e1v\u00e4zkom chceme pom\u00e1ha\u0165 tam, kde je to d\u00f4le\u017eit\u00e9 - priamo v na\u0161om regi\u00f3ne a pre spolo\u010dnos\u0165 bud\u00facnosti.<\/p>\t\t\t\t\t\t\t\t<\/div>\n\t\t\t\t\t<\/div>\n\t\t\t\t<\/div>\n\t\t<div class=\"elementor-element elementor-element-5d61f03 e-flex e-con-boxed e-con e-parent\" data-id=\"5d61f03\" data-element_type=\"container\" data-e-type=\"container\" data-settings=\"{&quot;jet_parallax_layout_list&quot;:[]}\">\n\t\t\t\t\t<div class=\"e-con-inner\">\n\t\t\t\t<div class=\"elementor-element elementor-element-1aae04c elementor-widget elementor-widget-heading\" data-id=\"1aae04c\" data-element_type=\"widget\" data-e-type=\"widget\" data-widget_type=\"heading.default\">\n\t\t\t\t\t<h4 class=\"elementor-heading-title elementor-size-default\">Vzdel\u00e1vanie - \u0161koly a \u0161k\u00f4lky<\/h4>\t\t\t\t<\/div>\n\t\t\t\t<div class=\"elementor-element elementor-element-18a31f6 elementor-widget elementor-widget-jet-table\" data-id=\"18a31f6\" data-element_type=\"widget\" data-e-type=\"widget\" data-widget_type=\"jet-table.default\">\n\t\t\t\t<div class=\"elementor-widget-container\">\n\t\t\t\t\t<div class=\"elementor-jet-table jet-elements\">\n\t\t<div class=\"jet-table-wrapper\">\n\t\t\t<table class=\"jet-table jet-table--fa5-compat\">\n\t\t\t\t<thead class=\"jet-table__head\"><tr class=\"jet-table__head-row\"><th class=\"jet-table__cell elementor-repeater-item-3136b35 jet-table__head-cell\" scope=\"col\"><div class=\"jet-table__cell-inner\"><div class=\"jet-table__cell-content\"><div class=\"jet-table__cell-text\">\u0160kola<\/div><\/div><\/div><\/th><th class=\"jet-table__cell elementor-repeater-item-83393d5 jet-table__head-cell\" scope=\"col\"><div class=\"jet-table__cell-inner\"><div class=\"jet-table__cell-content\"><div class=\"jet-table__cell-text\">N\u00e1\u0161 z\u00e1v\u00e4zok<\/div><\/div><\/div><\/th><\/tr><\/thead>\n\t\t\t\t\t\t\t\t<tbody class=\"jet-table__body\"><tr class=\"jet-table__body-row elementor-repeater-item-15b9187\"><td class=\"jet-table__cell elementor-repeater-item-4849426 jet-table__body-cell\"><div class=\"jet-table__cell-inner\"><div class=\"jet-table__cell-content\"><div class=\"jet-table__cell-text\">Ludwig-Uhland-Realschule Tuttlingen<\/div><\/div><\/div><\/td><td class=\"jet-table__cell elementor-repeater-item-25da5d3 jet-table__body-cell\"><a class=\"jet-table__cell-inner jet-table__cell-link\" href=\"https:\/\/www.lurs-tuttlingen.de\/\" target=\"_blank\" rel=\"noopener\"><div class=\"jet-table__cell-content\"><div class=\"jet-table__cell-text\">Podpora pre \u0160PORTOV\u00c9 VYBAVENIE<\/div><\/div><\/a><\/td><\/tr><tr class=\"jet-table__body-row elementor-repeater-item-1fe88c5\"><td class=\"jet-table__cell elementor-repeater-item-8a7ce42 jet-table__body-cell\"><div class=\"jet-table__cell-inner\"><div class=\"jet-table__cell-content\"><div class=\"jet-table__cell-text\">Matersk\u00e1 \u0161kola sv\u00e4t\u00e9ho Michala Tuttlingen<\/div><\/div><\/div><\/td><td class=\"jet-table__cell elementor-repeater-item-817abfa jet-table__body-cell\"><a class=\"jet-table__cell-inner jet-table__cell-link\" href=\"https:\/\/www.tuttlingen.de\/3074?view=publish&#038;item=nursery&#038;id=15\" target=\"_blank\" rel=\"noopener\"><div class=\"jet-table__cell-content\"><div class=\"jet-table__cell-text\">Podpora s vybaven\u00edm, USW.  <\/div><\/div><\/a><\/td><\/tr><\/tbody>\n\t\t\t<\/table>\n\t\t<\/div>\n\n\t\t<\/div>\t\t\t\t<\/div>\n\t\t\t\t<\/div>\n\t\t\t\t<div class=\"elementor-element elementor-element-69799e3 elementor-widget elementor-widget-heading\" data-id=\"69799e3\" data-element_type=\"widget\" data-e-type=\"widget\" data-widget_type=\"heading.default\">\n\t\t\t\t\t<h4 class=\"elementor-heading-title elementor-size-default\">\u0160port<\/h4>\t\t\t\t<\/div>\n\t\t\t\t<div class=\"elementor-element elementor-element-57fdde6 elementor-widget elementor-widget-jet-table\" data-id=\"57fdde6\" data-element_type=\"widget\" data-e-type=\"widget\" data-widget_type=\"jet-table.default\">\n\t\t\t\t<div class=\"elementor-widget-container\">\n\t\t\t\t\t<div class=\"elementor-jet-table jet-elements\">\n\t\t<div class=\"jet-table-wrapper\">\n\t\t\t<table class=\"jet-table jet-table--fa5-compat\">\n\t\t\t\t<thead class=\"jet-table__head\"><tr class=\"jet-table__head-row\"><th class=\"jet-table__cell elementor-repeater-item-3136b35 jet-table__head-cell\" scope=\"col\"><div class=\"jet-table__cell-inner\"><div class=\"jet-table__cell-content\"><div class=\"jet-table__cell-text\">Zdru\u017eenie<\/div><\/div><\/div><\/th><th class=\"jet-table__cell elementor-repeater-item-83393d5 jet-table__head-cell\" scope=\"col\"><div class=\"jet-table__cell-inner\"><div class=\"jet-table__cell-content\"><div class=\"jet-table__cell-text\">N\u00e1\u0161 z\u00e1v\u00e4zok<\/div><\/div><\/div><\/th><\/tr><\/thead>\n\t\t\t\t\t\t\t\t<tbody class=\"jet-table__body\"><tr class=\"jet-table__body-row elementor-repeater-item-15b9187\"><td class=\"jet-table__cell elementor-repeater-item-4849426 jet-table__body-cell\"><div class=\"jet-table__cell-inner\"><div class=\"jet-table__cell-content\"><div class=\"jet-table__cell-text\">Cyklistick\u00fd klub Spaichingen (Badgers)<\/div><\/div><\/div><\/td><td class=\"jet-table__cell elementor-repeater-item-25da5d3 jet-table__body-cell\"><a class=\"jet-table__cell-inner jet-table__cell-link\" href=\"https:\/\/rv-spaichingen.de\/index.php\/inlineskaterhockey\" target=\"_blank\" rel=\"noopener\"><div class=\"jet-table__cell-content\"><div class=\"jet-table__cell-text\">Podpora pre INLINE HOCKEY<\/div><\/div><\/a><\/td><\/tr><tr class=\"jet-table__body-row elementor-repeater-item-1fe88c5\"><td class=\"jet-table__cell elementor-repeater-item-8a7ce42 jet-table__body-cell\"><div class=\"jet-table__cell-inner\"><div class=\"jet-table__cell-content\"><div class=\"jet-table__cell-text\">Turngemeinde Tuttlingen 1859 e.V.<\/div><\/div><\/div><\/td><td class=\"jet-table__cell elementor-repeater-item-817abfa jet-table__body-cell\"><a class=\"jet-table__cell-inner jet-table__cell-link\" href=\"https:\/\/www.tg-tut.de\/de\/sportarten\/handball\/\" target=\"_blank\" rel=\"noopener\"><div class=\"jet-table__cell-content\"><div class=\"jet-table__cell-text\">Podpora pre loptu HANDBALL<\/div><\/div><\/a><\/td><\/tr><tr class=\"jet-table__body-row elementor-repeater-item-b6b1633\"><td class=\"jet-table__cell elementor-repeater-item-e3b7a51 jet-table__body-cell\"><div class=\"jet-table__cell-inner\"><div class=\"jet-table__cell-content\"><div class=\"jet-table__cell-text\">TSG \u00d6hringen 1848 e.V.<\/div><\/div><\/div><\/td><td class=\"jet-table__cell elementor-repeater-item-849adb7 jet-table__body-cell\"><a class=\"jet-table__cell-inner jet-table__cell-link\" href=\"https:\/\/tsg-oehringen.de\/\" target=\"_blank\" rel=\"noopener\"><div class=\"jet-table__cell-content\"><div class=\"jet-table__cell-text\">Podpora pre \u0160PORT A CVI\u010cENIE<\/div><\/div><\/a><\/td><\/tr><tr class=\"jet-table__body-row elementor-repeater-item-9b89b8d\"><td class=\"jet-table__cell elementor-repeater-item-6dcb7f8 jet-table__body-cell\"><div class=\"jet-table__cell-inner\"><div class=\"jet-table__cell-content\"><div class=\"jet-table__cell-text\">FC Schwandorf \/ Worndorf \/ Neuhausen e.V.<\/div><\/div><\/div><\/td><td class=\"jet-table__cell elementor-repeater-item-6bcf8ba jet-table__body-cell\"><a class=\"jet-table__cell-inner jet-table__cell-link\" href=\"https:\/\/www.fcswn.de\/\" target=\"_blank\" rel=\"noopener\"><div class=\"jet-table__cell-content\"><div class=\"jet-table__cell-text\">Podpora futbalu<\/div><\/div><\/a><\/td><\/tr><tr class=\"jet-table__body-row elementor-repeater-item-dde84c1\"><td class=\"jet-table__cell elementor-repeater-item-5e988c1 jet-table__body-cell\"><div class=\"jet-table__cell-inner\"><div class=\"jet-table__cell-content\"><div class=\"jet-table__cell-text\">Ml\u00e1de\u017en\u00edcky futbalov\u00fd klub Oberes Donautal e.V.<\/div><\/div><\/div><\/td><td class=\"jet-table__cell elementor-repeater-item-039e3a3 jet-table__body-cell\"><a class=\"jet-table__cell-inner jet-table__cell-link\" href=\"https:\/\/www.jfv-oberesdonautal.de\/\" target=\"_blank\" rel=\"noopener\"><div class=\"jet-table__cell-content\"><div class=\"jet-table__cell-text\">Podpora futbalu<\/div><\/div><\/a><\/td><\/tr><tr class=\"jet-table__body-row elementor-repeater-item-a9714c6\"><td class=\"jet-table__cell elementor-repeater-item-9967e94 jet-table__body-cell\"><div class=\"jet-table__cell-inner\"><div class=\"jet-table__cell-content\"><div class=\"jet-table__cell-text\">Turnverein 1864 e.V. M\u00f6hringen<\/div><\/div><\/div><\/td><td class=\"jet-table__cell elementor-repeater-item-5f12260 jet-table__body-cell\"><a class=\"jet-table__cell-inner jet-table__cell-link\" href=\"https:\/\/www.tv-moehringen.de\/\" target=\"_blank\" rel=\"noopener\"><div class=\"jet-table__cell-content\"><div class=\"jet-table__cell-text\">Podpora futbalu<\/div><\/div><\/a><\/td><\/tr><tr class=\"jet-table__body-row elementor-repeater-item-e83866e\"><td class=\"jet-table__cell elementor-repeater-item-199a5a1 jet-table__body-cell\"><div class=\"jet-table__cell-inner\"><div class=\"jet-table__cell-content\"><div class=\"jet-table__cell-text\">TV Nendingen e.V.<\/div><\/div><\/div><\/td><td class=\"jet-table__cell elementor-repeater-item-632bc48 jet-table__body-cell\"><a class=\"jet-table__cell-inner jet-table__cell-link\" href=\"https:\/\/www.tvnendingen.de\/\" target=\"_blank\" rel=\"noopener\"><div class=\"jet-table__cell-content\"><div class=\"jet-table__cell-text\">Podpora pre \u0160PORT A CVI\u010cENIE<\/div><\/div><\/a><\/td><\/tr><tr class=\"jet-table__body-row elementor-repeater-item-a01e843\"><td class=\"jet-table__cell elementor-repeater-item-c06bc01 jet-table__body-cell\"><div class=\"jet-table__cell-inner\"><div class=\"jet-table__cell-content\"><div class=\"jet-table__cell-text\">VfL Nendingen e.V.  <\/div><\/div><\/div><\/td><td class=\"jet-table__cell elementor-repeater-item-1db42c4 jet-table__body-cell\"><a class=\"jet-table__cell-inner jet-table__cell-link\" href=\"https:\/\/www.vflnendingen.de\/\" target=\"_blank\" rel=\"noopener\"><div class=\"jet-table__cell-content\"><div class=\"jet-table__cell-text\">Podpora futbalu<\/div><\/div><\/a><\/td><\/tr><tr class=\"jet-table__body-row elementor-repeater-item-23fa646\"><td class=\"jet-table__cell elementor-repeater-item-deee6ef jet-table__body-cell\"><div class=\"jet-table__cell-inner\"><div class=\"jet-table__cell-content\"><div class=\"jet-table__cell-text\">TSV Gomaringen 1951 e.V.<\/div><\/div><\/div><\/td><td class=\"jet-table__cell elementor-repeater-item-328f74e jet-table__body-cell\"><a class=\"jet-table__cell-inner jet-table__cell-link\" href=\"https:\/\/www.tsv-gomaringen.de\/\" target=\"_blank\" rel=\"noopener\"><div class=\"jet-table__cell-content\"><div class=\"jet-table__cell-text\">Podpora futbalu<\/div><\/div><\/a><\/td><\/tr><\/tbody>\n\t\t\t<\/table>\n\t\t<\/div>\n\n\t\t<\/div>\t\t\t\t<\/div>\n\t\t\t\t<\/div>\n\t\t\t\t<div class=\"elementor-element elementor-element-94a1cdd elementor-widget elementor-widget-heading\" data-id=\"94a1cdd\" data-element_type=\"widget\" data-e-type=\"widget\" data-widget_type=\"heading.default\">\n\t\t\t\t\t<h4 class=\"elementor-heading-title elementor-size-default\">Soci\u00e1lne z\u00e1le\u017eitosti<\/h4>\t\t\t\t<\/div>\n\t\t\t\t<div class=\"elementor-element elementor-element-37a5e84 elementor-widget elementor-widget-jet-table\" data-id=\"37a5e84\" data-element_type=\"widget\" data-e-type=\"widget\" data-widget_type=\"jet-table.default\">\n\t\t\t\t<div class=\"elementor-widget-container\">\n\t\t\t\t\t<div class=\"elementor-jet-table jet-elements\">\n\t\t<div class=\"jet-table-wrapper\">\n\t\t\t<table class=\"jet-table jet-table--fa5-compat\">\n\t\t\t\t<thead class=\"jet-table__head\"><tr class=\"jet-table__head-row\"><th class=\"jet-table__cell elementor-repeater-item-3136b35 jet-table__head-cell\" scope=\"col\"><div class=\"jet-table__cell-inner\"><div class=\"jet-table__cell-content\"><div class=\"jet-table__cell-text\">Organiz\u00e1cia<\/div><\/div><\/div><\/th><th class=\"jet-table__cell elementor-repeater-item-83393d5 jet-table__head-cell\" scope=\"col\"><div class=\"jet-table__cell-inner\"><div class=\"jet-table__cell-content\"><div class=\"jet-table__cell-text\">N\u00e1\u0161 z\u00e1v\u00e4zok<\/div><\/div><\/div><\/th><\/tr><\/thead>\n\t\t\t\t\t\t\t\t<tbody class=\"jet-table__body\"><tr class=\"jet-table__body-row elementor-repeater-item-15b9187\"><td class=\"jet-table__cell elementor-repeater-item-4849426 jet-table__body-cell\"><div class=\"jet-table__cell-inner\"><div class=\"jet-table__cell-content\"><div class=\"jet-table__cell-text\">Nad\u00e1cia Bj\u00f6rna Steigera<\/div><\/div><\/div><\/td><td class=\"jet-table__cell elementor-repeater-item-25da5d3 jet-table__body-cell\"><a class=\"jet-table__cell-inner jet-table__cell-link\" href=\"https:\/\/www.steiger-stiftung.de\/wer-wir-sind\/unsere-geschichte\/50-jahre-baby-notarztwagen\/\" target=\"_blank\" rel=\"noopener\"><div class=\"jet-table__cell-content\"><div class=\"jet-table__cell-text\">Podpora pre BABY EMERGENCY WAGON<\/div><\/div><\/a><\/td><\/tr><\/tbody>\n\t\t\t<\/table>\n\t\t<\/div>\n\n\t\t<\/div>\t\t\t\t<\/div>\n\t\t\t\t<\/div>\n\t\t\t\t\t<\/div>\n\t\t\t\t<\/div>\n\t\t<div class=\"elementor-element elementor-element-baec6de e-flex e-con-boxed e-con e-parent\" data-id=\"baec6de\" data-element_type=\"container\" data-e-type=\"container\" data-settings=\"{&quot;jet_parallax_layout_list&quot;:[]}\">\n\t\t\t\t\t<div class=\"e-con-inner\">\n\t\t\t\t<div class=\"elementor-element elementor-element-a4b327b elementor-widget elementor-widget-gallery\" data-id=\"a4b327b\" data-element_type=\"widget\" data-e-type=\"widget\" data-settings=\"{&quot;columns&quot;:3,&quot;gap&quot;:{&quot;unit&quot;:&quot;px&quot;,&quot;size&quot;:40,&quot;sizes&quot;:[]},&quot;image_hover_animation&quot;:&quot;grow&quot;,&quot;overlay_description&quot;:&quot;description&quot;,&quot;background_overlay_hover_animation&quot;:&quot;enter-from-left&quot;,&quot;content_hover_animation&quot;:&quot;enter-from-left&quot;,&quot;lazyload&quot;:&quot;yes&quot;,&quot;gallery_layout&quot;:&quot;grid&quot;,&quot;columns_tablet&quot;:2,&quot;columns_mobile&quot;:1,&quot;gap_laptop&quot;:{&quot;unit&quot;:&quot;px&quot;,&quot;size&quot;:10,&quot;sizes&quot;:[]},&quot;gap_tablet_extra&quot;:{&quot;unit&quot;:&quot;px&quot;,&quot;size&quot;:10,&quot;sizes&quot;:[]},&quot;gap_tablet&quot;:{&quot;unit&quot;:&quot;px&quot;,&quot;size&quot;:10,&quot;sizes&quot;:[]},&quot;gap_mobile_extra&quot;:{&quot;unit&quot;:&quot;px&quot;,&quot;size&quot;:10,&quot;sizes&quot;:[]},&quot;gap_mobile&quot;:{&quot;unit&quot;:&quot;px&quot;,&quot;size&quot;:10,&quot;sizes&quot;:[]},&quot;link_to&quot;:&quot;file&quot;,&quot;aspect_ratio&quot;:&quot;3:2&quot;,&quot;overlay_background&quot;:&quot;yes&quot;}\" data-widget_type=\"gallery.default\">\n\t\t\t\t\t\t\t<div class=\"elementor-gallery__container\">\n\t\t\t\t\t\t\t<a class=\"e-gallery-item elementor-gallery-item elementor-animated-content\" href=\"https:\/\/hamma-uwt.de\/wp-content\/uploads\/Sponsoring_Wurmlingen.jpg\" data-elementor-open-lightbox=\"yes\" data-elementor-lightbox-slideshow=\"a4b327b\" data-elementor-lightbox-title=\"Sponzoring_Wurmlingen\" data-elementor-lightbox-description=\"Turngemeinde Tuttlingen 1859 e.V.\" data-e-action-hash=\"#elementor-action%3Aaction%3Dlightbox%26settings%3DeyJpZCI6NzMyMywidXJsIjoiaHR0cHM6XC9cL2hhbW1hLXV3dC5kZVwvd3AtY29udGVudFwvdXBsb2Fkc1wvU3BvbnNvcmluZ19XdXJtbGluZ2VuLmpwZyIsInNsaWRlc2hvdyI6ImE0YjMyN2IifQ%3D%3D\">\n\t\t\t\t\t<div class=\"e-gallery-image elementor-gallery-item__image\" data-thumbnail=\"https:\/\/hamma-uwt.de\/wp-content\/uploads\/Sponsoring_Wurmlingen-1024x768.jpg\" data-width=\"800\" data-height=\"600\" aria-label=\"\" role=\"img\" ><\/div>\n\t\t\t\t\t\t\t\t\t\t\t<div class=\"elementor-gallery-item__overlay\"><\/div>\n\t\t\t\t\t\t\t\t\t\t\t\t\t\t\t<div class=\"elementor-gallery-item__content\">\n\t\t\t\t\t\t\t\t\t\t\t\t\t\t<div class=\"elementor-gallery-item__description\">\n\t\t\t\t\t\t\t\t\t\t\t\t\t\t\t\t\t\tTurngemeinde Tuttlingen 1859 e.V.\t\t\t\t\t\t\t\t<\/div>\n\t\t\t\t\t\t\t\t\t\t\t\t<\/div>\n\t\t\t\t\t\t\t\t\t<\/a>\n\t\t\t\t\t\t\t<a class=\"e-gallery-item elementor-gallery-item elementor-animated-content\" href=\"https:\/\/hamma-uwt.de\/wp-content\/uploads\/Sponsoring_Wurmlingen_2.jpg\" data-elementor-open-lightbox=\"yes\" data-elementor-lightbox-slideshow=\"a4b327b\" data-elementor-lightbox-title=\"Sponzoring_Wurmlingen_2\" data-elementor-lightbox-description=\"F-Youth TV Wurmlingen &amp; TG Tuttlingen\" data-e-action-hash=\"#elementor-action%3Aaction%3Dlightbox%26settings%3DeyJpZCI6NzMyMiwidXJsIjoiaHR0cHM6XC9cL2hhbW1hLXV3dC5kZVwvd3AtY29udGVudFwvdXBsb2Fkc1wvU3BvbnNvcmluZ19XdXJtbGluZ2VuXzIuanBnIiwic2xpZGVzaG93IjoiYTRiMzI3YiJ9\">\n\t\t\t\t\t<div class=\"e-gallery-image elementor-gallery-item__image\" data-thumbnail=\"https:\/\/hamma-uwt.de\/wp-content\/uploads\/Sponsoring_Wurmlingen_2-1024x768.jpg\" data-width=\"800\" data-height=\"600\" aria-label=\"\" role=\"img\" ><\/div>\n\t\t\t\t\t\t\t\t\t\t\t<div class=\"elementor-gallery-item__overlay\"><\/div>\n\t\t\t\t\t\t\t\t\t\t\t\t\t\t\t<div class=\"elementor-gallery-item__content\">\n\t\t\t\t\t\t\t\t\t\t\t\t\t\t<div class=\"elementor-gallery-item__description\">\n\t\t\t\t\t\t\t\t\t\t\t\t\t\t\t\t\t\tF-Youth TV Wurmlingen &amp; TG Tuttlingen\t\t\t\t\t\t\t\t<\/div>\n\t\t\t\t\t\t\t\t\t\t\t\t<\/div>\n\t\t\t\t\t\t\t\t\t<\/a>\n\t\t\t\t\t\t\t<a class=\"e-gallery-item elementor-gallery-item elementor-animated-content\" href=\"https:\/\/hamma-uwt.de\/wp-content\/uploads\/HAMMA_Sponsoring_003.jpg\" data-elementor-open-lightbox=\"yes\" data-elementor-lightbox-slideshow=\"a4b327b\" data-elementor-lightbox-title=\"HAMMA_Sponsoring_003\" data-elementor-lightbox-description=\"TSV Gomaringen 1951 e.V.\" data-e-action-hash=\"#elementor-action%3Aaction%3Dlightbox%26settings%3DeyJpZCI6NzMyNCwidXJsIjoiaHR0cHM6XC9cL2hhbW1hLXV3dC5kZVwvd3AtY29udGVudFwvdXBsb2Fkc1wvSEFNTUFfU3BvbnNvcmluZ18wMDMuanBnIiwic2xpZGVzaG93IjoiYTRiMzI3YiJ9\">\n\t\t\t\t\t<div class=\"e-gallery-image elementor-gallery-item__image\" data-thumbnail=\"https:\/\/hamma-uwt.de\/wp-content\/uploads\/HAMMA_Sponsoring_003-1024x768.jpg\" data-width=\"800\" data-height=\"600\" aria-label=\"\" role=\"img\" ><\/div>\n\t\t\t\t\t\t\t\t\t\t\t<div class=\"elementor-gallery-item__overlay\"><\/div>\n\t\t\t\t\t\t\t\t\t\t\t\t\t\t\t<div class=\"elementor-gallery-item__content\">\n\t\t\t\t\t\t\t\t\t\t\t\t\t\t<div class=\"elementor-gallery-item__description\">\n\t\t\t\t\t\t\t\t\t\t\t\t\t\t\t\t\t\tTSV Gomaringen 1951 e.V.\t\t\t\t\t\t\t\t<\/div>\n\t\t\t\t\t\t\t\t\t\t\t\t<\/div>\n\t\t\t\t\t\t\t\t\t<\/a>\n\t\t\t\t\t\t\t<a class=\"e-gallery-item elementor-gallery-item elementor-animated-content\" href=\"https:\/\/hamma-uwt.de\/wp-content\/uploads\/HAMMA_Sponsoring_002.jpg\" data-elementor-open-lightbox=\"yes\" data-elementor-lightbox-slideshow=\"a4b327b\" data-elementor-lightbox-title=\"HAMMA_Sponsoring_002\" data-elementor-lightbox-description=\"TSV Gomaringen 1951 e.V.\" data-e-action-hash=\"#elementor-action%3Aaction%3Dlightbox%26settings%3DeyJpZCI6NzMyNSwidXJsIjoiaHR0cHM6XC9cL2hhbW1hLXV3dC5kZVwvd3AtY29udGVudFwvdXBsb2Fkc1wvSEFNTUFfU3BvbnNvcmluZ18wMDIuanBnIiwic2xpZGVzaG93IjoiYTRiMzI3YiJ9\">\n\t\t\t\t\t<div class=\"e-gallery-image elementor-gallery-item__image\" data-thumbnail=\"https:\/\/hamma-uwt.de\/wp-content\/uploads\/HAMMA_Sponsoring_002.jpg\" data-width=\"800\" data-height=\"600\" aria-label=\"\" role=\"img\" ><\/div>\n\t\t\t\t\t\t\t\t\t\t\t<div class=\"elementor-gallery-item__overlay\"><\/div>\n\t\t\t\t\t\t\t\t\t\t\t\t\t\t\t<div class=\"elementor-gallery-item__content\">\n\t\t\t\t\t\t\t\t\t\t\t\t\t\t<div class=\"elementor-gallery-item__description\">\n\t\t\t\t\t\t\t\t\t\t\t\t\t\t\t\t\t\tTSV Gomaringen 1951 e.V.\t\t\t\t\t\t\t\t<\/div>\n\t\t\t\t\t\t\t\t\t\t\t\t<\/div>\n\t\t\t\t\t\t\t\t\t<\/a>\n\t\t\t\t\t\t\t<a class=\"e-gallery-item elementor-gallery-item elementor-animated-content\" href=\"https:\/\/hamma-uwt.de\/wp-content\/uploads\/HAMMA_Sponsoring_001.jpg\" data-elementor-open-lightbox=\"yes\" data-elementor-lightbox-slideshow=\"a4b327b\" data-elementor-lightbox-title=\"HAMMA_Sponsoring_001\" data-elementor-lightbox-description=\"TSV Gomaringen 1951 e.V.\" data-e-action-hash=\"#elementor-action%3Aaction%3Dlightbox%26settings%3DeyJpZCI6NzMyNiwidXJsIjoiaHR0cHM6XC9cL2hhbW1hLXV3dC5kZVwvd3AtY29udGVudFwvdXBsb2Fkc1wvSEFNTUFfU3BvbnNvcmluZ18wMDEuanBnIiwic2xpZGVzaG93IjoiYTRiMzI3YiJ9\">\n\t\t\t\t\t<div class=\"e-gallery-image elementor-gallery-item__image\" data-thumbnail=\"https:\/\/hamma-uwt.de\/wp-content\/uploads\/HAMMA_Sponsoring_001.jpg\" data-width=\"800\" data-height=\"600\" aria-label=\"\" role=\"img\" ><\/div>\n\t\t\t\t\t\t\t\t\t\t\t<div class=\"elementor-gallery-item__overlay\"><\/div>\n\t\t\t\t\t\t\t\t\t\t\t\t\t\t\t<div class=\"elementor-gallery-item__content\">\n\t\t\t\t\t\t\t\t\t\t\t\t\t\t<div class=\"elementor-gallery-item__description\">\n\t\t\t\t\t\t\t\t\t\t\t\t\t\t\t\t\t\tTSV Gomaringen 1951 e.V.\t\t\t\t\t\t\t\t<\/div>\n\t\t\t\t\t\t\t\t\t\t\t\t<\/div>\n\t\t\t\t\t\t\t\t\t<\/a>\n\t\t\t\t\t<\/div>\n\t\t\t\t\t<\/div>\n\t\t\t\t\t<\/div>\n\t\t\t\t<\/div>\n\t\t\t\t<\/div>\n\t\t","protected":false},"excerpt":{"rendered":"<p>SPONZOROVANIE 2024\/2025\/2026 Z\u00e1v\u00e4zok a sponzorstvo Ako rodinn\u00e1 spolo\u010dnos\u0165 s region\u00e1lnymi kore\u0148mi je pre n\u00e1s soci\u00e1lna anga\u017eovanos\u0165 mimoriadne d\u00f4le\u017eit\u00e1. Preber\u00e1me zodpovednos\u0165 - nad r\u00e1mec na\u0161ich v\u00fdrobkov - a podporujeme projekty, ktor\u00e9 podporuj\u00fa komunitu, vzdel\u00e1vanie a zdravie. Na\u0161e sponzorsk\u00e9 aktivity sa zameriavaj\u00fa na tri hlavn\u00e9 oblasti: Vzdel\u00e1vanie - podpora \u0161k\u00f4l a matersk\u00fdch \u0161k\u00f4l pri vytv\u00e1ran\u00ed priestorov na [&hellip;]<\/p>\n","protected":false},"author":2,"featured_media":0,"parent":7596,"menu_order":10,"comment_status":"closed","ping_status":"closed","template":"","meta":{"_acf_changed":false,"footnotes":""},"class_list":["post-7321","page","type-page","status-publish","hentry"],"acf":[],"_links":{"self":[{"href":"https:\/\/hamma-uwt.de\/sk\/wp-json\/wp\/v2\/pages\/7321","targetHints":{"allow":["GET"]}}],"collection":[{"href":"https:\/\/hamma-uwt.de\/sk\/wp-json\/wp\/v2\/pages"}],"about":[{"href":"https:\/\/hamma-uwt.de\/sk\/wp-json\/wp\/v2\/types\/page"}],"author":[{"embeddable":true,"href":"https:\/\/hamma-uwt.de\/sk\/wp-json\/wp\/v2\/users\/2"}],"replies":[{"embeddable":true,"href":"https:\/\/hamma-uwt.de\/sk\/wp-json\/wp\/v2\/comments?post=7321"}],"version-history":[{"count":1,"href":"https:\/\/hamma-uwt.de\/sk\/wp-json\/wp\/v2\/pages\/7321\/revisions"}],"predecessor-version":[{"id":7327,"href":"https:\/\/hamma-uwt.de\/sk\/wp-json\/wp\/v2\/pages\/7321\/revisions\/7327"}],"up":[{"embeddable":true,"href":"https:\/\/hamma-uwt.de\/sk\/wp-json\/wp\/v2\/pages\/7596"}],"wp:attachment":[{"href":"https:\/\/hamma-uwt.de\/sk\/wp-json\/wp\/v2\/media?parent=7321"}],"curies":[{"name":"wp","href":"https:\/\/api.w.org\/{rel}","templated":true}]}}