{"id":7387,"date":"2025-07-18T14:40:17","date_gmt":"2025-07-18T12:40:17","guid":{"rendered":"https:\/\/hamma-uwt.de\/gtc\/"},"modified":"2026-03-04T16:40:06","modified_gmt":"2026-03-04T15:40:06","slug":"gtc","status":"publish","type":"page","link":"https:\/\/hamma-uwt.de\/sk\/sluzba\/gtc\/","title":{"rendered":"GTC"},"content":{"rendered":"\t\t<div data-elementor-type=\"wp-page\" data-elementor-id=\"7387\" class=\"elementor elementor-7387 elementor-1659\" data-elementor-post-type=\"page\">\n\t\t\t\t<div class=\"elementor-element elementor-element-b678910 e-flex e-con-boxed e-con e-parent\" data-id=\"b678910\" data-element_type=\"container\" data-e-type=\"container\" data-settings=\"{&quot;jet_parallax_layout_list&quot;:[]}\">\n\t\t\t\t\t<div class=\"e-con-inner\">\n\t\t\t\t<div class=\"elementor-element elementor-element-f307924 elementor-widget elementor-widget-heading\" data-id=\"f307924\" data-element_type=\"widget\" data-e-type=\"widget\" data-widget_type=\"heading.default\">\n\t\t\t\t\t<h2 class=\"elementor-heading-title elementor-size-default\">AGB - V\u0161eobecn\u00e9 obchodn\u00e9 podmienky<\/h2>\t\t\t\t<\/div>\n\t\t\t\t<div class=\"elementor-element elementor-element-829c0db elementor-widget elementor-widget-text-editor\" data-id=\"829c0db\" data-element_type=\"widget\" data-e-type=\"widget\" data-widget_type=\"text-editor.default\">\n\t\t\t\t\t\t\t\t\t<div class=\"n module-type-header diyfeLiveArea \"><p><span style=\"font-size: 16px;\">Nasleduj\u00face podmienky s\u00fa ur\u010den\u00e9 pre dod\u00e1vky a slu\u017eby pre obchodn\u00edkov na ich obchodn\u00e9 oper\u00e1cie.<\/span><\/p><\/div><div class=\"n module-type-text diyfeLiveArea \"><p>Dod\u00e1vky a slu\u017eby sa poskytuj\u00fa v\u00fdlu\u010dne v s\u00falade s na\u0161imi dodac\u00edmi a platobn\u00fdmi podmienkami, ktor\u00e9 z\u00e1kazn\u00edk uzn\u00e1va po prijat\u00ed potvrdenia na\u0161ej objedn\u00e1vky, najnesk\u00f4r v\u0161ak pri prevzat\u00ed objednan\u00e9ho tovaru. Odli\u0161n\u00e9 n\u00e1kupn\u00e9 podmienky z\u00e1kazn\u00edka sa nest\u00e1vaj\u00fa s\u00fa\u010das\u0165ou zmluvy ani v pr\u00edpade prijatia objedn\u00e1vky. Objedn\u00e1vky, ved\u013eaj\u0161ie dohody, dodatky a in\u00e9 dohody nadob\u00fadaj\u00fa platnos\u0165 a\u017e po na\u0161om p\u00edsomnom potvrden\u00ed.  <\/p><p>Ceny: Platia ceny a cenov\u00e9 podmienky zverejnen\u00e9 v de\u0148 dodania. DPH sa \u00fa\u010dtuje dodato\u010dne pod\u013ea platnej sadzby. <\/p><p>V\u00fdrobky na mieru: V pr\u00edpade vzoriek a v\u00fdrobkov na mieru mimo pr\u00edslu\u0161n\u00e9ho platn\u00e9ho rozsahu dod\u00e1vok sa za dohodnut\u00e9 pova\u017euj\u00fa primeran\u00e9 nadmern\u00e9 alebo kr\u00e1tke mno\u017estv\u00e1.<\/p><p>Dodacie lehoty s\u00fa nez\u00e1v\u00e4zn\u00e9 a\u017e do prijatia objedn\u00e1vky - s v\u00fdhradou priebe\u017en\u00e9ho predaja - a po\u010d\u00edtaj\u00fa sa od prijatia objedn\u00e1vky alebo najsk\u00f4r od kone\u010dnej dohody o realiz\u00e1cii objedn\u00e1vky a poskytnutia v\u0161etk\u00fdch dokumentov, povolen\u00ed a schv\u00e1len\u00ed, ktor\u00e9 m\u00e1 z\u00e1kazn\u00edk zaobstara\u0165. Ak s\u00fa dodacie lehoty uveden\u00e9 v d\u0148och, zapo\u010d\u00edtavaj\u00fa sa len obvykl\u00e9 pracovn\u00e9 dni. Dodacia lehota sa pova\u017euje za dodr\u017ean\u00fa, ak predmet dod\u00e1vky opustil v\u00fdrobn\u00fd z\u00e1vod alebo ak bola do jej uplynutia ozn\u00e1men\u00e1 pripravenos\u0165 na odoslanie.  <\/p><p>Dodacie lehoty z\u00e1visia od v\u00fdznamn\u00fdch nepredv\u00eddate\u013en\u00fdch udalost\u00ed po\u010das v\u00fdroby a in\u00fdch prek\u00e1\u017eok, ako s\u00fa vy\u0161\u0161ia moc, me\u0161kanie dopravy, prev\u00e1dzkov\u00e9 poruchy alebo pracovn\u00e9 spory v na\u0161ich vlastn\u00fdch z\u00e1vodoch alebo v z\u00e1vodoch na\u0161ich dod\u00e1vate\u013eov.<br>Ak z\u00e1kazn\u00edkovi vznikne \u0161koda v d\u00f4sledku ome\u0161kania, za ktor\u00e9 sme hrubo zodpovedn\u00ed, m\u00e1 pr\u00e1vo po\u017eadova\u0165 n\u00e1hradu za ome\u0161kanie. Tak\u00e1to n\u00e1hrada \u0161kody predstavuje 1\/2 percenta za ka\u017ed\u00fd cel\u00fd t\u00fd\u017ede\u0148 ome\u0161kania, celkovo v\u0161ak najviac 5 % hodnoty tej \u010dasti dod\u00e1vky, ktor\u00e1 nebola dodan\u00e1 v\u010das alebo sa v d\u00f4sledku ome\u0161kania nem\u00f4\u017ee pou\u017ei\u0165 v s\u00falade so zmluvou. \u010eal\u0161ie n\u00e1roky s\u00fa vyl\u00fa\u010den\u00e9.  <\/p><p>Obaly: Jednorazov\u00e9 obaly, ako s\u00fa dreven\u00e9 debny, kart\u00f3nov\u00e9 \u0161katule at\u010f., bud\u00fa \u00fa\u010dtovan\u00e9 v cene n\u00e1kladov a nebud\u00fa prijat\u00e9 sp\u00e4\u0165. Opakovane pou\u017eite\u013en\u00e9 a sie\u0165ov\u00e9 krabicov\u00e9 palety, palety so stohovac\u00edmi r\u00e1mami a vekami, kontajnery a kazety zost\u00e1vaj\u00fa na\u0161\u00edm majetkom a musia by\u0165 bezodkladne vr\u00e1ten\u00e9 na miesto dodania bez ak\u00fdchko\u013evek n\u00e1kladov.<br>Hromadn\u00e9 obaly obsahuj\u00fa po\u010det kusov uveden\u00fd v na\u0161ich cenn\u00edkoch ako oloven\u00e9 obaly. Mno\u017estv\u00e1 odchy\u013euj\u00face sa od tohto mno\u017estva alebo ich n\u00e1sobky je mo\u017en\u00e9 doda\u0165 len v individu\u00e1lnych baleniach, pokia\u013e to nie je v rozpore s minim\u00e1lnym mno\u017estvom objedn\u00e1vky.  <\/p><p>Odoslanie sa uskuto\u010d\u0148uje na n\u00e1klady a riziko pr\u00edjemcu bez oh\u013eadu na miesto ur\u010denia v Nemecku, ale s vyl\u00fa\u010den\u00edm ak\u00fdchko\u013evek poplatkov za prepravu. Dodato\u010dn\u00e9 n\u00e1klady na expresn\u00fd tovar a prepravn\u00e9 n\u00e1klady na mal\u00e9 z\u00e1sielky zn\u00e1\u0161a z\u00e1kazn\u00edk. V\u00fdber sp\u00f4sobu odoslania sa ponech\u00e1va na mieste dodania. \u010ciasto\u010dn\u00e9 dod\u00e1vky s\u00fa pr\u00edpustn\u00e9.   <\/p><p>Koncept vr\u00e1tenia: Ak sa skon\u010dila \u017eivotnos\u0165 zak\u00fapen\u00e9ho zariadenia a u\u017e ho nepotrebujete, m\u00f4\u017eete ho v primeranom stave posla\u0165 na recykl\u00e1ciu\/likvid\u00e1ciu na nasleduj\u00facu adresu.  <\/p><p>Armin Hamma Umwelttechnik, WEEE - Recycling\/Disposal, Kettelerstra\u00dfe 44-46, D- 78532 Tuttlingen.<\/p><p>Nezaplaten\u00e9 z\u00e1sielky nebud\u00fa prijat\u00e9 alebo bud\u00fa prijat\u00e9 len na z\u00e1klade dobrej v\u00f4le. Vr\u00e1ten\u00e9 v\u00fdrobky u\u017e nie je mo\u017en\u00e9 reklamova\u0165. <\/p><p> <\/p><p>Platby sa spravidla vykon\u00e1vaj\u00fa v eur\u00e1ch, plus z\u00e1konn\u00e1 DPH, do hodnoty objedn\u00e1vky 7 700,00 E netto ihne\u010f, od hodnoty objedn\u00e1vky 7 700,00 E 1\/3 v\u017edy po potvrden\u00ed objedn\u00e1vky\/dodan\u00ed\/prijat\u00ed fakt\u00fary. V pr\u00edpade platby zo zahrani\u010dia sa platba uskuto\u010d\u0148uje formou LC alebo z\u00e1lohy.<br>V pr\u00edpade prekro\u010denia lehoty splatnosti sa \u00fa\u010dtuje bankov\u00fd \u00farok.<br>Z\u00e1kazn\u00edk nie je opr\u00e1vnen\u00fd zadr\u017ea\u0165 alebo zapo\u010d\u00edta\u0165 platby proti protipoh\u013ead\u00e1vkam.<br>V pr\u00edpade pozastavenia platby alebo nadmern\u00e9ho zadl\u017eenia zo strany z\u00e1kazn\u00edka, ako aj nedodr\u017eania dohodnut\u00fdch platobn\u00fdch podmienok sa v\u0161etky poh\u013ead\u00e1vky, na ktor\u00e9 m\u00e1me vo\u010di z\u00e1kazn\u00edkovi n\u00e1rok, vr\u00e1tane poh\u013ead\u00e1vok zo zmenky, st\u00e1vaj\u00fa okam\u017eite splatn\u00fdmi. <\/p><p>V\u00fdhrada vlastn\u00edckeho pr\u00e1va: Vyhradzujeme si vlastn\u00edcke pr\u00e1vo na v\u0161etok nami dodan\u00fd tovar a\u017e do \u00fapln\u00e9ho zaplatenia: v\u0161etky dod\u00e1vky sa pova\u017euj\u00fa za jednu dod\u00e1vaciu transakciu. V pr\u00edpade be\u017en\u00e9ho \u00fa\u010dtu sl\u00fa\u017ei v\u00fdhrada vlastn\u00edckeho pr\u00e1va ako zabezpe\u010denie na\u0161ej poh\u013ead\u00e1vky na zostatok. <\/p><p>Ak z\u00e1kazn\u00edk spoj\u00ed n\u00e1\u0161 tovar s in\u00fdmi polo\u017ekami do jednej polo\u017eky, staneme sa spoluvlastn\u00edkmi novej polo\u017eky na pomernom z\u00e1klade. Ak z\u00e1kazn\u00edk nami dodan\u00fd tovar \u010falej pred\u00e1 pod\u013ea svojho ur\u010denia, postupuje n\u00e1m t\u00fdmto poh\u013ead\u00e1vky vo\u010di svojim z\u00e1kazn\u00edkom vypl\u00fdvaj\u00face z predaja spolu so v\u0161etk\u00fdmi ved\u013eaj\u0161\u00edmi pr\u00e1vami, a to a\u017e do \u00fapln\u00e9ho vyrovnania v\u0161etk\u00fdch na\u0161ich poh\u013ead\u00e1vok. Na na\u0161u \u017eiados\u0165 je z\u00e1kazn\u00edk povinn\u00fd informova\u0165 tret\u00edch kupuj\u00facich o post\u00fapen\u00ed a poskytn\u00fa\u0165 n\u00e1m inform\u00e1cie a dokumenty potrebn\u00e9 na uplatnenie na\u0161ich pr\u00e1v.  <br>Z\u00e1kazn\u00edk n\u00e1s mus\u00ed bezodkladne informova\u0165 o akomko\u013evek zabaven\u00ed tovaru s v\u00fdhradou vlastn\u00edctva alebo o akomko\u013evek inom z\u00e1sahu do na\u0161ich pr\u00e1v zo strany tret\u00edch str\u00e1n.<br>Uvo\u013en\u00edme cenn\u00e9 papiere v na\u0161om vlastn\u00edctve v rozsahu, v akom ich hodnota prevy\u0161uje poh\u013ead\u00e1vky, ktor\u00e9 maj\u00fa by\u0165 zabezpe\u010den\u00e9, o viac ako 25 % v s\u00fa\u010dte.<br>Pokia\u013e v\u00fdhrada vlastn\u00edckeho pr\u00e1va nie je v tejto forme z pr\u00e1vnych d\u00f4vodov plne \u00fa\u010dinn\u00e1, z\u00e1kazn\u00edk je povinn\u00fd zabezpe\u010di\u0165 na\u0161e n\u00e1roky na tovar zodpovedaj\u00facim pr\u00e1vne \u00fa\u010dinn\u00fdm sp\u00f4sobom a spolupracova\u0165 pri potrebn\u00fdch opatreniach.<\/p><p>Z\u00e1ruka: V pr\u00edpade dod\u00e1vok, ktor\u00e9 s\u00fa preuk\u00e1zate\u013ene \u00faplne alebo \u010diasto\u010dne nepou\u017eite\u013en\u00e9 v d\u00f4sledku ch\u00fdb, za ktor\u00e9 zodpoved\u00e1me, alebo v d\u00f4sledku absencie v\u00fdslovne zaru\u010den\u00fdch vlastnost\u00ed, tovar pod\u013ea n\u00e1\u0161ho uv\u00e1\u017eenia a s prihliadnut\u00edm na ekonomick\u00e9 a technick\u00e9 aspekty bu\u010f bezplatne oprav\u00edme, alebo vykon\u00e1me nov\u00fa dod\u00e1vku, alebo zn\u00ed\u017eime predajn\u00fa cenu. Z priamych n\u00e1kladov vypl\u00fdvaj\u00facich z opravy alebo n\u00e1hradnej dod\u00e1vky zn\u00e1\u0161ame n\u00e1klady na opravu alebo n\u00e1hradn\u00fa dod\u00e1vku vr\u00e1tane po\u0161tovn\u00e9ho, ako aj primeran\u00e9 n\u00e1klady na odstr\u00e1nenie a in\u0161tal\u00e1ciu na z\u00e1klade hodnoty chybn\u00e9ho predmetu dod\u00e1vky, pokia\u013e sa t\u00fdkaj\u00fa Nemecka. Prepravn\u00e9 n\u00e1klady na vr\u00e1tenie chybn\u00e9ho tovaru sa uhr\u00e1dzaj\u00fa len vtedy, ak sa vr\u00e1tenie uskuto\u010d\u0148uje na na\u0161u v\u00fdslovn\u00fa \u017eiados\u0165.  <\/p><p>V opa\u010dnom pr\u00edpade zn\u00e1\u0161a n\u00e1klady z\u00e1kazn\u00edk.<br>Z\u00e1ru\u010dn\u00e1 doba je 12 mesiacov od d\u00e1tumu dodania. V pr\u00edpade n\u00e1sledn\u00e9ho zlep\u0161enia a n\u00e1hradnej dod\u00e1vky sa predl\u017euje len o \u010das, po\u010das ktor\u00e9ho nie je mo\u017en\u00e9 predmet dod\u00e1vky pou\u017e\u00edva\u0165. Opotrebovan\u00e9 diely s\u00fa z tohto ustanovenia vyl\u00fa\u010den\u00e9.<br>Ka\u017ed\u00e9 rozpoznate\u013en\u00e9 po\u0161kodenie pri preprave a v\u0161etky ostatn\u00e9 z\u00e1vady n\u00e1m musia by\u0165 ozn\u00e1men\u00e9 bezodkladne do 8 dn\u00ed od ich zistenia.<br>Ak n\u00e1m z\u00e1vady nebud\u00fa ozn\u00e1men\u00e9 v\u010das, m\u00f4\u017eeme odmietnu\u0165 plnenie z\u00e1ru\u010dn\u00fdch n\u00e1rokov. To ist\u00e9 plat\u00ed, ak n\u00e1m nebude poskytnut\u00fd potrebn\u00fd \u010das a mo\u017enos\u0165 prija\u0165 v\u0161etky opatrenia, ktor\u00e9 pova\u017eujeme za potrebn\u00e9 pod\u013ea n\u00e1\u0161ho primeran\u00e9ho uv\u00e1\u017eenia. Iba v naliehav\u00fdch pr\u00edpadoch, ke\u010f je ohrozen\u00e1 bezpe\u010dnos\u0165 prev\u00e1dzky z\u00e1kazn\u00edka a aby sa zabr\u00e1nilo neprimerane ve\u013ek\u00fdm \u0161kod\u00e1m, pri\u010dom v takomto pr\u00edpade n\u00e1m to mus\u00ed by\u0165 bezodkladne ozn\u00e1men\u00e9, alebo ak sme v ome\u0161kan\u00ed s odstr\u00e1nen\u00edm z\u00e1vady, m\u00e1 z\u00e1kazn\u00edk pr\u00e1vo odstr\u00e1ni\u0165 z\u00e1vadu s\u00e1m alebo ju necha\u0165 odstr\u00e1ni\u0165 tre\u0165ou osobou a po\u017eadova\u0165 od n\u00e1s n\u00e1hradu n\u00e1kladov, ktor\u00e9 m\u00e1 zn\u00e1\u0161a\u0165 v r\u00e1mci z\u00e1ruky.    <\/p><p>Ved\u013eaj\u0161ie povinnosti a poradenstvo: Ved\u013eaj\u0161ie zmluvn\u00e9 slu\u017eby (napr. n\u00e1vod na \u00fadr\u017ebu) a poradenstvo, pokia\u013e sa t\u00fdkaj\u00fa predmetu dod\u00e1vky, poskytujeme starostlivo a pod\u013ea n\u00e1\u0161ho najlep\u0161ieho vedomia v s\u00falade s pr\u00edslu\u0161n\u00fdm stavom techniky a podmienkami pou\u017e\u00edvania, ktor\u00e9 n\u00e1m ur\u010dil z\u00e1kazn\u00edk; pokia\u013e ide o z\u00e1ruku vr\u00e1tane pr\u00edpadn\u00fdch opomenut\u00ed, platia vy\u0161\u0161ie uveden\u00e9 podmienky primerane.<br>Samotn\u00e9 odpor\u00fa\u010dania nie s\u00fa z\u00e1v\u00e4zn\u00e9. Katal\u00f3gov\u00e9 a zoznamov\u00e9 \u0161pecifik\u00e1cie nepredstavuj\u00fa z\u00e1ruku vlastnost\u00ed. <\/p><p>Zodpovednos\u0165: \u010eal\u0161ie n\u00e1roky z\u00e1kazn\u00edka, najm\u00e4 n\u00e1rok na n\u00e1hradu \u0161kody, ktor\u00e1 nevznikla na samotnom predmete dod\u00e1vky alebo ktor\u00e1 sa zaklad\u00e1 na poru\u0161en\u00ed vlastn\u00edckych pr\u00e1v, s\u00fa v rozsahu povolenom z\u00e1konom vyl\u00fa\u010den\u00e9. To plat\u00ed aj pre neopr\u00e1vnen\u00e9 konanie. <\/p><p>Odst\u00fapenie od zmluvy: Ak je plnenie zmluvy alebo z\u00e1ru\u010dn\u00fdch n\u00e1rokov nemo\u017en\u00e9 alebo ak sme ho zavinene oddialili po uplynut\u00ed primeranej dodato\u010dnej lehoty, z\u00e1kazn\u00edk m\u00f4\u017ee od zmluvy odst\u00fapi\u0165. Ak\u00e9ko\u013evek in\u00e9 n\u00e1roky z\u00e1kazn\u00edka vo\u010di n\u00e1m, na\u0161im z\u00e1stupcom alebo asistentom plnenia, najm\u00e4 n\u00e1roky na n\u00e1hradu \u0161kody v\u0161etk\u00e9ho druhu a zo v\u0161etk\u00fdch pr\u00e1vnych d\u00f4vodov, s\u00fa vyl\u00fa\u010den\u00e9. <\/p><p>Miestna pr\u00edslu\u0161nos\u0165: miestom plnenia pri dod\u00e1vke a platbe je z\u00e1vod dod\u00e1vate\u013ea. V pr\u00edpade v\u0161etk\u00fdch sporov vypl\u00fdvaj\u00facich zo zmluvn\u00e9ho vz\u0165ahu sa s\u00fadne konanie uskuto\u010d\u0148uje na s\u00fade pr\u00edslu\u0161nom pod\u013ea s\u00eddla alebo pobo\u010dky dod\u00e1vate\u013ea, ktor\u00fd vykon\u00e1va dod\u00e1vku. Dod\u00e1vate\u013e je opr\u00e1vnen\u00fd poda\u0165 \u017ealobu aj v s\u00eddle odberate\u013ea.  <\/p><p> <\/p><p> <\/p><p>Stav: 12.01.2023<\/p><\/div>\t\t\t\t\t\t\t\t<\/div>\n\t\t\t\t\t<\/div>\n\t\t\t\t<\/div>\n\t\t\t\t<\/div>\n\t\t","protected":false},"excerpt":{"rendered":"<p>AGB - V\u0161eobecn\u00e9 obchodn\u00e9 podmienky Nasleduj\u00face podmienky s\u00fa ur\u010den\u00e9 pre dod\u00e1vky a slu\u017eby pre obchodn\u00edkov na ich obchodn\u00e9 oper\u00e1cie. Dod\u00e1vky a slu\u017eby sa poskytuj\u00fa v\u00fdlu\u010dne v s\u00falade s na\u0161imi dodac\u00edmi a platobn\u00fdmi podmienkami, ktor\u00e9 z\u00e1kazn\u00edk uzn\u00e1va po prijat\u00ed potvrdenia na\u0161ej objedn\u00e1vky, najnesk\u00f4r v\u0161ak pri prevzat\u00ed objednan\u00e9ho tovaru. Odli\u0161n\u00e9 n\u00e1kupn\u00e9 podmienky z\u00e1kazn\u00edka sa nest\u00e1vaj\u00fa s\u00fa\u010das\u0165ou zmluvy [&hellip;]<\/p>\n","protected":false},"author":3,"featured_media":0,"parent":8271,"menu_order":0,"comment_status":"closed","ping_status":"closed","template":"","meta":{"_acf_changed":false,"footnotes":""},"class_list":["post-7387","page","type-page","status-publish","hentry"],"acf":[],"_links":{"self":[{"href":"https:\/\/hamma-uwt.de\/sk\/wp-json\/wp\/v2\/pages\/7387","targetHints":{"allow":["GET"]}}],"collection":[{"href":"https:\/\/hamma-uwt.de\/sk\/wp-json\/wp\/v2\/pages"}],"about":[{"href":"https:\/\/hamma-uwt.de\/sk\/wp-json\/wp\/v2\/types\/page"}],"author":[{"embeddable":true,"href":"https:\/\/hamma-uwt.de\/sk\/wp-json\/wp\/v2\/users\/3"}],"replies":[{"embeddable":true,"href":"https:\/\/hamma-uwt.de\/sk\/wp-json\/wp\/v2\/comments?post=7387"}],"version-history":[{"count":3,"href":"https:\/\/hamma-uwt.de\/sk\/wp-json\/wp\/v2\/pages\/7387\/revisions"}],"predecessor-version":[{"id":11512,"href":"https:\/\/hamma-uwt.de\/sk\/wp-json\/wp\/v2\/pages\/7387\/revisions\/11512"}],"up":[{"embeddable":true,"href":"https:\/\/hamma-uwt.de\/sk\/wp-json\/wp\/v2\/pages\/8271"}],"wp:attachment":[{"href":"https:\/\/hamma-uwt.de\/sk\/wp-json\/wp\/v2\/media?parent=7387"}],"curies":[{"name":"wp","href":"https:\/\/api.w.org\/{rel}","templated":true}]}}