{"id":8271,"date":"2025-04-11T13:47:23","date_gmt":"2025-04-11T11:47:23","guid":{"rendered":"https:\/\/hamma-uwt.de\/sluzba\/"},"modified":"2026-03-04T10:47:53","modified_gmt":"2026-03-04T09:47:53","slug":"sluzba","status":"publish","type":"page","link":"https:\/\/hamma-uwt.de\/sk\/sluzba\/","title":{"rendered":"Slu\u017eba"},"content":{"rendered":"\t\t<div data-elementor-type=\"wp-page\" data-elementor-id=\"8271\" class=\"elementor elementor-8271 elementor-37\" data-elementor-post-type=\"page\">\n\t\t\t\t<div class=\"elementor-element elementor-element-3101cb4 e-flex e-con-boxed e-con e-parent\" data-id=\"3101cb4\" data-element_type=\"container\" data-e-type=\"container\" data-settings=\"{&quot;background_background&quot;:&quot;classic&quot;,&quot;jet_parallax_layout_list&quot;:[]}\">\n\t\t\t\t\t<div class=\"e-con-inner\">\n\t\t<div class=\"elementor-element elementor-element-d29d8c0 e-con-full e-flex e-con e-child\" data-id=\"d29d8c0\" data-element_type=\"container\" data-e-type=\"container\" data-settings=\"{&quot;jet_parallax_layout_list&quot;:[]}\">\n\t\t\t\t<div class=\"elementor-element elementor-element-bdf39cb elementor-widget elementor-widget-heading\" data-id=\"bdf39cb\" data-element_type=\"widget\" data-e-type=\"widget\" data-widget_type=\"heading.default\">\n\t\t\t\t\t<h1 class=\"elementor-heading-title elementor-size-default\">SERVIS<\/h1>\t\t\t\t<\/div>\n\t\t\t\t<div class=\"elementor-element elementor-element-f992e32 elementor-widget elementor-widget-text-editor\" data-id=\"f992e32\" data-element_type=\"widget\" data-e-type=\"widget\" data-widget_type=\"text-editor.default\">\n\t\t\t\t\t\t\t\t\t<p>Tu n\u00e1jdete v\u0161etko o na\u0161ich produktoch.<\/p>\t\t\t\t\t\t\t\t<\/div>\n\t\t\t\t<\/div>\n\t\t\t\t<div class=\"elementor-element elementor-element-9df908a elementor-widget elementor-widget-image\" data-id=\"9df908a\" data-element_type=\"widget\" data-e-type=\"widget\" data-widget_type=\"image.default\">\n\t\t\t\t\t\t\t\t\t\t\t\t\t\t\t<img fetchpriority=\"high\" decoding=\"async\" width=\"539\" height=\"1000\" src=\"https:\/\/hamma-uwt.de\/wp-content\/uploads\/Servicefrog-Modeling-008a-free.png\" class=\"attachment-large size-large wp-image-8272\" alt=\"\" srcset=\"https:\/\/hamma-uwt.de\/wp-content\/uploads\/Servicefrog-Modeling-008a-free.png 539w, https:\/\/hamma-uwt.de\/wp-content\/uploads\/Servicefrog-Modeling-008a-free-162x300.png 162w\" sizes=\"(max-width: 539px) 100vw, 539px\" \/>\t\t\t\t\t\t\t\t\t\t\t\t\t\t\t<\/div>\n\t\t\t\t\t<\/div>\n\t\t\t\t<\/div>\n\t\t<div class=\"elementor-element elementor-element-9dcc97e e-flex e-con-boxed e-con e-parent\" data-id=\"9dcc97e\" data-element_type=\"container\" data-e-type=\"container\" data-settings=\"{&quot;jet_parallax_layout_list&quot;:[]}\">\n\t\t\t\t\t<div class=\"e-con-inner\">\n\t\t<div class=\"elementor-element elementor-element-0373ef4 e-con-full e-flex e-con e-child\" data-id=\"0373ef4\" data-element_type=\"container\" data-e-type=\"container\" data-settings=\"{&quot;background_background&quot;:&quot;classic&quot;,&quot;jet_parallax_layout_list&quot;:[]}\">\n\t\t\t\t<div class=\"elementor-element elementor-element-9767d9c elementor-widget elementor-widget-heading\" data-id=\"9767d9c\" data-element_type=\"widget\" data-e-type=\"widget\" data-widget_type=\"heading.default\">\n\t\t\t\t\t<h3 class=\"elementor-heading-title elementor-size-default\">Na stiahnutie<\/h3>\t\t\t\t<\/div>\n\t\t\t\t<div class=\"elementor-element elementor-element-95a4dbe elementor-widget elementor-widget-text-editor\" data-id=\"95a4dbe\" data-element_type=\"widget\" data-e-type=\"widget\" data-widget_type=\"text-editor.default\">\n\t\t\t\t\t\t\t\t\t<div class=\"n module-type-matrix diyfeLiveArea \"><div class=\"diyfeModGridGroup diyfeModGrid2\"><div class=\"diyfeModGridElement diyfeModGridCol66\"><div class=\"diyfeModGridContent\"><div id=\"matrix_1025890055\" class=\"sortable-matrix-child\" data-matrixid=\"1025890055\"><div class=\"n module-type-text diyfeLiveArea \"><p>N\u00e1vody na obsluhu a stru\u010dn\u00e9 referencie, popisy produktov a \u010fal\u0161ie dokumenty t\u00fdkaj\u00face sa na\u0161ich produktov.<\/p><\/div><\/div><\/div><\/div><\/div><\/div>\t\t\t\t\t\t\t\t<\/div>\n\t\t\t\t<div class=\"elementor-element elementor-element-d5f9abb ham-btn elementor-widget elementor-widget-button\" data-id=\"d5f9abb\" data-element_type=\"widget\" data-e-type=\"widget\" data-widget_type=\"button.default\">\n\t\t\t\t\t\t\t\t\t\t<a class=\"elementor-button elementor-button-link elementor-size-sm\" href=\"https:\/\/hamma-uwt.de\/sk\/na-stiahnutie\/\">\n\t\t\t\t\t\t<span class=\"elementor-button-content-wrapper\">\n\t\t\t\t\t\t\t\t\t<span class=\"elementor-button-text\">Viac inform\u00e1ci\u00ed<\/span>\n\t\t\t\t\t<\/span>\n\t\t\t\t\t<\/a>\n\t\t\t\t\t\t\t\t<\/div>\n\t\t\t\t<\/div>\n\t\t<div class=\"elementor-element elementor-element-12e7f45 e-con-full e-flex e-con e-child\" data-id=\"12e7f45\" data-element_type=\"container\" data-e-type=\"container\" data-settings=\"{&quot;background_background&quot;:&quot;classic&quot;,&quot;jet_parallax_layout_list&quot;:[]}\">\n\t\t\t\t<div class=\"elementor-element elementor-element-0442579 elementor-widget elementor-widget-heading\" data-id=\"0442579\" data-element_type=\"widget\" data-e-type=\"widget\" data-widget_type=\"heading.default\">\n\t\t\t\t\t<h3 class=\"elementor-heading-title elementor-size-default\">\u010cASTO KLADEN\u00c9 OT\u00c1ZKY<\/h3>\t\t\t\t<\/div>\n\t\t\t\t<div class=\"elementor-element elementor-element-b2314fa elementor-widget elementor-widget-text-editor\" data-id=\"b2314fa\" data-element_type=\"widget\" data-e-type=\"widget\" data-widget_type=\"text-editor.default\">\n\t\t\t\t\t\t\t\t\t<p>Tu n\u00e1jdete odpovede na \u010dasto kladen\u00e9 ot\u00e1zky.<\/p>\t\t\t\t\t\t\t\t<\/div>\n\t\t\t\t<div class=\"elementor-element elementor-element-3e3ae05 ham-btn elementor-widget elementor-widget-button\" data-id=\"3e3ae05\" data-element_type=\"widget\" data-e-type=\"widget\" data-widget_type=\"button.default\">\n\t\t\t\t\t\t\t\t\t\t<a class=\"elementor-button elementor-button-link elementor-size-sm\" href=\"https:\/\/hamma-uwt.de\/sk\/sluzba\/casto-kladene-otazky\/\">\n\t\t\t\t\t\t<span class=\"elementor-button-content-wrapper\">\n\t\t\t\t\t\t\t\t\t<span class=\"elementor-button-text\">Viac inform\u00e1ci\u00ed<\/span>\n\t\t\t\t\t<\/span>\n\t\t\t\t\t<\/a>\n\t\t\t\t\t\t\t\t<\/div>\n\t\t\t\t<\/div>\n\t\t<div class=\"elementor-element elementor-element-6d237b9 e-con-full e-flex e-con e-child\" data-id=\"6d237b9\" data-element_type=\"container\" data-e-type=\"container\" data-settings=\"{&quot;background_background&quot;:&quot;classic&quot;,&quot;jet_parallax_layout_list&quot;:[]}\">\n\t\t\t\t<div class=\"elementor-element elementor-element-016be6b elementor-widget elementor-widget-heading\" data-id=\"016be6b\" data-element_type=\"widget\" data-e-type=\"widget\" data-widget_type=\"heading.default\">\n\t\t\t\t\t<h3 class=\"elementor-heading-title elementor-size-default\">GTC<\/h3>\t\t\t\t<\/div>\n\t\t\t\t<div class=\"elementor-element elementor-element-d00adc9 elementor-widget elementor-widget-text-editor\" data-id=\"d00adc9\" data-element_type=\"widget\" data-e-type=\"widget\" data-widget_type=\"text-editor.default\">\n\t\t\t\t\t\t\t\t\t<div class=\"n module-type-spacer diyfeLiveArea \"><div class=\"the-spacer id5799633250\">Tu n\u00e1jdete na\u0161e v\u0161eobecn\u00e9 zmluvn\u00e9 podmienky.<\/div><\/div>\t\t\t\t\t\t\t\t<\/div>\n\t\t\t\t<div class=\"elementor-element elementor-element-921fcec ham-btn elementor-widget elementor-widget-button\" data-id=\"921fcec\" data-element_type=\"widget\" data-e-type=\"widget\" data-widget_type=\"button.default\">\n\t\t\t\t\t\t\t\t\t\t<a class=\"elementor-button elementor-button-link elementor-size-sm\" href=\"https:\/\/hamma-uwt.de\/sk\/sluzba\/gtc\/\">\n\t\t\t\t\t\t<span class=\"elementor-button-content-wrapper\">\n\t\t\t\t\t\t\t\t\t<span class=\"elementor-button-text\">Viac inform\u00e1ci\u00ed<\/span>\n\t\t\t\t\t<\/span>\n\t\t\t\t\t<\/a>\n\t\t\t\t\t\t\t\t<\/div>\n\t\t\t\t<\/div>\n\t\t\t\t\t<\/div>\n\t\t\t\t<\/div>\n\t\t<div class=\"elementor-element elementor-element-2cba74a e-flex e-con-boxed e-con e-parent\" data-id=\"2cba74a\" data-element_type=\"container\" data-e-type=\"container\" data-settings=\"{&quot;jet_parallax_layout_list&quot;:[]}\">\n\t\t\t\t\t<div class=\"e-con-inner\">\n\t\t\t\t<div class=\"elementor-element elementor-element-1b1720b elementor-widget elementor-widget-heading\" data-id=\"1b1720b\" data-element_type=\"widget\" data-e-type=\"widget\" data-widget_type=\"heading.default\">\n\t\t\t\t\t<h2 class=\"elementor-heading-title elementor-size-default\">N\u00e1\u0161 servis - aby ste z v\u00fdrobkov Hamma<br> z\u00edskali to najlep\u0161ie\n<\/h2>\t\t\t\t<\/div>\n\t\t\t\t<div class=\"elementor-element elementor-element-757360e elementor-widget elementor-widget-text-editor\" data-id=\"757360e\" data-element_type=\"widget\" data-e-type=\"widget\" data-widget_type=\"text-editor.default\">\n\t\t\t\t\t\t\t\t\t<p>Ako rodinn\u00e1 firma db\u00e1me nielen na kvalitu na\u0161ich v\u00fdrobkov, ale aj na starostlivos\u0165 o na\u0161ich z\u00e1kazn\u00edkov. V na\u0161ej servisnej z\u00f3ne n\u00e1jdete v\u0161etky d\u00f4le\u017eit\u00e9 inform\u00e1cie o na\u0161ich rie\u0161eniach starostlivosti o chladiace maziv\u00e1 - od n\u00e1vodov na obsluhu a popisov v\u00fdrobkov a\u017e po \u010dasto kladen\u00e9 ot\u00e1zky a na\u0161e v\u0161eobecn\u00e9 obchodn\u00e9 podmienky. <\/p><p>\u010ci u\u017e ide o mie\u0161a\u010dku MISCEO, prevzdu\u0161\u0148ova\u010d MIKRO, skimmer RAPID alebo CLEAN-TOWER - ku ka\u017ed\u00e9mu z na\u0161ich produktov v\u00e1m pon\u00fakame na stiahnutie komplexn\u00e9 dokumenty. V\u010faka tomu m\u00e1te v\u017edy po ruke n\u00e1vody, stru\u010dn\u00e9 pr\u00edru\u010dky, technick\u00e9 listy a \u010fal\u0161ie dokumenty. V na\u0161ej sekcii FAQ odpoved\u00e1me na naj\u010dastej\u0161ie kladen\u00e9 ot\u00e1zky t\u00fdkaj\u00face sa prev\u00e1dzky, \u00fadr\u017eby a pou\u017e\u00edvania na\u0161ej techniky na \u00fadr\u017ebu. Ak by ste potrebovali \u010fal\u0161iu podporu, sme v\u00e1m samozrejme k dispoz\u00edcii aj osobne.   <\/p><p>Spolo\u010dnos\u0165 Armin Hamma Umwelttechnik je dr\u017eite\u013eom certifik\u00e1tu kvality pod\u013ea normy DIN EN ISO 9001:2015, ktor\u00fd sa vz\u0165ahuje na cel\u00fd rozsah na\u0161ich slu\u017eieb: od v\u00fdvoja a v\u00fdroby a\u017e po servis.<\/p>\t\t\t\t\t\t\t\t<\/div>\n\t\t\t\t\t<\/div>\n\t\t\t\t<\/div>\n\t\t\t\t<\/div>\n\t\t","protected":false},"excerpt":{"rendered":"<p>SERVIS Tu n\u00e1jdete v\u0161etko o na\u0161ich produktoch. Na stiahnutie N\u00e1vody na obsluhu a stru\u010dn\u00e9 referencie, popisy produktov a \u010fal\u0161ie dokumenty t\u00fdkaj\u00face sa na\u0161ich produktov. Viac inform\u00e1ci\u00ed \u010cASTO KLADEN\u00c9 OT\u00c1ZKY Tu n\u00e1jdete odpovede na \u010dasto kladen\u00e9 ot\u00e1zky. Viac inform\u00e1ci\u00ed GTC Tu n\u00e1jdete na\u0161e v\u0161eobecn\u00e9 zmluvn\u00e9 podmienky. Viac inform\u00e1ci\u00ed N\u00e1\u0161 servis - aby ste z v\u00fdrobkov Hamma [&hellip;]<\/p>\n","protected":false},"author":3,"featured_media":0,"parent":0,"menu_order":40,"comment_status":"closed","ping_status":"closed","template":"","meta":{"_acf_changed":false,"footnotes":""},"class_list":["post-8271","page","type-page","status-publish","hentry"],"acf":[],"_links":{"self":[{"href":"https:\/\/hamma-uwt.de\/sk\/wp-json\/wp\/v2\/pages\/8271","targetHints":{"allow":["GET"]}}],"collection":[{"href":"https:\/\/hamma-uwt.de\/sk\/wp-json\/wp\/v2\/pages"}],"about":[{"href":"https:\/\/hamma-uwt.de\/sk\/wp-json\/wp\/v2\/types\/page"}],"author":[{"embeddable":true,"href":"https:\/\/hamma-uwt.de\/sk\/wp-json\/wp\/v2\/users\/3"}],"replies":[{"embeddable":true,"href":"https:\/\/hamma-uwt.de\/sk\/wp-json\/wp\/v2\/comments?post=8271"}],"version-history":[{"count":1,"href":"https:\/\/hamma-uwt.de\/sk\/wp-json\/wp\/v2\/pages\/8271\/revisions"}],"predecessor-version":[{"id":8273,"href":"https:\/\/hamma-uwt.de\/sk\/wp-json\/wp\/v2\/pages\/8271\/revisions\/8273"}],"wp:attachment":[{"href":"https:\/\/hamma-uwt.de\/sk\/wp-json\/wp\/v2\/media?parent=8271"}],"curies":[{"name":"wp","href":"https:\/\/api.w.org\/{rel}","templated":true}]}}