{"id":11854,"date":"2025-08-11T13:50:58","date_gmt":"2025-08-11T11:50:58","guid":{"rendered":"https:\/\/hamma-uwt.de\/produkt\/zmes-vystupnych-hadic\/"},"modified":"2025-08-11T13:50:58","modified_gmt":"2025-08-11T11:50:58","slug":"zmes-vystupnych-hadic","status":"publish","type":"product","link":"https:\/\/hamma-uwt.de\/sk\/produkt\/zmes-vystupnych-hadic\/","title":{"rendered":"Zmes v\u00fdstupn\u00fdch had\u00edc"},"content":{"rendered":"<p>Zmes v\u00fdstupn\u00fdch had\u00edc pre Misceo 3, kompletn\u00e1 vr\u00e1tane r\u00fdchlospojky. <\/p>\n","protected":false},"excerpt":{"rendered":"<p>vr\u00e1tane. R\u00fdchlospojka, pr\u00edslu\u0161enstvo MISCEO 3<\/p>\n","protected":false},"featured_media":2527,"comment_status":"closed","ping_status":"closed","template":"","meta":{"_acf_changed":false},"product_brand":[],"product_cat":[893,892],"product_tag":[],"class_list":{"0":"post-11854","1":"product","2":"type-product","3":"status-publish","4":"has-post-thumbnail","6":"product_cat-hadica","7":"product_cat-prislusenstvo-misceo","9":"first","10":"instock","11":"shipping-taxable","12":"purchasable","13":"product-type-simple"},"acf":[],"_links":{"self":[{"href":"https:\/\/hamma-uwt.de\/sk\/wp-json\/wp\/v2\/product\/11854","targetHints":{"allow":["GET"]}}],"collection":[{"href":"https:\/\/hamma-uwt.de\/sk\/wp-json\/wp\/v2\/product"}],"about":[{"href":"https:\/\/hamma-uwt.de\/sk\/wp-json\/wp\/v2\/types\/product"}],"replies":[{"embeddable":true,"href":"https:\/\/hamma-uwt.de\/sk\/wp-json\/wp\/v2\/comments?post=11854"}],"wp:featuredmedia":[{"embeddable":true,"href":"https:\/\/hamma-uwt.de\/sk\/wp-json\/wp\/v2\/media\/2527"}],"wp:attachment":[{"href":"https:\/\/hamma-uwt.de\/sk\/wp-json\/wp\/v2\/media?parent=11854"}],"wp:term":[{"taxonomy":"product_brand","embeddable":true,"href":"https:\/\/hamma-uwt.de\/sk\/wp-json\/wp\/v2\/product_brand?post=11854"},{"taxonomy":"product_cat","embeddable":true,"href":"https:\/\/hamma-uwt.de\/sk\/wp-json\/wp\/v2\/product_cat?post=11854"},{"taxonomy":"product_tag","embeddable":true,"href":"https:\/\/hamma-uwt.de\/sk\/wp-json\/wp\/v2\/product_tag?post=11854"}],"curies":[{"name":"wp","href":"https:\/\/api.w.org\/{rel}","templated":true}]}}