{"id":11945,"date":"2025-08-11T15:06:38","date_gmt":"2025-08-11T13:06:38","guid":{"rendered":"https:\/\/hamma-uwt.de\/produkt\/sacia-tlakova-hadica\/"},"modified":"2025-08-11T15:06:38","modified_gmt":"2025-08-11T13:06:38","slug":"sacia-tlakova-hadica","status":"publish","type":"product","link":"https:\/\/hamma-uwt.de\/sk\/produkt\/sacia-tlakova-hadica\/","title":{"rendered":"Sacia tlakov\u00e1 hadica"},"content":{"rendered":"<p>Sacia\/tlakov\u00e1 hadica 16 x 3 mm z PU, prieh\u013eadn\u00e1.<\/p>\n","protected":false},"excerpt":{"rendered":"<p>(na meter) s oce\u013eovou \u0161pir\u00e1lou, pr\u00edslu\u0161enstvo MISCEO 3<\/p>\n","protected":false},"featured_media":2045,"comment_status":"closed","ping_status":"closed","template":"","meta":{"_acf_changed":false},"product_brand":[],"product_cat":[893,892],"product_tag":[],"class_list":{"0":"post-11945","1":"product","2":"type-product","3":"status-publish","4":"has-post-thumbnail","6":"product_cat-hadica","7":"product_cat-prislusenstvo-misceo","9":"first","10":"instock","11":"shipping-taxable","12":"purchasable","13":"product-type-simple"},"acf":[],"_links":{"self":[{"href":"https:\/\/hamma-uwt.de\/sk\/wp-json\/wp\/v2\/product\/11945","targetHints":{"allow":["GET"]}}],"collection":[{"href":"https:\/\/hamma-uwt.de\/sk\/wp-json\/wp\/v2\/product"}],"about":[{"href":"https:\/\/hamma-uwt.de\/sk\/wp-json\/wp\/v2\/types\/product"}],"replies":[{"embeddable":true,"href":"https:\/\/hamma-uwt.de\/sk\/wp-json\/wp\/v2\/comments?post=11945"}],"wp:featuredmedia":[{"embeddable":true,"href":"https:\/\/hamma-uwt.de\/sk\/wp-json\/wp\/v2\/media\/2045"}],"wp:attachment":[{"href":"https:\/\/hamma-uwt.de\/sk\/wp-json\/wp\/v2\/media?parent=11945"}],"wp:term":[{"taxonomy":"product_brand","embeddable":true,"href":"https:\/\/hamma-uwt.de\/sk\/wp-json\/wp\/v2\/product_brand?post=11945"},{"taxonomy":"product_cat","embeddable":true,"href":"https:\/\/hamma-uwt.de\/sk\/wp-json\/wp\/v2\/product_cat?post=11945"},{"taxonomy":"product_tag","embeddable":true,"href":"https:\/\/hamma-uwt.de\/sk\/wp-json\/wp\/v2\/product_tag?post=11945"}],"curies":[{"name":"wp","href":"https:\/\/api.w.org\/{rel}","templated":true}]}}