{"id":12040,"date":"2025-07-14T12:06:44","date_gmt":"2025-07-14T10:06:44","guid":{"rendered":"https:\/\/hamma-uwt.de\/produkt\/suprava-na-monitorovanie-hladiny\/"},"modified":"2025-07-14T12:06:44","modified_gmt":"2025-07-14T10:06:44","slug":"suprava-na-monitorovanie-hladiny","status":"publish","type":"product","link":"https:\/\/hamma-uwt.de\/sk\/produkt\/suprava-na-monitorovanie-hladiny\/","title":{"rendered":"S\u00faprava na monitorovanie hladiny"},"content":{"rendered":"<p>Monitor hladiny naplnenia F\u00dc-1 je plne elektronicky riaden\u00fd monitorovac\u00ed syst\u00e9m na kontrolu automatick\u00e9ho plnenia z\u00e1sobn\u00edka. Monitorovac\u00ed syst\u00e9m vyu\u017e\u00edva senzory na rozpoznanie \u00farovne naplnenia n\u00e1doby a pod\u013ea potreby otv\u00e1ra a zatv\u00e1ra ventil. Vysokokvalitn\u00e9 komponenty (napr. n\u00fadzov\u00e9 zastavenie v s\u00falade s WHG) umo\u017e\u0148uj\u00fa bezpe\u010dn\u00e9, spo\u013eahliv\u00e9 a automatick\u00e9 plnenie.  <\/p>\n<p>V\u010faka s\u00faprave pripravenej na pripojenie m\u00f4\u017eete v kombin\u00e1cii so zariaden\u00edm MISCEO 3 r\u00fdchlo, jednoducho a spo\u013eahlivo automaticky plni\u0165 stroj.<\/p>\n<p>Va\u0161e v\u00fdhody:<\/p>\n<ul>\n<li>Automatick\u00e9 plnenie stroja<\/li>\n<li>Spo\u013eahliv\u00e1 v\u00fdroba<\/li>\n<li>Kompletn\u00e9 rie\u0161enie pripraven\u00e9 na pripojenie (jednoduch\u00e1 in\u0161tal\u00e1cia)<\/li>\n<li>N\u00fadzov\u00e9 zastavenie pod\u013ea WHG<\/li>\n<li>Rovnomern\u00e1 teplota chladiaceho maziva \/ Stabiln\u00e1 koncentr\u00e1cia chladiaceho maziva<\/li>\n<\/ul>\n","protected":false},"excerpt":{"rendered":"<p>Kompletn\u00e1 s\u00faprava monitora hladiny F\u00dc-1-24D<\/p>\n","protected":false},"featured_media":3786,"comment_status":"closed","ping_status":"closed","template":"","meta":{"_acf_changed":false},"product_brand":[],"product_cat":[974],"product_tag":[],"class_list":{"0":"post-12040","1":"product","2":"type-product","3":"status-publish","4":"has-post-thumbnail","6":"product_cat-monitorovanie-hladiny-naplne","8":"first","9":"instock","10":"purchasable","11":"product-type-simple"},"acf":[],"_links":{"self":[{"href":"https:\/\/hamma-uwt.de\/sk\/wp-json\/wp\/v2\/product\/12040","targetHints":{"allow":["GET"]}}],"collection":[{"href":"https:\/\/hamma-uwt.de\/sk\/wp-json\/wp\/v2\/product"}],"about":[{"href":"https:\/\/hamma-uwt.de\/sk\/wp-json\/wp\/v2\/types\/product"}],"replies":[{"embeddable":true,"href":"https:\/\/hamma-uwt.de\/sk\/wp-json\/wp\/v2\/comments?post=12040"}],"wp:featuredmedia":[{"embeddable":true,"href":"https:\/\/hamma-uwt.de\/sk\/wp-json\/wp\/v2\/media\/3786"}],"wp:attachment":[{"href":"https:\/\/hamma-uwt.de\/sk\/wp-json\/wp\/v2\/media?parent=12040"}],"wp:term":[{"taxonomy":"product_brand","embeddable":true,"href":"https:\/\/hamma-uwt.de\/sk\/wp-json\/wp\/v2\/product_brand?post=12040"},{"taxonomy":"product_cat","embeddable":true,"href":"https:\/\/hamma-uwt.de\/sk\/wp-json\/wp\/v2\/product_cat?post=12040"},{"taxonomy":"product_tag","embeddable":true,"href":"https:\/\/hamma-uwt.de\/sk\/wp-json\/wp\/v2\/product_tag?post=12040"}],"curies":[{"name":"wp","href":"https:\/\/api.w.org\/{rel}","templated":true}]}}