{"id":12350,"date":"2025-08-12T15:30:12","date_gmt":"2025-08-12T13:30:12","guid":{"rendered":"https:\/\/hamma-uwt.de\/produkt\/mikro-300\/"},"modified":"2026-03-12T09:05:42","modified_gmt":"2026-03-12T08:05:42","slug":"mikro-300","status":"publish","type":"product","link":"https:\/\/hamma-uwt.de\/sk\/produkt\/mikro-300\/","title":{"rendered":"MIKRO 300"},"content":{"rendered":"<p>Mikro 300 prevzdu\u0161\u0148uje n\u00e1doby s objemom do 500 litrov.<\/p>\n<p>Mikrovzdu\u0161\u0148ova\u010d poskytuje najkvalitnej\u0161ie chladiace mazivo t\u00fdm, \u017ee do\u0148 vn\u00e1\u0161a atmosf\u00e9rick\u00fd kysl\u00edk. V\u010faka jednoduchej in\u0161tal\u00e1cii a obsluhe mo\u017eno mikroaer\u00e1tor r\u00fdchlo prisp\u00f4sobi\u0165 po\u017eiadavk\u00e1m v\u00e1\u0161ho chladiaceho maziva. Mikro je mo\u017en\u00e9 ovl\u00e1da\u0165 pod\u013ea potreby prostredn\u00edctvom jeho \u010dasova\u010da. Pomocou jeho prevzdu\u0161\u0148ovac\u00edch dosiek sa najjemnej\u0161ie, definovan\u00e9 vzduchov\u00e9 bubliny vzn\u00e1\u0161aj\u00fa v chladiacom mazive vopred stanovenou vztlakovou r\u00fdchlos\u0165ou. To umo\u017e\u0148uje chladiacemu mazivu op\u00e4tovne absorbova\u0165 pou\u017eit\u00fd kysl\u00edk, \u010d\u00edm sa obnovuje biobalans.    <\/p>\n<p>Va\u0161e v\u00fdhody :<\/p>\n<ul>\n<li>Stabiln\u00e1 biologick\u00e1 rovnov\u00e1ha<\/li>\n<li>Ve\u013emi v\u00fdkonn\u00e9 chladiace mazivo<\/li>\n<li>Najvy\u0161\u0161ie \u00fadaje o rezan\u00ed<\/li>\n<li>Dlh\u00e1 \u017eivotnos\u0165 va\u0161ich n\u00e1strojov a strojov<\/li>\n<li>Vysok\u00e1 hygiena poko\u017eky<\/li>\n<\/ul>\n<p>&nbsp;<\/p>\n<p>Ak chcete dokon\u010di\u0165 \u00fadr\u017ebu, skombinujte svoj mikro prevzdu\u0161\u0148ova\u010d s odpudzova\u010dom oleja Rapid, aby ste z\u00edskali trvalo \u010dist\u00e9 a biologicky stabiln\u00e9 chladiace mazivo s optim\u00e1lnymi v\u00fdrobn\u00fdmi vlastnos\u0165ami.<\/p>\n","protected":false},"excerpt":{"rendered":"<p>vr\u00e1tane. Ventila\u010dn\u00e1 jednotka s 2 ventila\u010dn\u00fdmi doskami<\/p>\n","protected":false},"featured_media":7049,"comment_status":"closed","ping_status":"closed","template":"","meta":{"_acf_changed":false},"product_brand":[],"product_cat":[1072],"product_tag":[],"class_list":{"0":"post-12350","1":"product","2":"type-product","3":"status-publish","4":"has-post-thumbnail","6":"product_cat-mikro-prevzdusnovac","8":"first","9":"instock","10":"shipping-taxable","11":"purchasable","12":"product-type-simple"},"acf":[],"_links":{"self":[{"href":"https:\/\/hamma-uwt.de\/sk\/wp-json\/wp\/v2\/product\/12350","targetHints":{"allow":["GET"]}}],"collection":[{"href":"https:\/\/hamma-uwt.de\/sk\/wp-json\/wp\/v2\/product"}],"about":[{"href":"https:\/\/hamma-uwt.de\/sk\/wp-json\/wp\/v2\/types\/product"}],"replies":[{"embeddable":true,"href":"https:\/\/hamma-uwt.de\/sk\/wp-json\/wp\/v2\/comments?post=12350"}],"wp:featuredmedia":[{"embeddable":true,"href":"https:\/\/hamma-uwt.de\/sk\/wp-json\/wp\/v2\/media\/7049"}],"wp:attachment":[{"href":"https:\/\/hamma-uwt.de\/sk\/wp-json\/wp\/v2\/media?parent=12350"}],"wp:term":[{"taxonomy":"product_brand","embeddable":true,"href":"https:\/\/hamma-uwt.de\/sk\/wp-json\/wp\/v2\/product_brand?post=12350"},{"taxonomy":"product_cat","embeddable":true,"href":"https:\/\/hamma-uwt.de\/sk\/wp-json\/wp\/v2\/product_cat?post=12350"},{"taxonomy":"product_tag","embeddable":true,"href":"https:\/\/hamma-uwt.de\/sk\/wp-json\/wp\/v2\/product_tag?post=12350"}],"curies":[{"name":"wp","href":"https:\/\/api.w.org\/{rel}","templated":true}]}}