{"id":12359,"date":"2025-08-13T10:10:03","date_gmt":"2025-08-13T08:10:03","guid":{"rendered":"https:\/\/hamma-uwt.de\/produkt\/rapid-1-1-special\/"},"modified":"2025-08-13T10:10:03","modified_gmt":"2025-08-13T08:10:03","slug":"rapid-1-1-special","status":"publish","type":"product","link":"https:\/\/hamma-uwt.de\/sk\/produkt\/rapid-1-1-special\/","title":{"rendered":"RAPID 1.1 Special"},"content":{"rendered":"<p>\u0160peci\u00e1lny p\u00e1sov\u00fd odpudzova\u010d Rapid 1.1 umo\u017e\u0148uje r\u00fdchlo a jednoducho odstr\u00e1ni\u0165 za\u0161l\u00fd olej v chladiacom mazive zo strojov s plochou do 6 m\u00b2.<\/p>\n<p>Na po\u017eiadanie je k dispoz\u00edcii mnoho \u010fal\u0161\u00edch variantov.<\/p>\n","protected":false},"excerpt":{"rendered":"<p>pre hor\u00face m\u00e9di\u00e1 do 70 \u00b0C, vr\u00e1tane valca z nehrdzavej\u00facej ocele, plochy do 6 m\u00b2 (bez odpudzovacieho p\u00e1su) <\/p>\n","protected":false},"featured_media":4338,"comment_status":"closed","ping_status":"closed","template":"","meta":{"_acf_changed":false},"product_brand":[],"product_cat":[1088],"product_tag":[],"class_list":{"0":"post-12359","1":"product","2":"type-product","3":"status-publish","4":"has-post-thumbnail","6":"product_cat-rapid-1-1","8":"first","9":"instock","10":"purchasable","11":"product-type-variable"},"acf":[],"_links":{"self":[{"href":"https:\/\/hamma-uwt.de\/sk\/wp-json\/wp\/v2\/product\/12359","targetHints":{"allow":["GET"]}}],"collection":[{"href":"https:\/\/hamma-uwt.de\/sk\/wp-json\/wp\/v2\/product"}],"about":[{"href":"https:\/\/hamma-uwt.de\/sk\/wp-json\/wp\/v2\/types\/product"}],"replies":[{"embeddable":true,"href":"https:\/\/hamma-uwt.de\/sk\/wp-json\/wp\/v2\/comments?post=12359"}],"wp:featuredmedia":[{"embeddable":true,"href":"https:\/\/hamma-uwt.de\/sk\/wp-json\/wp\/v2\/media\/4338"}],"wp:attachment":[{"href":"https:\/\/hamma-uwt.de\/sk\/wp-json\/wp\/v2\/media?parent=12359"}],"wp:term":[{"taxonomy":"product_brand","embeddable":true,"href":"https:\/\/hamma-uwt.de\/sk\/wp-json\/wp\/v2\/product_brand?post=12359"},{"taxonomy":"product_cat","embeddable":true,"href":"https:\/\/hamma-uwt.de\/sk\/wp-json\/wp\/v2\/product_cat?post=12359"},{"taxonomy":"product_tag","embeddable":true,"href":"https:\/\/hamma-uwt.de\/sk\/wp-json\/wp\/v2\/product_tag?post=12359"}],"curies":[{"name":"wp","href":"https:\/\/api.w.org\/{rel}","templated":true}]}}