{"id":12384,"date":"2025-08-12T12:52:49","date_gmt":"2025-08-12T10:52:49","guid":{"rendered":"https:\/\/hamma-uwt.de\/produkt\/spaetny-ventil-mikro\/"},"modified":"2025-08-12T12:52:49","modified_gmt":"2025-08-12T10:52:49","slug":"spaetny-ventil-mikro","status":"publish","type":"product","link":"https:\/\/hamma-uwt.de\/sk\/produkt\/spaetny-ventil-mikro\/","title":{"rendered":"Sp\u00e4tn\u00fd ventil MIKRO"},"content":{"rendered":"<p>Sp\u00e4tn\u00fd ventil na ochranu proti sp\u00e4tn\u00e9mu toku pre mikro.<\/p>\n","protected":false},"excerpt":{"rendered":"<p>Plast, pr\u00edslu\u0161enstvo MIKRO<\/p>\n","protected":false},"featured_media":3478,"comment_status":"closed","ping_status":"closed","template":"","meta":{"_acf_changed":false},"product_brand":[],"product_cat":[938],"product_tag":[],"class_list":{"0":"post-12384","1":"product","2":"type-product","3":"status-publish","4":"has-post-thumbnail","6":"product_cat-mikroprislusenstvo","8":"first","9":"instock","10":"shipping-taxable","11":"purchasable","12":"product-type-simple"},"acf":[],"_links":{"self":[{"href":"https:\/\/hamma-uwt.de\/sk\/wp-json\/wp\/v2\/product\/12384","targetHints":{"allow":["GET"]}}],"collection":[{"href":"https:\/\/hamma-uwt.de\/sk\/wp-json\/wp\/v2\/product"}],"about":[{"href":"https:\/\/hamma-uwt.de\/sk\/wp-json\/wp\/v2\/types\/product"}],"replies":[{"embeddable":true,"href":"https:\/\/hamma-uwt.de\/sk\/wp-json\/wp\/v2\/comments?post=12384"}],"wp:featuredmedia":[{"embeddable":true,"href":"https:\/\/hamma-uwt.de\/sk\/wp-json\/wp\/v2\/media\/3478"}],"wp:attachment":[{"href":"https:\/\/hamma-uwt.de\/sk\/wp-json\/wp\/v2\/media?parent=12384"}],"wp:term":[{"taxonomy":"product_brand","embeddable":true,"href":"https:\/\/hamma-uwt.de\/sk\/wp-json\/wp\/v2\/product_brand?post=12384"},{"taxonomy":"product_cat","embeddable":true,"href":"https:\/\/hamma-uwt.de\/sk\/wp-json\/wp\/v2\/product_cat?post=12384"},{"taxonomy":"product_tag","embeddable":true,"href":"https:\/\/hamma-uwt.de\/sk\/wp-json\/wp\/v2\/product_tag?post=12384"}],"curies":[{"name":"wp","href":"https:\/\/api.w.org\/{rel}","templated":true}]}}