{"id":12393,"date":"2025-08-13T15:11:24","date_gmt":"2025-08-13T13:11:24","guid":{"rendered":"https:\/\/hamma-uwt.de\/produkt\/skimmer-paska-1-1-specialne\/"},"modified":"2025-08-13T15:11:24","modified_gmt":"2025-08-13T13:11:24","slug":"skimmer-paska-1-1-specialne","status":"publish","type":"product","link":"https:\/\/hamma-uwt.de\/sk\/produkt\/skimmer-paska-1-1-specialne\/","title":{"rendered":"Skimmer p\u00e1ska 1.1 \u0160peci\u00e1lne"},"content":{"rendered":"<p>Na po\u017eiadanie (62,50 \u20ac) je mo\u017en\u00e9 prida\u0165 500 mm dlh\u00fd p\u00e1s pre 250 mm h\u013abku ponorenia.<\/p>\n","protected":false},"excerpt":{"rendered":"<p>pre hor\u00face m\u00e9di\u00e1 do 70 \u00b0C, pH 4 - 13, pr\u00edslu\u0161enstvo RAPID 1.1 Special<\/p>\n","protected":false},"featured_media":3498,"comment_status":"closed","ping_status":"closed","template":"","meta":{"_acf_changed":false},"product_brand":[],"product_cat":[1101],"product_tag":[],"class_list":{"0":"post-12393","1":"product","2":"type-product","3":"status-publish","4":"has-post-thumbnail","6":"product_cat-prislusenstvo-rapid-1-1","8":"first","9":"instock","10":"purchasable","11":"product-type-variable"},"acf":[],"_links":{"self":[{"href":"https:\/\/hamma-uwt.de\/sk\/wp-json\/wp\/v2\/product\/12393","targetHints":{"allow":["GET"]}}],"collection":[{"href":"https:\/\/hamma-uwt.de\/sk\/wp-json\/wp\/v2\/product"}],"about":[{"href":"https:\/\/hamma-uwt.de\/sk\/wp-json\/wp\/v2\/types\/product"}],"replies":[{"embeddable":true,"href":"https:\/\/hamma-uwt.de\/sk\/wp-json\/wp\/v2\/comments?post=12393"}],"wp:featuredmedia":[{"embeddable":true,"href":"https:\/\/hamma-uwt.de\/sk\/wp-json\/wp\/v2\/media\/3498"}],"wp:attachment":[{"href":"https:\/\/hamma-uwt.de\/sk\/wp-json\/wp\/v2\/media?parent=12393"}],"wp:term":[{"taxonomy":"product_brand","embeddable":true,"href":"https:\/\/hamma-uwt.de\/sk\/wp-json\/wp\/v2\/product_brand?post=12393"},{"taxonomy":"product_cat","embeddable":true,"href":"https:\/\/hamma-uwt.de\/sk\/wp-json\/wp\/v2\/product_cat?post=12393"},{"taxonomy":"product_tag","embeddable":true,"href":"https:\/\/hamma-uwt.de\/sk\/wp-json\/wp\/v2\/product_tag?post=12393"}],"curies":[{"name":"wp","href":"https:\/\/api.w.org\/{rel}","templated":true}]}}