{"id":12419,"date":"2025-08-13T16:58:03","date_gmt":"2025-08-13T14:58:03","guid":{"rendered":"https:\/\/hamma-uwt.de\/produkt\/nahradna-skimmerova-paska-5-specialne\/"},"modified":"2025-08-13T16:58:03","modified_gmt":"2025-08-13T14:58:03","slug":"nahradna-skimmerova-paska-5-specialne","status":"publish","type":"product","link":"https:\/\/hamma-uwt.de\/sk\/produkt\/nahradna-skimmerova-paska-5-specialne\/","title":{"rendered":"N\u00e1hradn\u00e1 skimmerov\u00e1 p\u00e1ska 5 \u0160peci\u00e1lne"},"content":{"rendered":"","protected":false},"excerpt":{"rendered":"<p>pre hor\u00face m\u00e9di\u00e1 do 70 \u00b0C, pH 4 - 13, pr\u00edslu\u0161enstvo RAPID 5 Special<\/p>\n","protected":false},"featured_media":3499,"comment_status":"closed","ping_status":"closed","template":"","meta":{"_acf_changed":false},"product_brand":[],"product_cat":[1129],"product_tag":[],"class_list":{"0":"post-12419","1":"product","2":"type-product","3":"status-publish","4":"has-post-thumbnail","6":"product_cat-prislusenstvo-rapid-5","8":"first","9":"instock","10":"purchasable","11":"product-type-variable"},"acf":[],"_links":{"self":[{"href":"https:\/\/hamma-uwt.de\/sk\/wp-json\/wp\/v2\/product\/12419","targetHints":{"allow":["GET"]}}],"collection":[{"href":"https:\/\/hamma-uwt.de\/sk\/wp-json\/wp\/v2\/product"}],"about":[{"href":"https:\/\/hamma-uwt.de\/sk\/wp-json\/wp\/v2\/types\/product"}],"replies":[{"embeddable":true,"href":"https:\/\/hamma-uwt.de\/sk\/wp-json\/wp\/v2\/comments?post=12419"}],"wp:featuredmedia":[{"embeddable":true,"href":"https:\/\/hamma-uwt.de\/sk\/wp-json\/wp\/v2\/media\/3499"}],"wp:attachment":[{"href":"https:\/\/hamma-uwt.de\/sk\/wp-json\/wp\/v2\/media?parent=12419"}],"wp:term":[{"taxonomy":"product_brand","embeddable":true,"href":"https:\/\/hamma-uwt.de\/sk\/wp-json\/wp\/v2\/product_brand?post=12419"},{"taxonomy":"product_cat","embeddable":true,"href":"https:\/\/hamma-uwt.de\/sk\/wp-json\/wp\/v2\/product_cat?post=12419"},{"taxonomy":"product_tag","embeddable":true,"href":"https:\/\/hamma-uwt.de\/sk\/wp-json\/wp\/v2\/product_tag?post=12419"}],"curies":[{"name":"wp","href":"https:\/\/api.w.org\/{rel}","templated":true}]}}