{"id":12468,"date":"2025-08-13T12:29:52","date_gmt":"2025-08-13T10:29:52","guid":{"rendered":"https:\/\/hamma-uwt.de\/produkt\/rapid-3-1\/"},"modified":"2025-08-13T12:29:52","modified_gmt":"2025-08-13T10:29:52","slug":"rapid-3-1","status":"publish","type":"product","link":"https:\/\/hamma-uwt.de\/sk\/produkt\/rapid-3-1\/","title":{"rendered":"RAPID 3.1"},"content":{"rendered":"<p>S hadicov\u00fdm odpudzova\u010dom Rapid 3.1 je odstra\u0148ovanie usaden\u00e9ho oleja zo strojov s plochou do 15 m\u00b2 r\u00fdchle a jednoduch\u00e9. V\u010faka pl\u00e1vaj\u00facej hadici je obzvl\u00e1\u0161\u0165 vhodn\u00fd pre ve\u013ek\u00e9 a\/alebo \u00fazke n\u00e1doby. <\/p>\n","protected":false},"excerpt":{"rendered":"<p>do 70 \u00b0C, plochy do 15 m\u00b2 (bez odpe\u0148ovacej hadice)<\/p>\n","protected":false},"featured_media":4180,"comment_status":"closed","ping_status":"closed","template":"","meta":{"_acf_changed":false},"product_brand":[],"product_cat":[1153],"product_tag":[],"class_list":{"0":"post-12468","1":"product","2":"type-product","3":"status-publish","4":"has-post-thumbnail","6":"product_cat-rapid-3-1","8":"first","9":"instock","10":"purchasable","11":"product-type-variable"},"acf":[],"_links":{"self":[{"href":"https:\/\/hamma-uwt.de\/sk\/wp-json\/wp\/v2\/product\/12468","targetHints":{"allow":["GET"]}}],"collection":[{"href":"https:\/\/hamma-uwt.de\/sk\/wp-json\/wp\/v2\/product"}],"about":[{"href":"https:\/\/hamma-uwt.de\/sk\/wp-json\/wp\/v2\/types\/product"}],"replies":[{"embeddable":true,"href":"https:\/\/hamma-uwt.de\/sk\/wp-json\/wp\/v2\/comments?post=12468"}],"wp:featuredmedia":[{"embeddable":true,"href":"https:\/\/hamma-uwt.de\/sk\/wp-json\/wp\/v2\/media\/4180"}],"wp:attachment":[{"href":"https:\/\/hamma-uwt.de\/sk\/wp-json\/wp\/v2\/media?parent=12468"}],"wp:term":[{"taxonomy":"product_brand","embeddable":true,"href":"https:\/\/hamma-uwt.de\/sk\/wp-json\/wp\/v2\/product_brand?post=12468"},{"taxonomy":"product_cat","embeddable":true,"href":"https:\/\/hamma-uwt.de\/sk\/wp-json\/wp\/v2\/product_cat?post=12468"},{"taxonomy":"product_tag","embeddable":true,"href":"https:\/\/hamma-uwt.de\/sk\/wp-json\/wp\/v2\/product_tag?post=12468"}],"curies":[{"name":"wp","href":"https:\/\/api.w.org\/{rel}","templated":true}]}}