{"id":12485,"date":"2025-08-20T08:29:04","date_gmt":"2025-08-20T06:29:04","guid":{"rendered":"https:\/\/hamma-uwt.de\/produkt\/misceo-standard\/"},"modified":"2025-08-20T08:29:04","modified_gmt":"2025-08-20T06:29:04","slug":"misceo-standard","status":"publish","type":"product","link":"https:\/\/hamma-uwt.de\/sk\/produkt\/misceo-standard\/","title":{"rendered":"Misceo Standard"},"content":{"rendered":"<p>Profesion\u00e1lne rie\u0161enie na mie\u0161anie vodou mie\u0161ate\u013en\u00fdch chladiacich maz\u00edv. Jeho jedine\u010dn\u00e1 mie\u0161acia jednotka a elektronika s jednoduchou navig\u00e1ciou v menu zaru\u010duj\u00fa optim\u00e1lne v\u00fdsledky. \u0160etr\u00edte \u010das a peniaze.  <\/p>\n<p>Va\u0161e v\u00fdhody:<\/p>\n<ul>\n<li>dokonale zmie\u0161an\u00e9<\/li>\n<li>Chladiace mazivo<\/li>\n<li>Presn\u00fd v\u00fdsledok mie\u0161ania<\/li>\n<li>Rozpozn\u00e1 pr\u00e1zdne n\u00e1doby<\/li>\n<li>D\u013a\u017eky flexibiln\u00fdch had\u00edc<\/li>\n<li>Automatick\u00e9 vypnutie<\/li>\n<li>Uzamykate\u013en\u00e1 str\u00e1nka<\/li>\n<li>Automatick\u00e9 plnenie stroja<\/li>\n<li>Jednoduch\u00e9 ovl\u00e1danie<\/li>\n<li>Tankujte ako na \u010derpacej stanici<\/li>\n<\/ul>\n<p>Prev\u00e1dzkov\u00e9 po\u017eiadavky: Syst\u00e9mov\u00fd odde\u013eova\u010d pod\u013ea DIN EN 1717<\/p>\n","protected":false},"excerpt":{"rendered":"<p>Plne elektronicky riaden\u00e1 zmie\u0161avacia jednotka<\/p>\n","protected":false},"featured_media":3964,"comment_status":"closed","ping_status":"closed","template":"","meta":{"_acf_changed":false},"product_brand":[],"product_cat":[1163],"product_tag":[],"class_list":{"0":"post-12485","1":"product","2":"type-product","3":"status-publish","4":"has-post-thumbnail","6":"product_cat-mixer-misceo","8":"first","9":"instock","10":"purchasable","11":"product-type-simple"},"acf":[],"_links":{"self":[{"href":"https:\/\/hamma-uwt.de\/sk\/wp-json\/wp\/v2\/product\/12485","targetHints":{"allow":["GET"]}}],"collection":[{"href":"https:\/\/hamma-uwt.de\/sk\/wp-json\/wp\/v2\/product"}],"about":[{"href":"https:\/\/hamma-uwt.de\/sk\/wp-json\/wp\/v2\/types\/product"}],"replies":[{"embeddable":true,"href":"https:\/\/hamma-uwt.de\/sk\/wp-json\/wp\/v2\/comments?post=12485"}],"wp:featuredmedia":[{"embeddable":true,"href":"https:\/\/hamma-uwt.de\/sk\/wp-json\/wp\/v2\/media\/3964"}],"wp:attachment":[{"href":"https:\/\/hamma-uwt.de\/sk\/wp-json\/wp\/v2\/media?parent=12485"}],"wp:term":[{"taxonomy":"product_brand","embeddable":true,"href":"https:\/\/hamma-uwt.de\/sk\/wp-json\/wp\/v2\/product_brand?post=12485"},{"taxonomy":"product_cat","embeddable":true,"href":"https:\/\/hamma-uwt.de\/sk\/wp-json\/wp\/v2\/product_cat?post=12485"},{"taxonomy":"product_tag","embeddable":true,"href":"https:\/\/hamma-uwt.de\/sk\/wp-json\/wp\/v2\/product_tag?post=12485"}],"curies":[{"name":"wp","href":"https:\/\/api.w.org\/{rel}","templated":true}]}}