{"id":12532,"date":"2025-11-12T16:35:06","date_gmt":"2025-11-12T15:35:06","guid":{"rendered":"https:\/\/hamma-uwt.de\/produkt\/univerzalny-skrutkovaci-drziak-maly\/"},"modified":"2025-11-12T16:35:06","modified_gmt":"2025-11-12T15:35:06","slug":"univerzalny-skrutkovaci-drziak-maly","status":"publish","type":"product","link":"https:\/\/hamma-uwt.de\/sk\/produkt\/univerzalny-skrutkovaci-drziak-maly\/","title":{"rendered":"Univerz\u00e1lny skrutkovac\u00ed dr\u017eiak mal\u00fd"},"content":{"rendered":"<p>Univerz\u00e1lny skrutkovac\u00ed dr\u017eiak na mont\u00e1\u017e zariadenia RAPIDS<\/p>\n","protected":false},"excerpt":{"rendered":"<p>Univerz\u00e1lny mal\u00fd skrutkovac\u00ed dr\u017eiak na upevnenie pomocou magnetu alebo na priskrutkovanie - ide\u00e1lny pre plniacu pi\u0161to\u013e<\/p>\n","protected":false},"featured_media":3523,"comment_status":"closed","ping_status":"closed","template":"","meta":{"_acf_changed":false},"product_brand":[],"product_cat":[1183,892,1101,1181,1182],"product_tag":[],"class_list":{"0":"post-12532","1":"product","2":"type-product","3":"status-publish","4":"has-post-thumbnail","6":"product_cat-chip-maxx-a-magneticka-metla","7":"product_cat-prislusenstvo-misceo","8":"product_cat-prislusenstvo-rapid-1-1","9":"product_cat-prislusenstvo-rapid-2-1","10":"product_cat-prislusenstvo-rapid-3-1","12":"first","13":"instock","14":"purchasable","15":"product-type-simple"},"acf":[],"_links":{"self":[{"href":"https:\/\/hamma-uwt.de\/sk\/wp-json\/wp\/v2\/product\/12532","targetHints":{"allow":["GET"]}}],"collection":[{"href":"https:\/\/hamma-uwt.de\/sk\/wp-json\/wp\/v2\/product"}],"about":[{"href":"https:\/\/hamma-uwt.de\/sk\/wp-json\/wp\/v2\/types\/product"}],"replies":[{"embeddable":true,"href":"https:\/\/hamma-uwt.de\/sk\/wp-json\/wp\/v2\/comments?post=12532"}],"wp:featuredmedia":[{"embeddable":true,"href":"https:\/\/hamma-uwt.de\/sk\/wp-json\/wp\/v2\/media\/3523"}],"wp:attachment":[{"href":"https:\/\/hamma-uwt.de\/sk\/wp-json\/wp\/v2\/media?parent=12532"}],"wp:term":[{"taxonomy":"product_brand","embeddable":true,"href":"https:\/\/hamma-uwt.de\/sk\/wp-json\/wp\/v2\/product_brand?post=12532"},{"taxonomy":"product_cat","embeddable":true,"href":"https:\/\/hamma-uwt.de\/sk\/wp-json\/wp\/v2\/product_cat?post=12532"},{"taxonomy":"product_tag","embeddable":true,"href":"https:\/\/hamma-uwt.de\/sk\/wp-json\/wp\/v2\/product_tag?post=12532"}],"curies":[{"name":"wp","href":"https:\/\/api.w.org\/{rel}","templated":true}]}}