{"id":12908,"date":"2025-07-14T12:06:44","date_gmt":"2025-07-14T10:06:44","guid":{"rendered":"https:\/\/hamma-uwt.de\/produkt\/bateria\/"},"modified":"2025-07-14T12:06:44","modified_gmt":"2025-07-14T10:06:44","slug":"bateria","status":"publish","type":"product","link":"https:\/\/hamma-uwt.de\/sk\/produkt\/bateria\/","title":{"rendered":"Bat\u00e9ria"},"content":{"rendered":"<p>V\u010faka dob\u00edjacej bat\u00e9rii je zariadenie Misceo 3 e\u0161te flexibilnej\u0161ie.<\/p>\n<p>V\u010faka vysok\u00e9mu v\u00fdkonu m\u00f4\u017eete Misceo pou\u017e\u00edva\u0165 pribli\u017ene 8 hod\u00edn bez nutnosti pripojenia k elektrickej sieti a preh\u013eadn\u00fd displej v\u00e1s neust\u00e1le informuje o stave nabitia bat\u00e9rie. Bat\u00e9riu mo\u017eno kedyko\u013evek zapn\u00fa\u0165 a vypn\u00fa\u0165 pomocou tla\u010didla zapnutia\/vypnutia a mo\u017eno ju namontova\u0165 priamo na Misceo alebo umiestni\u0165 na bubon za Misceo. V\u010faka jednotn\u00e9mu vzh\u013eadu tvoria zariadenie Misceo a bat\u00e9ria v\u00fdkonn\u00fd celok.  <\/p>\n<p>Akumul\u00e1tor m\u00f4\u017ee sl\u00fa\u017ei\u0165 aj ako v\u00fdkonn\u00e1 z\u00e1sob\u00e1re\u0148 energie pre in\u00e9 24 V DC zariadenia.<\/p>\n","protected":false},"excerpt":{"rendered":"<p>Nab\u00edjate\u013en\u00e1 bat\u00e9ria pre mix\u00e9r Misceo<\/p>\n","protected":false},"featured_media":1031,"comment_status":"closed","ping_status":"closed","template":"","meta":{"_acf_changed":false},"product_brand":[],"product_cat":[1163],"product_tag":[],"class_list":{"0":"post-12908","1":"product","2":"type-product","3":"status-publish","4":"has-post-thumbnail","6":"product_cat-mixer-misceo","8":"first","9":"instock","10":"purchasable","11":"product-type-simple"},"acf":[],"_links":{"self":[{"href":"https:\/\/hamma-uwt.de\/sk\/wp-json\/wp\/v2\/product\/12908","targetHints":{"allow":["GET"]}}],"collection":[{"href":"https:\/\/hamma-uwt.de\/sk\/wp-json\/wp\/v2\/product"}],"about":[{"href":"https:\/\/hamma-uwt.de\/sk\/wp-json\/wp\/v2\/types\/product"}],"replies":[{"embeddable":true,"href":"https:\/\/hamma-uwt.de\/sk\/wp-json\/wp\/v2\/comments?post=12908"}],"wp:featuredmedia":[{"embeddable":true,"href":"https:\/\/hamma-uwt.de\/sk\/wp-json\/wp\/v2\/media\/1031"}],"wp:attachment":[{"href":"https:\/\/hamma-uwt.de\/sk\/wp-json\/wp\/v2\/media?parent=12908"}],"wp:term":[{"taxonomy":"product_brand","embeddable":true,"href":"https:\/\/hamma-uwt.de\/sk\/wp-json\/wp\/v2\/product_brand?post=12908"},{"taxonomy":"product_cat","embeddable":true,"href":"https:\/\/hamma-uwt.de\/sk\/wp-json\/wp\/v2\/product_cat?post=12908"},{"taxonomy":"product_tag","embeddable":true,"href":"https:\/\/hamma-uwt.de\/sk\/wp-json\/wp\/v2\/product_tag?post=12908"}],"curies":[{"name":"wp","href":"https:\/\/api.w.org\/{rel}","templated":true}]}}