{"id":12910,"date":"2025-08-11T13:19:15","date_gmt":"2025-08-11T11:19:15","guid":{"rendered":"https:\/\/hamma-uwt.de\/produkt\/sacia-hadica-z-pu-koncentratu\/"},"modified":"2025-08-11T13:19:15","modified_gmt":"2025-08-11T11:19:15","slug":"sacia-hadica-z-pu-koncentratu","status":"publish","type":"product","link":"https:\/\/hamma-uwt.de\/sk\/produkt\/sacia-hadica-z-pu-koncentratu\/","title":{"rendered":"Sacia hadica z PU koncentr\u00e1tu"},"content":{"rendered":"<p>Sacia hadica na koncentr\u00e1t 2 m z PU pre Misceo 3, vr\u00e1tane nas\u00e1vacej p\u00e4tky. <\/p>\n","protected":false},"excerpt":{"rendered":"<p>vr\u00e1tane. Sacia p\u00e4tka, pr\u00edslu\u0161enstvo MISCEO 3<\/p>\n","protected":false},"featured_media":1783,"comment_status":"closed","ping_status":"closed","template":"","meta":{"_acf_changed":false},"product_brand":[],"product_cat":[893,892],"product_tag":[],"class_list":{"0":"post-12910","1":"product","2":"type-product","3":"status-publish","4":"has-post-thumbnail","6":"product_cat-hadica","7":"product_cat-prislusenstvo-misceo","9":"first","10":"instock","11":"shipping-taxable","12":"purchasable","13":"product-type-simple"},"acf":[],"_links":{"self":[{"href":"https:\/\/hamma-uwt.de\/sk\/wp-json\/wp\/v2\/product\/12910","targetHints":{"allow":["GET"]}}],"collection":[{"href":"https:\/\/hamma-uwt.de\/sk\/wp-json\/wp\/v2\/product"}],"about":[{"href":"https:\/\/hamma-uwt.de\/sk\/wp-json\/wp\/v2\/types\/product"}],"replies":[{"embeddable":true,"href":"https:\/\/hamma-uwt.de\/sk\/wp-json\/wp\/v2\/comments?post=12910"}],"wp:featuredmedia":[{"embeddable":true,"href":"https:\/\/hamma-uwt.de\/sk\/wp-json\/wp\/v2\/media\/1783"}],"wp:attachment":[{"href":"https:\/\/hamma-uwt.de\/sk\/wp-json\/wp\/v2\/media?parent=12910"}],"wp:term":[{"taxonomy":"product_brand","embeddable":true,"href":"https:\/\/hamma-uwt.de\/sk\/wp-json\/wp\/v2\/product_brand?post=12910"},{"taxonomy":"product_cat","embeddable":true,"href":"https:\/\/hamma-uwt.de\/sk\/wp-json\/wp\/v2\/product_cat?post=12910"},{"taxonomy":"product_tag","embeddable":true,"href":"https:\/\/hamma-uwt.de\/sk\/wp-json\/wp\/v2\/product_tag?post=12910"}],"curies":[{"name":"wp","href":"https:\/\/api.w.org\/{rel}","templated":true}]}}