{"id":12915,"date":"2025-08-11T13:43:37","date_gmt":"2025-08-11T11:43:37","guid":{"rendered":"https:\/\/hamma-uwt.de\/produkt\/privodna-hadica-vody\/"},"modified":"2025-08-11T13:43:37","modified_gmt":"2025-08-11T11:43:37","slug":"privodna-hadica-vody","status":"publish","type":"product","link":"https:\/\/hamma-uwt.de\/sk\/produkt\/privodna-hadica-vody\/","title":{"rendered":"Pr\u00edvodn\u00e1 hadica vody"},"content":{"rendered":"<p>Pr\u00edvodn\u00e1 hadica na vodu 2 m pre Misceo 3, vr\u00e1tane pr\u00edpojky na vodovodn\u00fd koh\u00fatik 3\/4 &#8222;i (vn\u00fatorn\u00fd z\u00e1vit). <\/p>\n","protected":false},"excerpt":{"rendered":"<p>vr\u00e1tane. Pripojenie vodovodn\u00e9ho koh\u00fatika, pr\u00edslu\u0161enstvo MISCEO 3<\/p>\n","protected":false},"featured_media":2530,"comment_status":"closed","ping_status":"closed","template":"","meta":{"_acf_changed":false},"product_brand":[],"product_cat":[893,892],"product_tag":[],"class_list":{"0":"post-12915","1":"product","2":"type-product","3":"status-publish","4":"has-post-thumbnail","6":"product_cat-hadica","7":"product_cat-prislusenstvo-misceo","9":"first","10":"instock","11":"shipping-taxable","12":"purchasable","13":"product-type-simple"},"acf":[],"_links":{"self":[{"href":"https:\/\/hamma-uwt.de\/sk\/wp-json\/wp\/v2\/product\/12915","targetHints":{"allow":["GET"]}}],"collection":[{"href":"https:\/\/hamma-uwt.de\/sk\/wp-json\/wp\/v2\/product"}],"about":[{"href":"https:\/\/hamma-uwt.de\/sk\/wp-json\/wp\/v2\/types\/product"}],"replies":[{"embeddable":true,"href":"https:\/\/hamma-uwt.de\/sk\/wp-json\/wp\/v2\/comments?post=12915"}],"wp:featuredmedia":[{"embeddable":true,"href":"https:\/\/hamma-uwt.de\/sk\/wp-json\/wp\/v2\/media\/2530"}],"wp:attachment":[{"href":"https:\/\/hamma-uwt.de\/sk\/wp-json\/wp\/v2\/media?parent=12915"}],"wp:term":[{"taxonomy":"product_brand","embeddable":true,"href":"https:\/\/hamma-uwt.de\/sk\/wp-json\/wp\/v2\/product_brand?post=12915"},{"taxonomy":"product_cat","embeddable":true,"href":"https:\/\/hamma-uwt.de\/sk\/wp-json\/wp\/v2\/product_cat?post=12915"},{"taxonomy":"product_tag","embeddable":true,"href":"https:\/\/hamma-uwt.de\/sk\/wp-json\/wp\/v2\/product_tag?post=12915"}],"curies":[{"name":"wp","href":"https:\/\/api.w.org\/{rel}","templated":true}]}}