{"id":12919,"date":"2025-08-11T15:15:13","date_gmt":"2025-08-11T13:15:13","guid":{"rendered":"https:\/\/hamma-uwt.de\/produkt\/hadica-na-odsavanie-koncentratu\/"},"modified":"2025-08-11T15:15:13","modified_gmt":"2025-08-11T13:15:13","slug":"hadica-na-odsavanie-koncentratu","status":"publish","type":"product","link":"https:\/\/hamma-uwt.de\/sk\/produkt\/hadica-na-odsavanie-koncentratu\/","title":{"rendered":"Hadica na ods\u00e1vanie koncentr\u00e1tu"},"content":{"rendered":"<p>\u010dierna, flexibiln\u00e1, \u013eahko pou\u017eite\u013en\u00e1<\/p>\n","protected":false},"excerpt":{"rendered":"<p>(na meter) Pr\u00edslu\u0161enstvo MISCEO 3<\/p>\n","protected":false},"featured_media":2046,"comment_status":"closed","ping_status":"closed","template":"","meta":{"_acf_changed":false},"product_brand":[],"product_cat":[893,892],"product_tag":[],"class_list":{"0":"post-12919","1":"product","2":"type-product","3":"status-publish","4":"has-post-thumbnail","6":"product_cat-hadica","7":"product_cat-prislusenstvo-misceo","9":"first","10":"instock","11":"shipping-taxable","12":"purchasable","13":"product-type-simple"},"acf":[],"_links":{"self":[{"href":"https:\/\/hamma-uwt.de\/sk\/wp-json\/wp\/v2\/product\/12919","targetHints":{"allow":["GET"]}}],"collection":[{"href":"https:\/\/hamma-uwt.de\/sk\/wp-json\/wp\/v2\/product"}],"about":[{"href":"https:\/\/hamma-uwt.de\/sk\/wp-json\/wp\/v2\/types\/product"}],"replies":[{"embeddable":true,"href":"https:\/\/hamma-uwt.de\/sk\/wp-json\/wp\/v2\/comments?post=12919"}],"wp:featuredmedia":[{"embeddable":true,"href":"https:\/\/hamma-uwt.de\/sk\/wp-json\/wp\/v2\/media\/2046"}],"wp:attachment":[{"href":"https:\/\/hamma-uwt.de\/sk\/wp-json\/wp\/v2\/media?parent=12919"}],"wp:term":[{"taxonomy":"product_brand","embeddable":true,"href":"https:\/\/hamma-uwt.de\/sk\/wp-json\/wp\/v2\/product_brand?post=12919"},{"taxonomy":"product_cat","embeddable":true,"href":"https:\/\/hamma-uwt.de\/sk\/wp-json\/wp\/v2\/product_cat?post=12919"},{"taxonomy":"product_tag","embeddable":true,"href":"https:\/\/hamma-uwt.de\/sk\/wp-json\/wp\/v2\/product_tag?post=12919"}],"curies":[{"name":"wp","href":"https:\/\/api.w.org\/{rel}","templated":true}]}}