{"id":12927,"date":"2025-08-12T14:37:48","date_gmt":"2025-08-12T12:37:48","guid":{"rendered":"https:\/\/hamma-uwt.de\/produkt\/kompaktna-konzola-na-starostlivost\/"},"modified":"2026-03-17T16:05:41","modified_gmt":"2026-03-17T15:05:41","slug":"kompaktna-konzola-na-starostlivost","status":"publish","type":"product","link":"https:\/\/hamma-uwt.de\/sk\/produkt\/kompaktna-konzola-na-starostlivost\/","title":{"rendered":"Kompaktn\u00e1 konzola na starostlivos\u0165"},"content":{"rendered":"<p>Konzola na \u00fadr\u017ebu kombinuje zariadenia a v\u00fdhody syst\u00e9mov MIKRO, RAPID a RUBI. V\u010faka funk\u010dn\u00e9mu dizajnu mo\u017eno jednotku \u00fadr\u017eby r\u00fdchlo a jednoducho pripoji\u0165 k stroju. Mont\u00e1\u017e e\u0161te viac u\u013eah\u010duj\u00fa adapt\u00e9rov\u00e9 dosky.  <\/p>\n<p>&nbsp;<\/p>\n","protected":false},"excerpt":{"rendered":"<p>vr\u00e1tane. RAPID 2.1 a RUBI<\/p>\n","protected":false},"featured_media":23491,"comment_status":"closed","ping_status":"closed","template":"","meta":{"_acf_changed":false},"product_brand":[],"product_cat":[1175],"product_tag":[],"class_list":{"0":"post-12927","1":"product","2":"type-product","3":"status-publish","4":"has-post-thumbnail","6":"product_cat-biobalance","8":"first","9":"instock","10":"shipping-taxable","11":"purchasable","12":"product-type-variable"},"acf":[],"_links":{"self":[{"href":"https:\/\/hamma-uwt.de\/sk\/wp-json\/wp\/v2\/product\/12927","targetHints":{"allow":["GET"]}}],"collection":[{"href":"https:\/\/hamma-uwt.de\/sk\/wp-json\/wp\/v2\/product"}],"about":[{"href":"https:\/\/hamma-uwt.de\/sk\/wp-json\/wp\/v2\/types\/product"}],"replies":[{"embeddable":true,"href":"https:\/\/hamma-uwt.de\/sk\/wp-json\/wp\/v2\/comments?post=12927"}],"wp:featuredmedia":[{"embeddable":true,"href":"https:\/\/hamma-uwt.de\/sk\/wp-json\/wp\/v2\/media\/23491"}],"wp:attachment":[{"href":"https:\/\/hamma-uwt.de\/sk\/wp-json\/wp\/v2\/media?parent=12927"}],"wp:term":[{"taxonomy":"product_brand","embeddable":true,"href":"https:\/\/hamma-uwt.de\/sk\/wp-json\/wp\/v2\/product_brand?post=12927"},{"taxonomy":"product_cat","embeddable":true,"href":"https:\/\/hamma-uwt.de\/sk\/wp-json\/wp\/v2\/product_cat?post=12927"},{"taxonomy":"product_tag","embeddable":true,"href":"https:\/\/hamma-uwt.de\/sk\/wp-json\/wp\/v2\/product_tag?post=12927"}],"curies":[{"name":"wp","href":"https:\/\/api.w.org\/{rel}","templated":true}]}}