{"id":12949,"date":"2025-08-12T14:27:09","date_gmt":"2025-08-12T12:27:09","guid":{"rendered":"https:\/\/hamma-uwt.de\/produkt\/kompaktna-konzola-plus-pre-starostlivost\/"},"modified":"2026-03-16T15:56:58","modified_gmt":"2026-03-16T14:56:58","slug":"kompaktna-konzola-plus-pre-starostlivost","status":"publish","type":"product","link":"https:\/\/hamma-uwt.de\/sk\/produkt\/kompaktna-konzola-plus-pre-starostlivost\/","title":{"rendered":"Kompaktn\u00e1 konzola plus pre starostlivos\u0165"},"content":{"rendered":"<p>Konzola Biobalance sp\u00e1ja zariadenia a v\u00fdhody syst\u00e9mov MIKRO, RAPID a RUBI. V\u010faka funk\u010dn\u00e9mu dizajnu mo\u017eno o\u0161etrovaciu jednotku r\u00fdchlo a jednoducho pripoji\u0165 k pr\u00edstroju. Adapt\u00e9rov\u00e9 dosky e\u0161te viac u\u013eah\u010duj\u00fa in\u0161tal\u00e1ciu.  <\/p>\n","protected":false},"excerpt":{"rendered":"<p>vr\u00e1tane. RAPID 2.1, RUBI a MIKRO 300<\/p>\n","protected":false},"featured_media":7043,"comment_status":"closed","ping_status":"closed","template":"","meta":{"_acf_changed":false},"product_brand":[],"product_cat":[1175],"product_tag":[],"class_list":{"0":"post-12949","1":"product","2":"type-product","3":"status-publish","4":"has-post-thumbnail","6":"product_cat-biobalance","8":"first","9":"instock","10":"shipping-taxable","11":"purchasable","12":"product-type-simple"},"acf":[],"_links":{"self":[{"href":"https:\/\/hamma-uwt.de\/sk\/wp-json\/wp\/v2\/product\/12949","targetHints":{"allow":["GET"]}}],"collection":[{"href":"https:\/\/hamma-uwt.de\/sk\/wp-json\/wp\/v2\/product"}],"about":[{"href":"https:\/\/hamma-uwt.de\/sk\/wp-json\/wp\/v2\/types\/product"}],"replies":[{"embeddable":true,"href":"https:\/\/hamma-uwt.de\/sk\/wp-json\/wp\/v2\/comments?post=12949"}],"wp:featuredmedia":[{"embeddable":true,"href":"https:\/\/hamma-uwt.de\/sk\/wp-json\/wp\/v2\/media\/7043"}],"wp:attachment":[{"href":"https:\/\/hamma-uwt.de\/sk\/wp-json\/wp\/v2\/media?parent=12949"}],"wp:term":[{"taxonomy":"product_brand","embeddable":true,"href":"https:\/\/hamma-uwt.de\/sk\/wp-json\/wp\/v2\/product_brand?post=12949"},{"taxonomy":"product_cat","embeddable":true,"href":"https:\/\/hamma-uwt.de\/sk\/wp-json\/wp\/v2\/product_cat?post=12949"},{"taxonomy":"product_tag","embeddable":true,"href":"https:\/\/hamma-uwt.de\/sk\/wp-json\/wp\/v2\/product_tag?post=12949"}],"curies":[{"name":"wp","href":"https:\/\/api.w.org\/{rel}","templated":true}]}}