{"id":12953,"date":"2025-08-13T18:40:24","date_gmt":"2025-08-13T16:40:24","guid":{"rendered":"https:\/\/hamma-uwt.de\/produkt\/vlozka-predfiltra\/"},"modified":"2025-08-13T18:40:24","modified_gmt":"2025-08-13T16:40:24","slug":"vlozka-predfiltra","status":"publish","type":"product","link":"https:\/\/hamma-uwt.de\/sk\/produkt\/vlozka-predfiltra\/","title":{"rendered":"Vlo\u017eka predfiltra"},"content":{"rendered":"","protected":false},"excerpt":{"rendered":"<p>um\u00fdvate\u013en\u00fd, 350 \u00b5m<\/p>\n","protected":false},"featured_media":3845,"comment_status":"closed","ping_status":"closed","template":"","meta":{"_acf_changed":false},"product_brand":[],"product_cat":[1440],"product_tag":[],"class_list":{"0":"post-12953","1":"product","2":"type-product","3":"status-publish","4":"has-post-thumbnail","6":"product_cat-nahradne-diely-clean-tower","8":"first","9":"instock","10":"shipping-taxable","11":"purchasable","12":"product-type-simple"},"acf":[],"_links":{"self":[{"href":"https:\/\/hamma-uwt.de\/sk\/wp-json\/wp\/v2\/product\/12953","targetHints":{"allow":["GET"]}}],"collection":[{"href":"https:\/\/hamma-uwt.de\/sk\/wp-json\/wp\/v2\/product"}],"about":[{"href":"https:\/\/hamma-uwt.de\/sk\/wp-json\/wp\/v2\/types\/product"}],"replies":[{"embeddable":true,"href":"https:\/\/hamma-uwt.de\/sk\/wp-json\/wp\/v2\/comments?post=12953"}],"wp:featuredmedia":[{"embeddable":true,"href":"https:\/\/hamma-uwt.de\/sk\/wp-json\/wp\/v2\/media\/3845"}],"wp:attachment":[{"href":"https:\/\/hamma-uwt.de\/sk\/wp-json\/wp\/v2\/media?parent=12953"}],"wp:term":[{"taxonomy":"product_brand","embeddable":true,"href":"https:\/\/hamma-uwt.de\/sk\/wp-json\/wp\/v2\/product_brand?post=12953"},{"taxonomy":"product_cat","embeddable":true,"href":"https:\/\/hamma-uwt.de\/sk\/wp-json\/wp\/v2\/product_cat?post=12953"},{"taxonomy":"product_tag","embeddable":true,"href":"https:\/\/hamma-uwt.de\/sk\/wp-json\/wp\/v2\/product_tag?post=12953"}],"curies":[{"name":"wp","href":"https:\/\/api.w.org\/{rel}","templated":true}]}}