{"id":13440,"date":"2025-12-18T12:02:17","date_gmt":"2025-12-18T11:02:17","guid":{"rendered":"https:\/\/hamma-uwt.de\/produkt\/rapid-1-1-konfigurator\/"},"modified":"2025-12-18T12:02:17","modified_gmt":"2025-12-18T11:02:17","slug":"rapid-1-1-konfigurator","status":"publish","type":"product","link":"https:\/\/hamma-uwt.de\/sk\/produkt\/rapid-1-1-konfigurator\/","title":{"rendered":"RAPID 1.1 - Konfigur\u00e1tor"},"content":{"rendered":"<p>Tu m\u00f4\u017eete nakonfigurova\u0165 z\u00e1kladn\u00e9 komponenty syst\u00e9mu RAPID 1.1 pre v\u00e1\u0161 dotaz.<\/p>\n","protected":false},"excerpt":{"rendered":"<p>Prisp\u00f4sobte si svoj RAPID 1.1 - dokonale prisp\u00f4soben\u00fd va\u0161im prev\u00e1dzkov\u00fdm podmienkam<\/p>\n","protected":false},"featured_media":4339,"comment_status":"closed","ping_status":"closed","template":"","meta":{"_acf_changed":false},"product_brand":[],"product_cat":[1088],"product_tag":[],"class_list":{"0":"post-13440","1":"product","2":"type-product","3":"status-publish","4":"has-post-thumbnail","6":"product_cat-rapid-1-1","8":"first","9":"instock","10":"shipping-taxable","11":"product-type-grouped"},"acf":[],"_links":{"self":[{"href":"https:\/\/hamma-uwt.de\/sk\/wp-json\/wp\/v2\/product\/13440","targetHints":{"allow":["GET"]}}],"collection":[{"href":"https:\/\/hamma-uwt.de\/sk\/wp-json\/wp\/v2\/product"}],"about":[{"href":"https:\/\/hamma-uwt.de\/sk\/wp-json\/wp\/v2\/types\/product"}],"replies":[{"embeddable":true,"href":"https:\/\/hamma-uwt.de\/sk\/wp-json\/wp\/v2\/comments?post=13440"}],"wp:featuredmedia":[{"embeddable":true,"href":"https:\/\/hamma-uwt.de\/sk\/wp-json\/wp\/v2\/media\/4339"}],"wp:attachment":[{"href":"https:\/\/hamma-uwt.de\/sk\/wp-json\/wp\/v2\/media?parent=13440"}],"wp:term":[{"taxonomy":"product_brand","embeddable":true,"href":"https:\/\/hamma-uwt.de\/sk\/wp-json\/wp\/v2\/product_brand?post=13440"},{"taxonomy":"product_cat","embeddable":true,"href":"https:\/\/hamma-uwt.de\/sk\/wp-json\/wp\/v2\/product_cat?post=13440"},{"taxonomy":"product_tag","embeddable":true,"href":"https:\/\/hamma-uwt.de\/sk\/wp-json\/wp\/v2\/product_tag?post=13440"}],"curies":[{"name":"wp","href":"https:\/\/api.w.org\/{rel}","templated":true}]}}