{"id":13665,"date":"2026-03-03T07:53:54","date_gmt":"2026-03-03T06:53:54","guid":{"rendered":"https:\/\/hamma-uwt.de\/produkt\/specialny-stierac-pre-rapid-2-1\/"},"modified":"2026-03-03T07:53:54","modified_gmt":"2026-03-03T06:53:54","slug":"specialny-stierac-pre-rapid-2-1","status":"publish","type":"product","link":"https:\/\/hamma-uwt.de\/sk\/produkt\/specialny-stierac-pre-rapid-2-1\/","title":{"rendered":"\u0160peci\u00e1lny stiera\u010d pre RAPID 2.1"},"content":{"rendered":"<p>\u0160peci\u00e1lny stiera\u010d Rapid 2.1<\/p>\n","protected":false},"excerpt":{"rendered":"<p>\u0160peci\u00e1lny stiera\u010d Rapid 2.1<\/p>\n","protected":false},"featured_media":3491,"comment_status":"closed","ping_status":"closed","template":"","meta":{"_acf_changed":false},"product_brand":[],"product_cat":[1181],"product_tag":[],"class_list":{"0":"post-13665","1":"product","2":"type-product","3":"status-publish","4":"has-post-thumbnail","6":"product_cat-prislusenstvo-rapid-2-1","8":"first","9":"instock","10":"purchasable","11":"product-type-simple"},"acf":[],"_links":{"self":[{"href":"https:\/\/hamma-uwt.de\/sk\/wp-json\/wp\/v2\/product\/13665","targetHints":{"allow":["GET"]}}],"collection":[{"href":"https:\/\/hamma-uwt.de\/sk\/wp-json\/wp\/v2\/product"}],"about":[{"href":"https:\/\/hamma-uwt.de\/sk\/wp-json\/wp\/v2\/types\/product"}],"replies":[{"embeddable":true,"href":"https:\/\/hamma-uwt.de\/sk\/wp-json\/wp\/v2\/comments?post=13665"}],"wp:featuredmedia":[{"embeddable":true,"href":"https:\/\/hamma-uwt.de\/sk\/wp-json\/wp\/v2\/media\/3491"}],"wp:attachment":[{"href":"https:\/\/hamma-uwt.de\/sk\/wp-json\/wp\/v2\/media?parent=13665"}],"wp:term":[{"taxonomy":"product_brand","embeddable":true,"href":"https:\/\/hamma-uwt.de\/sk\/wp-json\/wp\/v2\/product_brand?post=13665"},{"taxonomy":"product_cat","embeddable":true,"href":"https:\/\/hamma-uwt.de\/sk\/wp-json\/wp\/v2\/product_cat?post=13665"},{"taxonomy":"product_tag","embeddable":true,"href":"https:\/\/hamma-uwt.de\/sk\/wp-json\/wp\/v2\/product_tag?post=13665"}],"curies":[{"name":"wp","href":"https:\/\/api.w.org\/{rel}","templated":true}]}}