{"id":13685,"date":"2025-07-14T12:06:49","date_gmt":"2025-07-14T10:06:49","guid":{"rendered":"https:\/\/hamma-uwt.de\/produkt\/hlavenovy-kluc\/"},"modified":"2025-07-14T12:06:49","modified_gmt":"2025-07-14T10:06:49","slug":"hlavenovy-kluc","status":"publish","type":"product","link":"https:\/\/hamma-uwt.de\/sk\/produkt\/hlavenovy-kluc\/","title":{"rendered":"Hlave\u0148ov\u00fd k\u013e\u00fa\u010d"},"content":{"rendered":"<p>Pomocou bubnov\u00e9ho k\u013e\u00fa\u010da m\u00f4\u017eete bubny otv\u00e1ra\u0165 a zatv\u00e1ra\u0165 v kr\u00e1tkom \u010dase. Integrovan\u00fd odstra\u0148ova\u010d tesnen\u00ed odstr\u00e1ni tesnenia bubna jednoducho a bezpe\u010dne. Ru\u010dn\u00fd k\u013e\u00fa\u010d na sudy poskytuje optim\u00e1lnu p\u00e1ku na bezpe\u010dn\u00e9<br \/>\notv\u00e1ranie 200-litrov\u00fdch oce\u013eov\u00fdch sudov. V\u010faka optimalizovanej kon\u0161trukcii z robustnej a<br \/>\ntvrdenej nehrdzavej\u00facej ocele je ve\u013emi odoln\u00fd a \u013eahko sa pou\u017e\u00edva.   <\/p>\n<p>V\u010faka dobre umiestnen\u00fdm upev\u0148ovac\u00edm otvorom sa sudov\u00fd k\u013e\u00fa\u010d \u013eahko skladuje.<\/p>\n<p>Va\u0161e v\u00fdhody<\/p>\n<ul>\n<li>Jednoduch\u00e9 otv\u00e1ranie v\u010faka optimaliz\u00e1cii<\/li>\n<li>P\u00e1kov\u00fd efekt<\/li>\n<li>Integrovan\u00fd odstra\u0148ova\u010d tesnen\u00ed<\/li>\n<li>Vysokokvalitn\u00fd dizajn z nehrdzavej\u00facej ocele<\/li>\n<li>Robustn\u00e9 a praktick\u00e9<\/li>\n<li>Kompaktn\u00fd dizajn<\/li>\n<li>Ergonomick\u00e1 rukov\u00e4\u0165<\/li>\n<\/ul>\n","protected":false},"excerpt":{"rendered":"<p>Na otv\u00e1ranie 60- a 200-litrov\u00fdch sudov<\/p>\n","protected":false},"featured_media":3850,"comment_status":"closed","ping_status":"closed","template":"","meta":{"_acf_changed":false},"product_brand":[],"product_cat":[1757,892,1758],"product_tag":[],"class_list":{"0":"post-13685","1":"product","2":"type-product","3":"status-publish","4":"has-post-thumbnail","6":"product_cat-kluc-kontajnera","7":"product_cat-prislusenstvo-misceo","8":"product_cat-silni-pomocnici","10":"first","11":"instock","12":"purchasable","13":"product-type-simple"},"acf":[],"_links":{"self":[{"href":"https:\/\/hamma-uwt.de\/sk\/wp-json\/wp\/v2\/product\/13685","targetHints":{"allow":["GET"]}}],"collection":[{"href":"https:\/\/hamma-uwt.de\/sk\/wp-json\/wp\/v2\/product"}],"about":[{"href":"https:\/\/hamma-uwt.de\/sk\/wp-json\/wp\/v2\/types\/product"}],"replies":[{"embeddable":true,"href":"https:\/\/hamma-uwt.de\/sk\/wp-json\/wp\/v2\/comments?post=13685"}],"wp:featuredmedia":[{"embeddable":true,"href":"https:\/\/hamma-uwt.de\/sk\/wp-json\/wp\/v2\/media\/3850"}],"wp:attachment":[{"href":"https:\/\/hamma-uwt.de\/sk\/wp-json\/wp\/v2\/media?parent=13685"}],"wp:term":[{"taxonomy":"product_brand","embeddable":true,"href":"https:\/\/hamma-uwt.de\/sk\/wp-json\/wp\/v2\/product_brand?post=13685"},{"taxonomy":"product_cat","embeddable":true,"href":"https:\/\/hamma-uwt.de\/sk\/wp-json\/wp\/v2\/product_cat?post=13685"},{"taxonomy":"product_tag","embeddable":true,"href":"https:\/\/hamma-uwt.de\/sk\/wp-json\/wp\/v2\/product_tag?post=13685"}],"curies":[{"name":"wp","href":"https:\/\/api.w.org\/{rel}","templated":true}]}}