{"id":13691,"date":"2025-07-14T12:06:49","date_gmt":"2025-07-14T10:06:49","guid":{"rendered":"https:\/\/hamma-uwt.de\/produkt\/suprava-e-drive-na-dodatocne-vybavenie-bubnovych-vozikov\/"},"modified":"2025-07-14T12:06:49","modified_gmt":"2025-07-14T10:06:49","slug":"suprava-e-drive-na-dodatocne-vybavenie-bubnovych-vozikov","status":"publish","type":"product","link":"https:\/\/hamma-uwt.de\/sk\/produkt\/suprava-e-drive-na-dodatocne-vybavenie-bubnovych-vozikov\/","title":{"rendered":"S\u00faprava E-Drive na dodato\u010dn\u00e9 vybavenie bubnov\u00fdch voz\u00edkov"},"content":{"rendered":"<p>S\u00faprava na dodato\u010dn\u00e9 vybavenie obsahuje v\u0161etky diely potrebn\u00e9 na moderniz\u00e1ciu bubnov\u00e9ho voz\u00edka HAMMA s pohonom E-Drive.<br \/>\nPri zad\u00e1van\u00ed dopytu uve\u010fte \u00fadaje o v\u00fdrobku bubnov\u00e9ho voz\u00edka, pozri n\u00e1lepku v\u00fdrobku.<\/p>\n","protected":false},"excerpt":{"rendered":"<p>pre bubnov\u00e9 voz\u00edky<\/p>\n","protected":false},"featured_media":873,"comment_status":"closed","ping_status":"closed","template":"","meta":{"_acf_changed":false},"product_brand":[],"product_cat":[1759],"product_tag":[],"class_list":{"0":"post-13691","1":"product","2":"type-product","3":"status-publish","4":"has-post-thumbnail","6":"product_cat-prislusenstvo-pre-voziky-na-sudy","8":"first","9":"instock","10":"purchasable","11":"product-type-simple"},"acf":[],"_links":{"self":[{"href":"https:\/\/hamma-uwt.de\/sk\/wp-json\/wp\/v2\/product\/13691","targetHints":{"allow":["GET"]}}],"collection":[{"href":"https:\/\/hamma-uwt.de\/sk\/wp-json\/wp\/v2\/product"}],"about":[{"href":"https:\/\/hamma-uwt.de\/sk\/wp-json\/wp\/v2\/types\/product"}],"replies":[{"embeddable":true,"href":"https:\/\/hamma-uwt.de\/sk\/wp-json\/wp\/v2\/comments?post=13691"}],"wp:featuredmedia":[{"embeddable":true,"href":"https:\/\/hamma-uwt.de\/sk\/wp-json\/wp\/v2\/media\/873"}],"wp:attachment":[{"href":"https:\/\/hamma-uwt.de\/sk\/wp-json\/wp\/v2\/media?parent=13691"}],"wp:term":[{"taxonomy":"product_brand","embeddable":true,"href":"https:\/\/hamma-uwt.de\/sk\/wp-json\/wp\/v2\/product_brand?post=13691"},{"taxonomy":"product_cat","embeddable":true,"href":"https:\/\/hamma-uwt.de\/sk\/wp-json\/wp\/v2\/product_cat?post=13691"},{"taxonomy":"product_tag","embeddable":true,"href":"https:\/\/hamma-uwt.de\/sk\/wp-json\/wp\/v2\/product_tag?post=13691"}],"curies":[{"name":"wp","href":"https:\/\/api.w.org\/{rel}","templated":true}]}}