{"id":13901,"date":"2025-07-14T12:06:44","date_gmt":"2025-07-14T10:06:44","guid":{"rendered":"https:\/\/hamma-uwt.de\/produkt\/analogovy-rucny-refraktometer\/"},"modified":"2025-07-14T12:06:44","modified_gmt":"2025-07-14T10:06:44","slug":"analogovy-rucny-refraktometer","status":"publish","type":"product","link":"https:\/\/hamma-uwt.de\/sk\/produkt\/analogovy-rucny-refraktometer\/","title":{"rendered":"Anal\u00f3gov\u00fd ru\u010dn\u00fd refraktometer"},"content":{"rendered":"<div class=\"n module-type-text diyfeLiveArea \">\n<p>Pomocou anal\u00f3gov\u00e9ho refraktometra m\u00f4\u017eete jednoducho a pohodlne skontrolova\u0165 koncentr\u00e1ciu chladiaceho maziva. Refraktometer m\u00e1 automatick\u00e9 vyrovn\u00e1vanie teploty, \u010do zaru\u010duje r\u00fdchle a spo\u013eahliv\u00e9 meranie. Refraktometrom m\u00f4\u017eete mera\u0165 percentu\u00e1lny rozsah 0,0 - 18,0 %.  <\/p>\n<p>Va\u0161e v\u00fdhody:<\/p>\n<ul>\n<li>S integrovan\u00fdm osvetlen\u00edm (LED)<\/li>\n<li>Jednoduch\u00e9 ovl\u00e1danie<\/li>\n<li>Automatick\u00e9 vyrovn\u00e1vanie teploty<\/li>\n<li>Optimalizovan\u00e9 \u0161k\u00e1lovanie pre meranie chladiaceho maziva (0 - 18)<\/li>\n<\/ul>\n<\/div>\n<p>&nbsp;<\/p>\n<p>\u013dahk\u00e1 kon\u0161trukcia v\u010faka novej technol\u00f3gii hranolov<\/p>\n","protected":false},"excerpt":{"rendered":"<p>0 - 18 % (pr\u00edrastok = 0,1 %)<\/p>\n","protected":false},"featured_media":2479,"comment_status":"closed","ping_status":"closed","template":"","meta":{"_acf_changed":false},"product_brand":[],"product_cat":[886],"product_tag":[],"class_list":{"0":"post-13901","1":"product","2":"type-product","3":"status-publish","4":"has-post-thumbnail","6":"product_cat-prislusenstvo-testovacieho-pripadu","8":"first","9":"instock","10":"purchasable","11":"product-type-simple"},"acf":[],"_links":{"self":[{"href":"https:\/\/hamma-uwt.de\/sk\/wp-json\/wp\/v2\/product\/13901","targetHints":{"allow":["GET"]}}],"collection":[{"href":"https:\/\/hamma-uwt.de\/sk\/wp-json\/wp\/v2\/product"}],"about":[{"href":"https:\/\/hamma-uwt.de\/sk\/wp-json\/wp\/v2\/types\/product"}],"replies":[{"embeddable":true,"href":"https:\/\/hamma-uwt.de\/sk\/wp-json\/wp\/v2\/comments?post=13901"}],"wp:featuredmedia":[{"embeddable":true,"href":"https:\/\/hamma-uwt.de\/sk\/wp-json\/wp\/v2\/media\/2479"}],"wp:attachment":[{"href":"https:\/\/hamma-uwt.de\/sk\/wp-json\/wp\/v2\/media?parent=13901"}],"wp:term":[{"taxonomy":"product_brand","embeddable":true,"href":"https:\/\/hamma-uwt.de\/sk\/wp-json\/wp\/v2\/product_brand?post=13901"},{"taxonomy":"product_cat","embeddable":true,"href":"https:\/\/hamma-uwt.de\/sk\/wp-json\/wp\/v2\/product_cat?post=13901"},{"taxonomy":"product_tag","embeddable":true,"href":"https:\/\/hamma-uwt.de\/sk\/wp-json\/wp\/v2\/product_tag?post=13901"}],"curies":[{"name":"wp","href":"https:\/\/api.w.org\/{rel}","templated":true}]}}