{"id":13932,"date":"2025-07-14T12:06:49","date_gmt":"2025-07-14T10:06:49","guid":{"rendered":"https:\/\/hamma-uwt.de\/produkt\/uzatvaraci-ventil\/"},"modified":"2025-07-14T12:06:49","modified_gmt":"2025-07-14T10:06:49","slug":"uzatvaraci-ventil","status":"publish","type":"product","link":"https:\/\/hamma-uwt.de\/sk\/produkt\/uzatvaraci-ventil\/","title":{"rendered":"Uzatv\u00e1rac\u00ed ventil"},"content":{"rendered":"<p>Uzatv\u00e1rac\u00ed ventil s uhlov\u00fdm sedlom, 2-cestn\u00fd<\/p>\n","protected":false},"excerpt":{"rendered":"<p>Nerezov\u00e1 oce\u013e, G 3\/4&#8243;<\/p>\n","protected":false},"featured_media":3416,"comment_status":"closed","ping_status":"closed","template":"","meta":{"_acf_changed":false},"product_brand":[],"product_cat":[842],"product_tag":[],"class_list":{"0":"post-13932","1":"product","2":"type-product","3":"status-publish","4":"has-post-thumbnail","6":"product_cat-prislusenstvo-fue-1","8":"first","9":"instock","10":"purchasable","11":"product-type-simple"},"acf":[],"_links":{"self":[{"href":"https:\/\/hamma-uwt.de\/sk\/wp-json\/wp\/v2\/product\/13932","targetHints":{"allow":["GET"]}}],"collection":[{"href":"https:\/\/hamma-uwt.de\/sk\/wp-json\/wp\/v2\/product"}],"about":[{"href":"https:\/\/hamma-uwt.de\/sk\/wp-json\/wp\/v2\/types\/product"}],"replies":[{"embeddable":true,"href":"https:\/\/hamma-uwt.de\/sk\/wp-json\/wp\/v2\/comments?post=13932"}],"wp:featuredmedia":[{"embeddable":true,"href":"https:\/\/hamma-uwt.de\/sk\/wp-json\/wp\/v2\/media\/3416"}],"wp:attachment":[{"href":"https:\/\/hamma-uwt.de\/sk\/wp-json\/wp\/v2\/media?parent=13932"}],"wp:term":[{"taxonomy":"product_brand","embeddable":true,"href":"https:\/\/hamma-uwt.de\/sk\/wp-json\/wp\/v2\/product_brand?post=13932"},{"taxonomy":"product_cat","embeddable":true,"href":"https:\/\/hamma-uwt.de\/sk\/wp-json\/wp\/v2\/product_cat?post=13932"},{"taxonomy":"product_tag","embeddable":true,"href":"https:\/\/hamma-uwt.de\/sk\/wp-json\/wp\/v2\/product_tag?post=13932"}],"curies":[{"name":"wp","href":"https:\/\/api.w.org\/{rel}","templated":true}]}}