{"id":13957,"date":"2025-07-14T12:06:49","date_gmt":"2025-07-14T10:06:49","guid":{"rendered":"https:\/\/hamma-uwt.de\/produkt\/drziak-pre-fue-1\/"},"modified":"2025-07-14T12:06:49","modified_gmt":"2025-07-14T10:06:49","slug":"drziak-pre-fue-1","status":"publish","type":"product","link":"https:\/\/hamma-uwt.de\/sk\/produkt\/drziak-pre-fue-1\/","title":{"rendered":"Dr\u017eiak pre F\u00dc-1"},"content":{"rendered":"","protected":false},"excerpt":{"rendered":"<p>Pr\u00edslu\u0161enstvo na monitorovanie hladiny<\/p>\n","protected":false},"featured_media":1100,"comment_status":"closed","ping_status":"closed","template":"","meta":{"_acf_changed":false},"product_brand":[],"product_cat":[842],"product_tag":[],"class_list":{"0":"post-13957","1":"product","2":"type-product","3":"status-publish","4":"has-post-thumbnail","6":"product_cat-prislusenstvo-fue-1","8":"first","9":"instock","10":"purchasable","11":"product-type-simple"},"acf":[],"_links":{"self":[{"href":"https:\/\/hamma-uwt.de\/sk\/wp-json\/wp\/v2\/product\/13957","targetHints":{"allow":["GET"]}}],"collection":[{"href":"https:\/\/hamma-uwt.de\/sk\/wp-json\/wp\/v2\/product"}],"about":[{"href":"https:\/\/hamma-uwt.de\/sk\/wp-json\/wp\/v2\/types\/product"}],"replies":[{"embeddable":true,"href":"https:\/\/hamma-uwt.de\/sk\/wp-json\/wp\/v2\/comments?post=13957"}],"wp:featuredmedia":[{"embeddable":true,"href":"https:\/\/hamma-uwt.de\/sk\/wp-json\/wp\/v2\/media\/1100"}],"wp:attachment":[{"href":"https:\/\/hamma-uwt.de\/sk\/wp-json\/wp\/v2\/media?parent=13957"}],"wp:term":[{"taxonomy":"product_brand","embeddable":true,"href":"https:\/\/hamma-uwt.de\/sk\/wp-json\/wp\/v2\/product_brand?post=13957"},{"taxonomy":"product_cat","embeddable":true,"href":"https:\/\/hamma-uwt.de\/sk\/wp-json\/wp\/v2\/product_cat?post=13957"},{"taxonomy":"product_tag","embeddable":true,"href":"https:\/\/hamma-uwt.de\/sk\/wp-json\/wp\/v2\/product_tag?post=13957"}],"curies":[{"name":"wp","href":"https:\/\/api.w.org\/{rel}","templated":true}]}}