{"id":13979,"date":"2025-08-13T18:59:58","date_gmt":"2025-08-13T16:59:58","guid":{"rendered":"https:\/\/hamma-uwt.de\/produkt\/latkova-rurka\/"},"modified":"2025-08-13T18:59:58","modified_gmt":"2025-08-13T16:59:58","slug":"latkova-rurka","status":"publish","type":"product","link":"https:\/\/hamma-uwt.de\/sk\/produkt\/latkova-rurka\/","title":{"rendered":"L\u00e1tkov\u00e1 r\u00farka"},"content":{"rendered":"","protected":false},"excerpt":{"rendered":"<p>(na meter) 16 x 4 mm, PVC, pre CT 150<\/p>\n","protected":false},"featured_media":0,"comment_status":"closed","ping_status":"closed","template":"","meta":{"_acf_changed":false},"product_brand":[],"product_cat":[893,1440],"product_tag":[],"class_list":{"0":"post-13979","1":"product","2":"type-product","3":"status-publish","5":"product_cat-hadica","6":"product_cat-nahradne-diely-clean-tower","8":"first","9":"instock","10":"shipping-taxable","11":"purchasable","12":"product-type-simple"},"acf":[],"_links":{"self":[{"href":"https:\/\/hamma-uwt.de\/sk\/wp-json\/wp\/v2\/product\/13979","targetHints":{"allow":["GET"]}}],"collection":[{"href":"https:\/\/hamma-uwt.de\/sk\/wp-json\/wp\/v2\/product"}],"about":[{"href":"https:\/\/hamma-uwt.de\/sk\/wp-json\/wp\/v2\/types\/product"}],"replies":[{"embeddable":true,"href":"https:\/\/hamma-uwt.de\/sk\/wp-json\/wp\/v2\/comments?post=13979"}],"wp:attachment":[{"href":"https:\/\/hamma-uwt.de\/sk\/wp-json\/wp\/v2\/media?parent=13979"}],"wp:term":[{"taxonomy":"product_brand","embeddable":true,"href":"https:\/\/hamma-uwt.de\/sk\/wp-json\/wp\/v2\/product_brand?post=13979"},{"taxonomy":"product_cat","embeddable":true,"href":"https:\/\/hamma-uwt.de\/sk\/wp-json\/wp\/v2\/product_cat?post=13979"},{"taxonomy":"product_tag","embeddable":true,"href":"https:\/\/hamma-uwt.de\/sk\/wp-json\/wp\/v2\/product_tag?post=13979"}],"curies":[{"name":"wp","href":"https:\/\/api.w.org\/{rel}","templated":true}]}}