{"id":14009,"date":"2025-08-15T08:33:10","date_gmt":"2025-08-15T06:33:10","guid":{"rendered":"https:\/\/hamma-uwt.de\/produkt\/testovaci-pripad\/"},"modified":"2025-08-15T08:33:10","modified_gmt":"2025-08-15T06:33:10","slug":"testovaci-pripad","status":"publish","type":"product","link":"https:\/\/hamma-uwt.de\/sk\/produkt\/testovaci-pripad\/","title":{"rendered":"TESTOVAC\u00cd PR\u00cdPAD"},"content":{"rendered":"<p>Ostatn\u00e9 verzie v\u00e1m poskytuj\u00fa e\u0161te viac mo\u017enost\u00ed na ve\u013emi jednoduch\u00e9, r\u00fdchle a presn\u00e9 vykon\u00e1vanie meran\u00ed TRGS 611 na najvy\u0161\u0161ej \u00farovni. Digit\u00e1lne m\u00f4\u017eete stanovi\u0165 aj hodnotu vodivosti a pH a s digit\u00e1lnym refraktometrom si vytvori\u0165 e\u0161te v\u00e4\u010d\u0161\u00ed komfort pri meran\u00ed. <\/p>\n<p>V\u010faka testovaciemu pr\u00edpadu ste ide\u00e1lne pripraven\u00ed na merania chladiaceho maziva. \u00dadaje o chladiacom mazive vypovedaj\u00fa ve\u013ea o kvalite a v\u00fdkone v\u00e1\u0161ho chladiaceho maziva. Pri neust\u00e1lom monitorovan\u00ed a spr\u00e1vnom zaobch\u00e1dzan\u00ed existuje obrovsk\u00fd potenci\u00e1l v\u00fdkonu a \u00faspor v\u00e1\u0161ho chladiaceho maziva. N\u00e1klady na stroje a n\u00e1stroje sa m\u00f4\u017eu v\u00fdrazne zn\u00ed\u017ei\u0165, vytvor\u00edte hygienick\u00e9 prostredie a budete presne vedie\u0165, kedy je potrebn\u00e1 v\u00fdmena.   <\/p>\n<p>Va\u0161e v\u00fdhody:<\/p>\n<ul>\n<li>Robustn\u00e9, vysokokvalitn\u00e9 a kompaktn\u00e9<\/li>\n<li>Hygienick\u00e9, jednoduch\u00e9 a efekt\u00edvne<\/li>\n<li>je v s\u00falade s TRGS 611<\/li>\n<li>Stabiln\u00e1 biologick\u00e1 rovnov\u00e1ha<\/li>\n<li>Zvy\u0161uje v\u00fdkon a \u0161etr\u00ed peniaze<\/li>\n<\/ul>\n","protected":false},"excerpt":{"rendered":"<p>Ostatn\u00e9 verzie v\u00e1m poskytuj\u00fa e\u0161te viac mo\u017enost\u00ed na ve\u013emi jednoduch\u00e9, r\u00fdchle a presn\u00e9 vykon\u00e1vanie meran\u00ed TRGS 611 na najvy\u0161\u0161ej \u00farovni. Digit\u00e1lne m\u00f4\u017eete stanovi\u0165 aj hodnotu vodivosti a pH a s digit\u00e1lnym refraktometrom si vytvori\u0165 e\u0161te v\u00e4\u010d\u0161\u00ed komfort pri meran\u00ed. V\u010faka testovaciemu pr\u00edpadu ste ide\u00e1lne pripraven\u00ed na merania chladiaceho maziva. \u00dadaje o chladiacom mazive vypovedaj\u00fa ve\u013ea [&hellip;]<\/p>\n","protected":false},"featured_media":2037,"comment_status":"closed","ping_status":"closed","template":"","meta":{"_acf_changed":false},"product_brand":[],"product_cat":[1813],"product_tag":[],"class_list":{"0":"post-14009","1":"product","2":"type-product","3":"status-publish","4":"has-post-thumbnail","6":"product_cat-testovaci-pripad","8":"first","9":"instock","10":"shipping-taxable","11":"purchasable","12":"product-type-variable","13":"has-default-attributes"},"acf":[],"_links":{"self":[{"href":"https:\/\/hamma-uwt.de\/sk\/wp-json\/wp\/v2\/product\/14009","targetHints":{"allow":["GET"]}}],"collection":[{"href":"https:\/\/hamma-uwt.de\/sk\/wp-json\/wp\/v2\/product"}],"about":[{"href":"https:\/\/hamma-uwt.de\/sk\/wp-json\/wp\/v2\/types\/product"}],"replies":[{"embeddable":true,"href":"https:\/\/hamma-uwt.de\/sk\/wp-json\/wp\/v2\/comments?post=14009"}],"wp:featuredmedia":[{"embeddable":true,"href":"https:\/\/hamma-uwt.de\/sk\/wp-json\/wp\/v2\/media\/2037"}],"wp:attachment":[{"href":"https:\/\/hamma-uwt.de\/sk\/wp-json\/wp\/v2\/media?parent=14009"}],"wp:term":[{"taxonomy":"product_brand","embeddable":true,"href":"https:\/\/hamma-uwt.de\/sk\/wp-json\/wp\/v2\/product_brand?post=14009"},{"taxonomy":"product_cat","embeddable":true,"href":"https:\/\/hamma-uwt.de\/sk\/wp-json\/wp\/v2\/product_cat?post=14009"},{"taxonomy":"product_tag","embeddable":true,"href":"https:\/\/hamma-uwt.de\/sk\/wp-json\/wp\/v2\/product_tag?post=14009"}],"curies":[{"name":"wp","href":"https:\/\/api.w.org\/{rel}","templated":true}]}}