{"id":16388,"date":"2025-07-14T12:06:39","date_gmt":"2025-07-14T10:06:39","guid":{"rendered":"https:\/\/hamma-uwt.de\/produkt\/rubi\/"},"modified":"2025-07-14T12:06:39","modified_gmt":"2025-07-14T10:06:39","slug":"rubi","status":"publish","type":"product","link":"https:\/\/hamma-uwt.de\/sk\/produkt\/rubi\/","title":{"rendered":"RUBI"},"content":{"rendered":"<p>Odkvapk\u00e1vacia miska Rubi na opotrebovan\u00fd olej je robustn\u00e1 odkvapk\u00e1vacia miska s objemom 1,8 litra.<\/p>\n<p>Integrovan\u00e1 ochrana proti prete\u010deniu zabra\u0148uje preplneniu n\u00e1doby. Ak sa n\u00e1doba Rubi nevypr\u00e1zdni, prebyto\u010dn\u00e9 mno\u017estvo sa vr\u00e1ti sp\u00e4\u0165 do zariadenia prostredn\u00edctvom funkcie dekant\u00e9ra. Vypr\u00e1zd\u0148ovanie n\u00e1doby Rubi je ve\u013emi r\u00fdchle a jednoduch\u00e9 v\u010faka jej d\u00f4myselnej kon\u0161trukcii. K stroju sa d\u00e1 pripoji\u0165 r\u00fdchlo a jednoducho - bez v\u0155tania alebo skrutiek.   <\/p>\n","protected":false},"excerpt":{"rendered":"<p>N\u00e1doba na zber odpadov\u00e9ho oleja vr\u00e1tane ochrany proti prete\u010deniu, pr\u00edslu\u0161enstvo pre v\u0161etky odlu\u010dova\u010de oleja RAPID <\/p>\n","protected":false},"featured_media":3430,"comment_status":"closed","ping_status":"closed","template":"","meta":{"_acf_changed":false},"product_brand":[],"product_cat":[2207],"product_tag":[],"class_list":{"0":"post-16388","1":"product","2":"type-product","3":"status-publish","4":"has-post-thumbnail","6":"product_cat-rychly-odpudzovac-oleja","8":"first","9":"instock","10":"purchasable","11":"product-type-simple"},"acf":[],"_links":{"self":[{"href":"https:\/\/hamma-uwt.de\/sk\/wp-json\/wp\/v2\/product\/16388","targetHints":{"allow":["GET"]}}],"collection":[{"href":"https:\/\/hamma-uwt.de\/sk\/wp-json\/wp\/v2\/product"}],"about":[{"href":"https:\/\/hamma-uwt.de\/sk\/wp-json\/wp\/v2\/types\/product"}],"replies":[{"embeddable":true,"href":"https:\/\/hamma-uwt.de\/sk\/wp-json\/wp\/v2\/comments?post=16388"}],"wp:featuredmedia":[{"embeddable":true,"href":"https:\/\/hamma-uwt.de\/sk\/wp-json\/wp\/v2\/media\/3430"}],"wp:attachment":[{"href":"https:\/\/hamma-uwt.de\/sk\/wp-json\/wp\/v2\/media?parent=16388"}],"wp:term":[{"taxonomy":"product_brand","embeddable":true,"href":"https:\/\/hamma-uwt.de\/sk\/wp-json\/wp\/v2\/product_brand?post=16388"},{"taxonomy":"product_cat","embeddable":true,"href":"https:\/\/hamma-uwt.de\/sk\/wp-json\/wp\/v2\/product_cat?post=16388"},{"taxonomy":"product_tag","embeddable":true,"href":"https:\/\/hamma-uwt.de\/sk\/wp-json\/wp\/v2\/product_tag?post=16388"}],"curies":[{"name":"wp","href":"https:\/\/api.w.org\/{rel}","templated":true}]}}