{"id":16691,"date":"2025-07-14T12:06:44","date_gmt":"2025-07-14T10:06:44","guid":{"rendered":"https:\/\/hamma-uwt.de\/produkt\/plniaca-pistol\/"},"modified":"2025-07-14T12:06:44","modified_gmt":"2025-07-14T10:06:44","slug":"plniaca-pistol","status":"publish","type":"product","link":"https:\/\/hamma-uwt.de\/sk\/produkt\/plniaca-pistol\/","title":{"rendered":"Plniaca pi\u0161to\u013e"},"content":{"rendered":"<p>Plniaca pi\u0161to\u013e pre Misceo s automatick\u00fdm vyp\u00ednan\u00edm<\/p>\n<ul>\n<li>Pripojovac\u00ed z\u00e1vit na plniacej pi\u0161toli -&gt; 3\/4 &#8222;i (vn\u00fatorn\u00fd z\u00e1vit)<\/li>\n<li>Pripojovac\u00ed z\u00e1vit na hadici -&gt; 1\/2 &#8222;i (vn\u00fatorn\u00fd z\u00e1vit)<\/li>\n<\/ul>\n<p>Predpoklad: Inteligentn\u00e9 riadenie tlaku<\/p>\n","protected":false},"excerpt":{"rendered":"<p>vr\u00e1tane. 2 m hadice, pr\u00edslu\u0161enstvo Misceo 3<\/p>\n","protected":false},"featured_media":3854,"comment_status":"closed","ping_status":"closed","template":"","meta":{"_acf_changed":false},"product_brand":[],"product_cat":[892],"product_tag":[],"class_list":{"0":"post-16691","1":"product","2":"type-product","3":"status-publish","4":"has-post-thumbnail","6":"product_cat-prislusenstvo-misceo","8":"first","9":"instock","10":"purchasable","11":"product-type-simple"},"acf":[],"_links":{"self":[{"href":"https:\/\/hamma-uwt.de\/sk\/wp-json\/wp\/v2\/product\/16691","targetHints":{"allow":["GET"]}}],"collection":[{"href":"https:\/\/hamma-uwt.de\/sk\/wp-json\/wp\/v2\/product"}],"about":[{"href":"https:\/\/hamma-uwt.de\/sk\/wp-json\/wp\/v2\/types\/product"}],"replies":[{"embeddable":true,"href":"https:\/\/hamma-uwt.de\/sk\/wp-json\/wp\/v2\/comments?post=16691"}],"wp:featuredmedia":[{"embeddable":true,"href":"https:\/\/hamma-uwt.de\/sk\/wp-json\/wp\/v2\/media\/3854"}],"wp:attachment":[{"href":"https:\/\/hamma-uwt.de\/sk\/wp-json\/wp\/v2\/media?parent=16691"}],"wp:term":[{"taxonomy":"product_brand","embeddable":true,"href":"https:\/\/hamma-uwt.de\/sk\/wp-json\/wp\/v2\/product_brand?post=16691"},{"taxonomy":"product_cat","embeddable":true,"href":"https:\/\/hamma-uwt.de\/sk\/wp-json\/wp\/v2\/product_cat?post=16691"},{"taxonomy":"product_tag","embeddable":true,"href":"https:\/\/hamma-uwt.de\/sk\/wp-json\/wp\/v2\/product_tag?post=16691"}],"curies":[{"name":"wp","href":"https:\/\/api.w.org\/{rel}","templated":true}]}}